{"id":20651,"date":"2026-05-03T21:04:31","date_gmt":"2026-05-03T19:04:31","guid":{"rendered":"https:\/\/ocardoo.com\/?post_type=product&#038;p=20651"},"modified":"2026-05-03T21:25:51","modified_gmt":"2026-05-03T19:25:51","slug":"31101","status":"publish","type":"product","link":"https:\/\/ocardoo.com\/en\/product\/31101\/","title":{"rendered":"Motivationskarte \u201eNeue Wege beginnen mit einem ersten Schritt\u201c \u2013 Mut f\u00fcr deinen Neuanfang"},"content":{"rendered":"<p>Jeder gro\u00dfe Weg beginnt mit einem kleinen Schritt.<br data-start=\"229\" data-end=\"232\" \/>Diese moderne und inspirierende Karte erinnert daran, an sich selbst zu glauben und neue Wege mit Mut zu gehen.<\/p>\n<p>motivationskarte neuanfang, karte neuer job gl\u00fcckwunsch, abschied karte kollege neuer weg, inspiration karte mut spruch, gruppenkarte unterschreiben team, karte neustart leben, aufmunterung karte freundin kollege<\/p>\n<p>&nbsp;<\/p>\n<h3 data-section-id=\"aaw88c\" data-start=\"627\" data-end=\"662\">\ud83e\udd1d Perfekt f\u00fcr die ganze Gruppe<\/h3>\n<p data-start=\"663\" data-end=\"741\">Diese Karte ist ideal, wenn ihr <strong data-start=\"695\" data-end=\"740\">als Team gemeinsam unterschreiben m\u00f6chtet<\/strong>:<\/p>\n<ul data-start=\"743\" data-end=\"979\">\n<li data-section-id=\"um7l9b\" data-start=\"743\" data-end=\"794\">Digitale Gruppengru\u00dfkarte mit pers\u00f6nlicher Note<\/li>\n<li data-section-id=\"10wb1ss\" data-start=\"795\" data-end=\"847\">Alle Kolleg:innen k\u00f6nnen ihre W\u00fcnsche hinzuf\u00fcgen<\/li>\n<li data-section-id=\"cfj1y5\" data-start=\"848\" data-end=\"897\">Einfach per Link teilen &amp; gemeinsam gestalten<\/li>\n<li data-section-id=\"82jyb7\" data-start=\"898\" data-end=\"939\">Perfekt f\u00fcr gro\u00dfe Teams &amp; Abteilungen<\/li>\n<li data-section-id=\"zzxvkd\" data-start=\"940\" data-end=\"979\">Ideal als gemeinsame Abschiedskarte<\/li>\n<\/ul>","protected":false},"excerpt":{"rendered":"<p>Jeder gro\u00dfe Weg beginnt mit einem kleinen Schritt.Diese moderne und inspirierende Karte erinnert daran, an sich selbst zu glauben und neue Wege mit Mut zu gehen. motivationskarte neuanfang, karte neuer [&hellip;]<\/p>","protected":false},"author":20,"featured_media":20251,"comment_status":"open","ping_status":"closed","template":"","meta":{"_acf_changed":false,"inline_featured_image":false,"footnotes":""},"product_cat":[85,84],"product_tag":[544,279,395,235,545,354,541,546],"class_list":["post-20651","product","type-product","status-publish","has-post-thumbnail","hentry","product_cat-abschied-verlaesst-unternehmen","product_cat-anlaesse","product_tag-abenteuer","product_tag-abschied","product_tag-abschiedskarte","product_tag-danke","product_tag-danke-fuer-alles","product_tag-kollege","product_tag-team","product_tag-team-danke","pa_variante-basic","pa_variante-premium"],"acf":[],"_links":{"self":[{"href":"https:\/\/ocardoo.com\/en\/wp-json\/wp\/v2\/product\/20651","targetHints":{"allow":["GET"]}}],"collection":[{"href":"https:\/\/ocardoo.com\/en\/wp-json\/wp\/v2\/product"}],"about":[{"href":"https:\/\/ocardoo.com\/en\/wp-json\/wp\/v2\/types\/product"}],"author":[{"embeddable":true,"href":"https:\/\/ocardoo.com\/en\/wp-json\/wp\/v2\/users\/20"}],"replies":[{"embeddable":true,"href":"https:\/\/ocardoo.com\/en\/wp-json\/wp\/v2\/comments?post=20651"}],"version-history":[{"count":2,"href":"https:\/\/ocardoo.com\/en\/wp-json\/wp\/v2\/product\/20651\/revisions"}],"predecessor-version":[{"id":20655,"href":"https:\/\/ocardoo.com\/en\/wp-json\/wp\/v2\/product\/20651\/revisions\/20655"}],"wp:featuredmedia":[{"embeddable":true,"href":"https:\/\/ocardoo.com\/en\/wp-json\/wp\/v2\/media\/20251"}],"wp:attachment":[{"href":"https:\/\/ocardoo.com\/en\/wp-json\/wp\/v2\/media?parent=20651"}],"wp:term":[{"taxonomy":"product_cat","embeddable":true,"href":"https:\/\/ocardoo.com\/en\/wp-json\/wp\/v2\/product_cat?post=20651"},{"taxonomy":"product_tag","embeddable":true,"href":"https:\/\/ocardoo.com\/en\/wp-json\/wp\/v2\/product_tag?post=20651"}],"curies":[{"name":"wp","href":"https:\/\/api.w.org\/{rel}","templated":true}]}}