{"id":20667,"date":"2026-05-03T21:13:17","date_gmt":"2026-05-03T19:13:17","guid":{"rendered":"https:\/\/ocardoo.com\/?post_type=product&#038;p=20667"},"modified":"2026-05-03T21:24:56","modified_gmt":"2026-05-03T19:24:56","slug":"31104","status":"publish","type":"product","link":"https:\/\/ocardoo.com\/en\/product\/31104\/","title":{"rendered":"Lustige Abschiedskarte \u201eNeuer Job \u2013 Neues Gl\u00fcck, f\u00fcr uns eine L\u00fccke\u201c | Digitale Teamkarte von Ocardoo"},"content":{"rendered":"<p>Ein neuer Job bringt Freude \u2013 aber im Team bleibt eine L\u00fccke.<br data-start=\"289\" data-end=\"292\" \/>Mit dieser humorvollen und gleichzeitig emotionalen Karte von <strong data-start=\"354\" data-end=\"365\">Ocardoo<\/strong> verabschiedet ihr euch genau so, wie es sein soll: pers\u00f6nlich, ehrlich und gemeinsam.<\/p>\n<h3 data-section-id=\"142simz\" data-start=\"616\" data-end=\"660\">\ud83e\udd1d Gemeinsam unterschreiben \u2013 mit Ocardoo<\/h3>\n<p data-start=\"661\" data-end=\"731\">Diese Karte wird erst richtig besonders, wenn das ganze Team mitmacht:<\/p>\n<ul data-start=\"733\" data-end=\"1032\">\n<li data-section-id=\"ti01a7\" data-start=\"733\" data-end=\"801\">\u270d\ufe0f <strong data-start=\"738\" data-end=\"799\">Alle unterschreiben auf einer gemeinsamen digitalen Karte<\/strong><\/li>\n<li data-section-id=\"6duu6j\" data-start=\"802\" data-end=\"852\">\ud83d\udd17 Einfach Link teilen &amp; Kolleg:innen einladen<\/li>\n<li data-section-id=\"1i1dxq8\" data-start=\"853\" data-end=\"895\">\ud83d\udcac Individuelle Nachrichten hinzuf\u00fcgen<\/li>\n<li data-section-id=\"1rlwohj\" data-start=\"896\" data-end=\"939\">\u2764\ufe0f Unbegrenzte Anzahl an Unterschriften<\/li>\n<li data-section-id=\"1g61fcr\" data-start=\"940\" data-end=\"985\">\ud83d\udcc5 Versand planen oder direkt verschicken<\/li>\n<li data-section-id=\"os9i92\" data-start=\"986\" data-end=\"1032\">\ud83d\udcc4 Download als PDF oder optional gedruckt<\/li>\n<\/ul>\n<p data-start=\"1034\" data-end=\"1091\">\ud83d\udc49 Perfekt als <strong data-start=\"1049\" data-end=\"1091\">digitale Gruppengru\u00dfkarte zum Abschied<\/strong><\/p>","protected":false},"excerpt":{"rendered":"<p>Ein neuer Job bringt Freude \u2013 aber im Team bleibt eine L\u00fccke.Mit dieser humorvollen und gleichzeitig emotionalen Karte von Ocardoo verabschiedet ihr euch genau so, wie es sein soll: pers\u00f6nlich, [&hellip;]<\/p>","protected":false},"author":20,"featured_media":20254,"comment_status":"open","ping_status":"closed","template":"","meta":{"_acf_changed":false,"inline_featured_image":false,"footnotes":""},"product_cat":[85,84],"product_tag":[544,279,395,235,545,354,541,546,258],"class_list":["post-20667","product","type-product","status-publish","has-post-thumbnail","hentry","product_cat-abschied-verlaesst-unternehmen","product_cat-anlaesse","product_tag-abenteuer","product_tag-abschied","product_tag-abschiedskarte","product_tag-danke","product_tag-danke-fuer-alles","product_tag-kollege","product_tag-team","product_tag-team-danke","product_tag-viel-glueck","pa_variante-basic","pa_variante-premium"],"acf":[],"_links":{"self":[{"href":"https:\/\/ocardoo.com\/en\/wp-json\/wp\/v2\/product\/20667","targetHints":{"allow":["GET"]}}],"collection":[{"href":"https:\/\/ocardoo.com\/en\/wp-json\/wp\/v2\/product"}],"about":[{"href":"https:\/\/ocardoo.com\/en\/wp-json\/wp\/v2\/types\/product"}],"author":[{"embeddable":true,"href":"https:\/\/ocardoo.com\/en\/wp-json\/wp\/v2\/users\/20"}],"replies":[{"embeddable":true,"href":"https:\/\/ocardoo.com\/en\/wp-json\/wp\/v2\/comments?post=20667"}],"version-history":[{"count":2,"href":"https:\/\/ocardoo.com\/en\/wp-json\/wp\/v2\/product\/20667\/revisions"}],"predecessor-version":[{"id":20671,"href":"https:\/\/ocardoo.com\/en\/wp-json\/wp\/v2\/product\/20667\/revisions\/20671"}],"wp:featuredmedia":[{"embeddable":true,"href":"https:\/\/ocardoo.com\/en\/wp-json\/wp\/v2\/media\/20254"}],"wp:attachment":[{"href":"https:\/\/ocardoo.com\/en\/wp-json\/wp\/v2\/media?parent=20667"}],"wp:term":[{"taxonomy":"product_cat","embeddable":true,"href":"https:\/\/ocardoo.com\/en\/wp-json\/wp\/v2\/product_cat?post=20667"},{"taxonomy":"product_tag","embeddable":true,"href":"https:\/\/ocardoo.com\/en\/wp-json\/wp\/v2\/product_tag?post=20667"}],"curies":[{"name":"wp","href":"https:\/\/api.w.org\/{rel}","templated":true}]}}