{"id":20688,"date":"2026-05-03T21:21:39","date_gmt":"2026-05-03T19:21:39","guid":{"rendered":"https:\/\/ocardoo.com\/?post_type=product&#038;p=20688"},"modified":"2026-05-03T21:23:28","modified_gmt":"2026-05-03T19:23:28","slug":"31108","status":"publish","type":"product","link":"https:\/\/ocardoo.com\/en\/product\/31108\/","title":{"rendered":"Abschiedskarte Kollege lustig \u2013 \u201eWir verlieren\u2026\u201c | Digitale Gruppengru\u00dfkarte f\u00fcr Team &#038; B\u00fcro"},"content":{"rendered":"<h2 data-section-id=\"1t1awsy\" data-start=\"137\" data-end=\"232\">Abschiedskarte Kollege lustig \u2013 \u201eWir verlieren\u2026\u201c | Digitale Gruppengru\u00dfkarte f\u00fcr Team &amp; B\u00fcro<\/h2>\n<p data-start=\"234\" data-end=\"441\">Mit einem Augenzwinkern Abschied nehmen \u2013 und trotzdem zeigen, wie viel jemand bedeutet hat.<br data-start=\"326\" data-end=\"329\" \/>Diese Karte kombiniert Humor mit echter Wertsch\u00e4tzung und ist perfekt f\u00fcr Kollegen, die eine L\u00fccke hinterlassen.<\/p>\n<p data-start=\"234\" data-end=\"441\">\n<h3 data-section-id=\"kq4atp\" data-start=\"448\" data-end=\"470\">\ud83d\udcac Die Botschaft<\/h3>\n<p data-start=\"471\" data-end=\"635\">\u201eWir verlieren\u2026\u201c \u2013 und die Liste sagt alles.<br data-start=\"515\" data-end=\"518\" \/>Ob Kaffeepartner, Probleml\u00f6ser oder Freund: Diese Karte bringt auf charmante Weise auf den Punkt, was wirklich fehlt.<\/p>\n<p data-start=\"471\" data-end=\"635\">\n<h3 data-section-id=\"7le0i2\" data-start=\"642\" data-end=\"687\">\u270d\ufe0f Gemeinsam unterschreiben mit Ocardoo<\/h3>\n<p data-start=\"688\" data-end=\"734\">Mach aus der Karte ein pers\u00f6nliches Highlight:<\/p>\n<ul data-start=\"736\" data-end=\"963\">\n<li data-section-id=\"1y2o9gn\" data-start=\"736\" data-end=\"790\"><strong data-start=\"738\" data-end=\"767\">Digitale Gruppengru\u00dfkarte<\/strong> f\u00fcr Kollegen &amp; Teams<\/li>\n<li data-section-id=\"vutr2g\" data-start=\"791\" data-end=\"853\"><strong data-start=\"793\" data-end=\"832\">Gemeinsam unterschreiben als Gruppe<\/strong> (unbegrenzt viele)<\/li>\n<li data-section-id=\"kw6wdp\" data-start=\"854\" data-end=\"916\">Link einfach teilen \u2013 jeder kann eine Nachricht hinzuf\u00fcgen<\/li>\n<li data-section-id=\"1yxeouu\" data-start=\"917\" data-end=\"963\">Ideal f\u00fcr B\u00fcro, Remote-Teams &amp; Unternehmen<\/li>\n<\/ul>\n<p data-start=\"965\" data-end=\"1003\">\ud83d\udc49 Pers\u00f6nlicher als jede Standardkarte<\/p>\n<p data-start=\"965\" data-end=\"1003\">\n<p data-start=\"965\" data-end=\"1003\">abschiedskarte kollege lustig, lustige abschiedskarte job, kollege verl\u00e4sst firma karte, gruppenkarte kollegen, digitale abschiedskarte team, ocardoo karte, abschied b\u00fcro lustig, kollegen geschenk abschied, gruppenkarte unterschreiben<\/p>","protected":false},"excerpt":{"rendered":"<p>Abschiedskarte Kollege lustig \u2013 \u201eWir verlieren\u2026\u201c | Digitale Gruppengru\u00dfkarte f\u00fcr Team &amp; B\u00fcro Mit einem Augenzwinkern Abschied nehmen \u2013 und trotzdem zeigen, wie viel jemand bedeutet hat.Diese Karte kombiniert Humor [&hellip;]<\/p>","protected":false},"author":20,"featured_media":20258,"comment_status":"open","ping_status":"closed","template":"","meta":{"_acf_changed":false,"inline_featured_image":false,"footnotes":""},"product_cat":[85,84],"product_tag":[544,279,395,235,545,354,541,546,258],"class_list":["post-20688","product","type-product","status-publish","has-post-thumbnail","hentry","product_cat-abschied-verlaesst-unternehmen","product_cat-anlaesse","product_tag-abenteuer","product_tag-abschied","product_tag-abschiedskarte","product_tag-danke","product_tag-danke-fuer-alles","product_tag-kollege","product_tag-team","product_tag-team-danke","product_tag-viel-glueck","pa_variante-basic","pa_variante-premium"],"acf":[],"_links":{"self":[{"href":"https:\/\/ocardoo.com\/en\/wp-json\/wp\/v2\/product\/20688","targetHints":{"allow":["GET"]}}],"collection":[{"href":"https:\/\/ocardoo.com\/en\/wp-json\/wp\/v2\/product"}],"about":[{"href":"https:\/\/ocardoo.com\/en\/wp-json\/wp\/v2\/types\/product"}],"author":[{"embeddable":true,"href":"https:\/\/ocardoo.com\/en\/wp-json\/wp\/v2\/users\/20"}],"replies":[{"embeddable":true,"href":"https:\/\/ocardoo.com\/en\/wp-json\/wp\/v2\/comments?post=20688"}],"version-history":[{"count":2,"href":"https:\/\/ocardoo.com\/en\/wp-json\/wp\/v2\/product\/20688\/revisions"}],"predecessor-version":[{"id":20693,"href":"https:\/\/ocardoo.com\/en\/wp-json\/wp\/v2\/product\/20688\/revisions\/20693"}],"wp:featuredmedia":[{"embeddable":true,"href":"https:\/\/ocardoo.com\/en\/wp-json\/wp\/v2\/media\/20258"}],"wp:attachment":[{"href":"https:\/\/ocardoo.com\/en\/wp-json\/wp\/v2\/media?parent=20688"}],"wp:term":[{"taxonomy":"product_cat","embeddable":true,"href":"https:\/\/ocardoo.com\/en\/wp-json\/wp\/v2\/product_cat?post=20688"},{"taxonomy":"product_tag","embeddable":true,"href":"https:\/\/ocardoo.com\/en\/wp-json\/wp\/v2\/product_tag?post=20688"}],"curies":[{"name":"wp","href":"https:\/\/api.w.org\/{rel}","templated":true}]}}