{"id":20715,"date":"2026-05-03T21:32:47","date_gmt":"2026-05-03T19:32:47","guid":{"rendered":"https:\/\/ocardoo.com\/?post_type=product&#038;p=20715"},"modified":"2026-05-03T21:34:20","modified_gmt":"2026-05-03T19:34:20","slug":"31113","status":"publish","type":"product","link":"https:\/\/ocardoo.com\/en\/product\/31113\/","title":{"rendered":"Abschiedskarte Kollege \u2013 \u201eWir lassen dich nur ungern gehen\u201c | Lustige Gruppengru\u00dfkarte Jobwechsel"},"content":{"rendered":"<p>Moderne Abschiedskarte f\u00fcr Kollegen mit humorvollem Spruch rund um Jobwechsel und Neubeginn. Perfekt als digitale Gruppengru\u00dfkarte von Ocardoo, um gemeinsam Danke zu sagen, Erinnerungen zu teilen und viel Erfolg f\u00fcr neue Abenteuer zu w\u00fcnschen. Ideal f\u00fcr B\u00fcro, Teamabschied oder Kollegenwechsel.<\/p>","protected":false},"excerpt":{"rendered":"<p>Moderne Abschiedskarte f\u00fcr Kollegen mit humorvollem Spruch rund um Jobwechsel und Neubeginn. Perfekt als digitale Gruppengru\u00dfkarte von Ocardoo, um gemeinsam Danke zu sagen, Erinnerungen zu teilen und viel Erfolg f\u00fcr [&hellip;]<\/p>","protected":false},"author":20,"featured_media":20263,"comment_status":"open","ping_status":"closed","template":"","meta":{"_acf_changed":false,"inline_featured_image":false,"footnotes":""},"product_cat":[85,84],"product_tag":[544,279,395,235,545,542,547,354,540,543,541,546],"class_list":["post-20715","product","type-product","status-publish","has-post-thumbnail","hentry","product_cat-abschied-verlaesst-unternehmen","product_cat-anlaesse","product_tag-abenteuer","product_tag-abschied","product_tag-abschiedskarte","product_tag-danke","product_tag-danke-fuer-alles","product_tag-jobwechsel","product_tag-kaffee","product_tag-kollege","product_tag-kuendigung","product_tag-neustart","product_tag-team","product_tag-team-danke","pa_variante-basic","pa_variante-premium"],"acf":[],"_links":{"self":[{"href":"https:\/\/ocardoo.com\/en\/wp-json\/wp\/v2\/product\/20715","targetHints":{"allow":["GET"]}}],"collection":[{"href":"https:\/\/ocardoo.com\/en\/wp-json\/wp\/v2\/product"}],"about":[{"href":"https:\/\/ocardoo.com\/en\/wp-json\/wp\/v2\/types\/product"}],"author":[{"embeddable":true,"href":"https:\/\/ocardoo.com\/en\/wp-json\/wp\/v2\/users\/20"}],"replies":[{"embeddable":true,"href":"https:\/\/ocardoo.com\/en\/wp-json\/wp\/v2\/comments?post=20715"}],"version-history":[{"count":3,"href":"https:\/\/ocardoo.com\/en\/wp-json\/wp\/v2\/product\/20715\/revisions"}],"predecessor-version":[{"id":20720,"href":"https:\/\/ocardoo.com\/en\/wp-json\/wp\/v2\/product\/20715\/revisions\/20720"}],"wp:featuredmedia":[{"embeddable":true,"href":"https:\/\/ocardoo.com\/en\/wp-json\/wp\/v2\/media\/20263"}],"wp:attachment":[{"href":"https:\/\/ocardoo.com\/en\/wp-json\/wp\/v2\/media?parent=20715"}],"wp:term":[{"taxonomy":"product_cat","embeddable":true,"href":"https:\/\/ocardoo.com\/en\/wp-json\/wp\/v2\/product_cat?post=20715"},{"taxonomy":"product_tag","embeddable":true,"href":"https:\/\/ocardoo.com\/en\/wp-json\/wp\/v2\/product_tag?post=20715"}],"curies":[{"name":"wp","href":"https:\/\/api.w.org\/{rel}","templated":true}]}}