{"id":20732,"date":"2026-05-03T21:37:45","date_gmt":"2026-05-03T19:37:45","guid":{"rendered":"https:\/\/ocardoo.com\/?post_type=product&#038;p=20732"},"modified":"2026-05-03T21:39:00","modified_gmt":"2026-05-03T19:39:00","slug":"31116","status":"publish","type":"product","link":"https:\/\/ocardoo.com\/en\/product\/31116\/","title":{"rendered":"Abschiedskarte Kollege lustig \u2013 \u201eWir lassen dich nur ungern gehen\u201c | Digitale Gruppengru\u00dfkarte Jobwechsel"},"content":{"rendered":"<p>Humorvolle Abschiedskarte f\u00fcr Kollegen mit witzigem Kaffeespruch und starken Farben. Perfekt als digitale Gruppengru\u00dfkarte von Ocardoo, um gemeinsam Danke zu sagen und viel Erfolg f\u00fcr neue Abenteuer zu w\u00fcnschen. Ideal f\u00fcr B\u00fcro, Teamabschied und Kollegenwechsel.<\/p>","protected":false},"excerpt":{"rendered":"<p>Humorvolle Abschiedskarte f\u00fcr Kollegen mit witzigem Kaffeespruch und starken Farben. Perfekt als digitale Gruppengru\u00dfkarte von Ocardoo, um gemeinsam Danke zu sagen und viel Erfolg f\u00fcr neue Abenteuer zu w\u00fcnschen. Ideal [&hellip;]<\/p>","protected":false},"author":20,"featured_media":20266,"comment_status":"open","ping_status":"closed","template":"","meta":{"_acf_changed":false,"inline_featured_image":false,"footnotes":""},"product_cat":[85,84],"product_tag":[544,279,395,235,545,542,547,354,540,543,541,546],"class_list":["post-20732","product","type-product","status-publish","has-post-thumbnail","hentry","product_cat-abschied-verlaesst-unternehmen","product_cat-anlaesse","product_tag-abenteuer","product_tag-abschied","product_tag-abschiedskarte","product_tag-danke","product_tag-danke-fuer-alles","product_tag-jobwechsel","product_tag-kaffee","product_tag-kollege","product_tag-kuendigung","product_tag-neustart","product_tag-team","product_tag-team-danke","pa_variante-basic","pa_variante-premium"],"acf":[],"_links":{"self":[{"href":"https:\/\/ocardoo.com\/en\/wp-json\/wp\/v2\/product\/20732","targetHints":{"allow":["GET"]}}],"collection":[{"href":"https:\/\/ocardoo.com\/en\/wp-json\/wp\/v2\/product"}],"about":[{"href":"https:\/\/ocardoo.com\/en\/wp-json\/wp\/v2\/types\/product"}],"author":[{"embeddable":true,"href":"https:\/\/ocardoo.com\/en\/wp-json\/wp\/v2\/users\/20"}],"replies":[{"embeddable":true,"href":"https:\/\/ocardoo.com\/en\/wp-json\/wp\/v2\/comments?post=20732"}],"version-history":[{"count":2,"href":"https:\/\/ocardoo.com\/en\/wp-json\/wp\/v2\/product\/20732\/revisions"}],"predecessor-version":[{"id":20736,"href":"https:\/\/ocardoo.com\/en\/wp-json\/wp\/v2\/product\/20732\/revisions\/20736"}],"wp:featuredmedia":[{"embeddable":true,"href":"https:\/\/ocardoo.com\/en\/wp-json\/wp\/v2\/media\/20266"}],"wp:attachment":[{"href":"https:\/\/ocardoo.com\/en\/wp-json\/wp\/v2\/media?parent=20732"}],"wp:term":[{"taxonomy":"product_cat","embeddable":true,"href":"https:\/\/ocardoo.com\/en\/wp-json\/wp\/v2\/product_cat?post=20732"},{"taxonomy":"product_tag","embeddable":true,"href":"https:\/\/ocardoo.com\/en\/wp-json\/wp\/v2\/product_tag?post=20732"}],"curies":[{"name":"wp","href":"https:\/\/api.w.org\/{rel}","templated":true}]}}