{"id":20743,"date":"2026-05-03T21:40:56","date_gmt":"2026-05-03T19:40:56","guid":{"rendered":"https:\/\/ocardoo.com\/?post_type=product&#038;p=20743"},"modified":"2026-05-03T21:54:06","modified_gmt":"2026-05-03T19:54:06","slug":"31118","status":"publish","type":"product","link":"https:\/\/ocardoo.com\/en\/product\/31118\/","title":{"rendered":"Abschiedskarte \u201eAuf Wiedersehen\u201c \u2013 Alles Gute f\u00fcr deinen neuen Lebensabschnitt | Digitale Gruppengru\u00dfkarte"},"content":{"rendered":"<p>Stilvolle Abschiedskarte mit emotionalem Spruch f\u00fcr einen neuen Lebensabschnitt. Perfekt als digitale Gruppengru\u00dfkarte von Ocardoo, um gemeinsam Abschied zu nehmen und alles Gute f\u00fcr die Zukunft zu w\u00fcnschen. Ideal f\u00fcr Jobwechsel, Ruhestand oder Neuanfang.<\/p>","protected":false},"excerpt":{"rendered":"<p>Stilvolle Abschiedskarte mit emotionalem Spruch f\u00fcr einen neuen Lebensabschnitt. Perfekt als digitale Gruppengru\u00dfkarte von Ocardoo, um gemeinsam Abschied zu nehmen und alles Gute f\u00fcr die Zukunft zu w\u00fcnschen. Ideal f\u00fcr [&hellip;]<\/p>","protected":false},"author":20,"featured_media":20268,"comment_status":"open","ping_status":"closed","template":"","meta":{"_acf_changed":false,"inline_featured_image":false,"footnotes":""},"product_cat":[85,84],"product_tag":[544,279,395,235,545,542,354,540,543,541,546],"class_list":["post-20743","product","type-product","status-publish","has-post-thumbnail","hentry","product_cat-abschied-verlaesst-unternehmen","product_cat-anlaesse","product_tag-abenteuer","product_tag-abschied","product_tag-abschiedskarte","product_tag-danke","product_tag-danke-fuer-alles","product_tag-jobwechsel","product_tag-kollege","product_tag-kuendigung","product_tag-neustart","product_tag-team","product_tag-team-danke","pa_variante-basic","pa_variante-premium"],"acf":[],"_links":{"self":[{"href":"https:\/\/ocardoo.com\/en\/wp-json\/wp\/v2\/product\/20743","targetHints":{"allow":["GET"]}}],"collection":[{"href":"https:\/\/ocardoo.com\/en\/wp-json\/wp\/v2\/product"}],"about":[{"href":"https:\/\/ocardoo.com\/en\/wp-json\/wp\/v2\/types\/product"}],"author":[{"embeddable":true,"href":"https:\/\/ocardoo.com\/en\/wp-json\/wp\/v2\/users\/20"}],"replies":[{"embeddable":true,"href":"https:\/\/ocardoo.com\/en\/wp-json\/wp\/v2\/comments?post=20743"}],"version-history":[{"count":2,"href":"https:\/\/ocardoo.com\/en\/wp-json\/wp\/v2\/product\/20743\/revisions"}],"predecessor-version":[{"id":20747,"href":"https:\/\/ocardoo.com\/en\/wp-json\/wp\/v2\/product\/20743\/revisions\/20747"}],"wp:featuredmedia":[{"embeddable":true,"href":"https:\/\/ocardoo.com\/en\/wp-json\/wp\/v2\/media\/20268"}],"wp:attachment":[{"href":"https:\/\/ocardoo.com\/en\/wp-json\/wp\/v2\/media?parent=20743"}],"wp:term":[{"taxonomy":"product_cat","embeddable":true,"href":"https:\/\/ocardoo.com\/en\/wp-json\/wp\/v2\/product_cat?post=20743"},{"taxonomy":"product_tag","embeddable":true,"href":"https:\/\/ocardoo.com\/en\/wp-json\/wp\/v2\/product_tag?post=20743"}],"curies":[{"name":"wp","href":"https:\/\/api.w.org\/{rel}","templated":true}]}}