{"id":20749,"date":"2026-05-03T21:42:27","date_gmt":"2026-05-03T19:42:27","guid":{"rendered":"https:\/\/ocardoo.com\/?post_type=product&#038;p=20749"},"modified":"2026-05-03T21:54:12","modified_gmt":"2026-05-03T19:54:12","slug":"31119","status":"publish","type":"product","link":"https:\/\/ocardoo.com\/en\/product\/31119\/","title":{"rendered":"Abschiedskarte \u201eAuf Wiedersehen\u201c \u2013 Alles Gute f\u00fcr deinen neuen Lebensabschnitt | Digitale Gruppengru\u00dfkarte"},"content":{"rendered":"<p>Moderne Abschiedskarte mit sanften Farben und emotionalem Spruch f\u00fcr einen neuen Lebensabschnitt. Perfekt als digitale Gruppengru\u00dfkarte von Ocardoo, um gemeinsam Abschied zu nehmen und alles Gute f\u00fcr die Zukunft zu w\u00fcnschen. Ideal f\u00fcr Jobwechsel, Ruhestand oder Neuanfang.<\/p>","protected":false},"excerpt":{"rendered":"<p>Moderne Abschiedskarte mit sanften Farben und emotionalem Spruch f\u00fcr einen neuen Lebensabschnitt. Perfekt als digitale Gruppengru\u00dfkarte von Ocardoo, um gemeinsam Abschied zu nehmen und alles Gute f\u00fcr die Zukunft zu [&hellip;]<\/p>","protected":false},"author":20,"featured_media":20269,"comment_status":"open","ping_status":"closed","template":"","meta":{"_acf_changed":false,"inline_featured_image":false,"footnotes":""},"product_cat":[85,84],"product_tag":[544,279,395,235,545,542,354,540,543,541,546],"class_list":["post-20749","product","type-product","status-publish","has-post-thumbnail","hentry","product_cat-abschied-verlaesst-unternehmen","product_cat-anlaesse","product_tag-abenteuer","product_tag-abschied","product_tag-abschiedskarte","product_tag-danke","product_tag-danke-fuer-alles","product_tag-jobwechsel","product_tag-kollege","product_tag-kuendigung","product_tag-neustart","product_tag-team","product_tag-team-danke","pa_variante-basic","pa_variante-premium"],"acf":[],"_links":{"self":[{"href":"https:\/\/ocardoo.com\/en\/wp-json\/wp\/v2\/product\/20749","targetHints":{"allow":["GET"]}}],"collection":[{"href":"https:\/\/ocardoo.com\/en\/wp-json\/wp\/v2\/product"}],"about":[{"href":"https:\/\/ocardoo.com\/en\/wp-json\/wp\/v2\/types\/product"}],"author":[{"embeddable":true,"href":"https:\/\/ocardoo.com\/en\/wp-json\/wp\/v2\/users\/20"}],"replies":[{"embeddable":true,"href":"https:\/\/ocardoo.com\/en\/wp-json\/wp\/v2\/comments?post=20749"}],"version-history":[{"count":2,"href":"https:\/\/ocardoo.com\/en\/wp-json\/wp\/v2\/product\/20749\/revisions"}],"predecessor-version":[{"id":20753,"href":"https:\/\/ocardoo.com\/en\/wp-json\/wp\/v2\/product\/20749\/revisions\/20753"}],"wp:featuredmedia":[{"embeddable":true,"href":"https:\/\/ocardoo.com\/en\/wp-json\/wp\/v2\/media\/20269"}],"wp:attachment":[{"href":"https:\/\/ocardoo.com\/en\/wp-json\/wp\/v2\/media?parent=20749"}],"wp:term":[{"taxonomy":"product_cat","embeddable":true,"href":"https:\/\/ocardoo.com\/en\/wp-json\/wp\/v2\/product_cat?post=20749"},{"taxonomy":"product_tag","embeddable":true,"href":"https:\/\/ocardoo.com\/en\/wp-json\/wp\/v2\/product_tag?post=20749"}],"curies":[{"name":"wp","href":"https:\/\/api.w.org\/{rel}","templated":true}]}}