{"id":20754,"date":"2026-05-03T21:44:13","date_gmt":"2026-05-03T19:44:13","guid":{"rendered":"https:\/\/ocardoo.com\/?post_type=product&#038;p=20754"},"modified":"2026-05-03T21:54:16","modified_gmt":"2026-05-03T19:54:16","slug":"31120","status":"publish","type":"product","link":"https:\/\/ocardoo.com\/en\/product\/31120\/","title":{"rendered":"Abschiedskarte \u201eNeue Wege, neue Chancen, neue M\u00f6glichkeiten\u201c | Digitale Gruppengru\u00dfkarte Jobwechsel"},"content":{"rendered":"<p>Inspirierende Abschiedskarte mit motivierendem Spruch f\u00fcr neue Wege und Chancen. Perfekt als digitale Gruppengru\u00dfkarte von Ocardoo, um gemeinsam Mut zu machen und alles Gute f\u00fcr den Neustart zu w\u00fcnschen. Ideal f\u00fcr Jobwechsel, Karrierewechsel und Neuanfang.<\/p>","protected":false},"excerpt":{"rendered":"<p>Inspirierende Abschiedskarte mit motivierendem Spruch f\u00fcr neue Wege und Chancen. Perfekt als digitale Gruppengru\u00dfkarte von Ocardoo, um gemeinsam Mut zu machen und alles Gute f\u00fcr den Neustart zu w\u00fcnschen. Ideal [&hellip;]<\/p>","protected":false},"author":20,"featured_media":20270,"comment_status":"open","ping_status":"closed","template":"","meta":{"_acf_changed":false,"inline_featured_image":false,"footnotes":""},"product_cat":[85,84],"product_tag":[544,279,395,235,545,542,354,540,543,541,546],"class_list":["post-20754","product","type-product","status-publish","has-post-thumbnail","hentry","product_cat-abschied-verlaesst-unternehmen","product_cat-anlaesse","product_tag-abenteuer","product_tag-abschied","product_tag-abschiedskarte","product_tag-danke","product_tag-danke-fuer-alles","product_tag-jobwechsel","product_tag-kollege","product_tag-kuendigung","product_tag-neustart","product_tag-team","product_tag-team-danke","pa_variante-basic","pa_variante-premium"],"acf":[],"_links":{"self":[{"href":"https:\/\/ocardoo.com\/en\/wp-json\/wp\/v2\/product\/20754","targetHints":{"allow":["GET"]}}],"collection":[{"href":"https:\/\/ocardoo.com\/en\/wp-json\/wp\/v2\/product"}],"about":[{"href":"https:\/\/ocardoo.com\/en\/wp-json\/wp\/v2\/types\/product"}],"author":[{"embeddable":true,"href":"https:\/\/ocardoo.com\/en\/wp-json\/wp\/v2\/users\/20"}],"replies":[{"embeddable":true,"href":"https:\/\/ocardoo.com\/en\/wp-json\/wp\/v2\/comments?post=20754"}],"version-history":[{"count":2,"href":"https:\/\/ocardoo.com\/en\/wp-json\/wp\/v2\/product\/20754\/revisions"}],"predecessor-version":[{"id":20758,"href":"https:\/\/ocardoo.com\/en\/wp-json\/wp\/v2\/product\/20754\/revisions\/20758"}],"wp:featuredmedia":[{"embeddable":true,"href":"https:\/\/ocardoo.com\/en\/wp-json\/wp\/v2\/media\/20270"}],"wp:attachment":[{"href":"https:\/\/ocardoo.com\/en\/wp-json\/wp\/v2\/media?parent=20754"}],"wp:term":[{"taxonomy":"product_cat","embeddable":true,"href":"https:\/\/ocardoo.com\/en\/wp-json\/wp\/v2\/product_cat?post=20754"},{"taxonomy":"product_tag","embeddable":true,"href":"https:\/\/ocardoo.com\/en\/wp-json\/wp\/v2\/product_tag?post=20754"}],"curies":[{"name":"wp","href":"https:\/\/api.w.org\/{rel}","templated":true}]}}