{"id":20759,"date":"2026-05-03T21:46:23","date_gmt":"2026-05-03T19:46:23","guid":{"rendered":"https:\/\/ocardoo.com\/?post_type=product&#038;p=20759"},"modified":"2026-05-03T21:54:22","modified_gmt":"2026-05-03T19:54:22","slug":"31121","status":"publish","type":"product","link":"https:\/\/ocardoo.com\/en\/product\/31121\/","title":{"rendered":"Motivationskarte \u201eMach weiter so\u201c \u2013 Bleib wie du bist | Digitale Gru\u00dfkarte"},"content":{"rendered":"<p>Motivierende Gru\u00dfkarte mit liebevollem Spruch \u201eMach weiter so\u201c. Perfekt als digitale Karte von Ocardoo, um Mut zu machen, Wertsch\u00e4tzung auszudr\u00fccken und jemanden auf seinem Weg zu best\u00e4rken. Ideal f\u00fcr Freunde, Kollegen und besondere Anl\u00e4sse.<\/p>","protected":false},"excerpt":{"rendered":"<p>Motivierende Gru\u00dfkarte mit liebevollem Spruch \u201eMach weiter so\u201c. Perfekt als digitale Karte von Ocardoo, um Mut zu machen, Wertsch\u00e4tzung auszudr\u00fccken und jemanden auf seinem Weg zu best\u00e4rken. Ideal f\u00fcr Freunde, [&hellip;]<\/p>","protected":false},"author":20,"featured_media":20271,"comment_status":"open","ping_status":"closed","template":"","meta":{"_acf_changed":false,"inline_featured_image":false,"footnotes":""},"product_cat":[85,84],"product_tag":[544,279,395,235,545,542,354,540,543,541,546],"class_list":["post-20759","product","type-product","status-publish","has-post-thumbnail","hentry","product_cat-abschied-verlaesst-unternehmen","product_cat-anlaesse","product_tag-abenteuer","product_tag-abschied","product_tag-abschiedskarte","product_tag-danke","product_tag-danke-fuer-alles","product_tag-jobwechsel","product_tag-kollege","product_tag-kuendigung","product_tag-neustart","product_tag-team","product_tag-team-danke","pa_variante-basic","pa_variante-premium"],"acf":[],"_links":{"self":[{"href":"https:\/\/ocardoo.com\/en\/wp-json\/wp\/v2\/product\/20759","targetHints":{"allow":["GET"]}}],"collection":[{"href":"https:\/\/ocardoo.com\/en\/wp-json\/wp\/v2\/product"}],"about":[{"href":"https:\/\/ocardoo.com\/en\/wp-json\/wp\/v2\/types\/product"}],"author":[{"embeddable":true,"href":"https:\/\/ocardoo.com\/en\/wp-json\/wp\/v2\/users\/20"}],"replies":[{"embeddable":true,"href":"https:\/\/ocardoo.com\/en\/wp-json\/wp\/v2\/comments?post=20759"}],"version-history":[{"count":2,"href":"https:\/\/ocardoo.com\/en\/wp-json\/wp\/v2\/product\/20759\/revisions"}],"predecessor-version":[{"id":20763,"href":"https:\/\/ocardoo.com\/en\/wp-json\/wp\/v2\/product\/20759\/revisions\/20763"}],"wp:featuredmedia":[{"embeddable":true,"href":"https:\/\/ocardoo.com\/en\/wp-json\/wp\/v2\/media\/20271"}],"wp:attachment":[{"href":"https:\/\/ocardoo.com\/en\/wp-json\/wp\/v2\/media?parent=20759"}],"wp:term":[{"taxonomy":"product_cat","embeddable":true,"href":"https:\/\/ocardoo.com\/en\/wp-json\/wp\/v2\/product_cat?post=20759"},{"taxonomy":"product_tag","embeddable":true,"href":"https:\/\/ocardoo.com\/en\/wp-json\/wp\/v2\/product_tag?post=20759"}],"curies":[{"name":"wp","href":"https:\/\/api.w.org\/{rel}","templated":true}]}}