{"id":20789,"date":"2026-05-03T21:55:04","date_gmt":"2026-05-03T19:55:04","guid":{"rendered":"https:\/\/ocardoo.com\/?post_type=product&#038;p=20789"},"modified":"2026-05-03T21:56:16","modified_gmt":"2026-05-03T19:56:16","slug":"31126","status":"publish","type":"product","link":"https:\/\/ocardoo.com\/en\/product\/31126\/","title":{"rendered":"Abschiedskarte \u201eDanke f\u00fcr alles\u201c \u2013 Wertsch\u00e4tzende Teamkarte zum Abschied | Digitale Gruppengru\u00dfkarte"},"content":{"rendered":"<p>Hochwertige Abschiedskarte mit \u201eDanke f\u00fcr alles\u201c \u2013 ideal als digitale Ocardoo Gruppengru\u00dfkarte f\u00fcr Kollegen. Gemeinsam unterschreiben, pers\u00f6nliche Botschaften teilen und einen unvergesslichen Abschied gestalten.<\/p>","protected":false},"excerpt":{"rendered":"<p>Hochwertige Abschiedskarte mit \u201eDanke f\u00fcr alles\u201c \u2013 ideal als digitale Ocardoo Gruppengru\u00dfkarte f\u00fcr Kollegen. Gemeinsam unterschreiben, pers\u00f6nliche Botschaften teilen und einen unvergesslichen Abschied gestalten.<\/p>","protected":false},"author":20,"featured_media":20276,"comment_status":"open","ping_status":"closed","template":"","meta":{"_acf_changed":false,"inline_featured_image":false,"footnotes":""},"product_cat":[85,84],"product_tag":[544,279,395,235,545,542,354,540,543,541,546],"class_list":["post-20789","product","type-product","status-publish","has-post-thumbnail","hentry","product_cat-abschied-verlaesst-unternehmen","product_cat-anlaesse","product_tag-abenteuer","product_tag-abschied","product_tag-abschiedskarte","product_tag-danke","product_tag-danke-fuer-alles","product_tag-jobwechsel","product_tag-kollege","product_tag-kuendigung","product_tag-neustart","product_tag-team","product_tag-team-danke","pa_variante-basic","pa_variante-premium"],"acf":[],"_links":{"self":[{"href":"https:\/\/ocardoo.com\/en\/wp-json\/wp\/v2\/product\/20789","targetHints":{"allow":["GET"]}}],"collection":[{"href":"https:\/\/ocardoo.com\/en\/wp-json\/wp\/v2\/product"}],"about":[{"href":"https:\/\/ocardoo.com\/en\/wp-json\/wp\/v2\/types\/product"}],"author":[{"embeddable":true,"href":"https:\/\/ocardoo.com\/en\/wp-json\/wp\/v2\/users\/20"}],"replies":[{"embeddable":true,"href":"https:\/\/ocardoo.com\/en\/wp-json\/wp\/v2\/comments?post=20789"}],"version-history":[{"count":2,"href":"https:\/\/ocardoo.com\/en\/wp-json\/wp\/v2\/product\/20789\/revisions"}],"predecessor-version":[{"id":20793,"href":"https:\/\/ocardoo.com\/en\/wp-json\/wp\/v2\/product\/20789\/revisions\/20793"}],"wp:featuredmedia":[{"embeddable":true,"href":"https:\/\/ocardoo.com\/en\/wp-json\/wp\/v2\/media\/20276"}],"wp:attachment":[{"href":"https:\/\/ocardoo.com\/en\/wp-json\/wp\/v2\/media?parent=20789"}],"wp:term":[{"taxonomy":"product_cat","embeddable":true,"href":"https:\/\/ocardoo.com\/en\/wp-json\/wp\/v2\/product_cat?post=20789"},{"taxonomy":"product_tag","embeddable":true,"href":"https:\/\/ocardoo.com\/en\/wp-json\/wp\/v2\/product_tag?post=20789"}],"curies":[{"name":"wp","href":"https:\/\/api.w.org\/{rel}","templated":true}]}}