{"id":20800,"date":"2026-05-03T21:57:56","date_gmt":"2026-05-03T19:57:56","guid":{"rendered":"https:\/\/ocardoo.com\/?post_type=product&#038;p=20800"},"modified":"2026-05-03T21:59:07","modified_gmt":"2026-05-03T19:59:07","slug":"31128","status":"publish","type":"product","link":"https:\/\/ocardoo.com\/en\/product\/31128\/","title":{"rendered":"Abschiedskarte \u201eK\u00fcndigung? Schade.\u201c \u2013 Humorvolle Teamkarte zum Abschied | Digitale Gruppengru\u00dfkarte"},"content":{"rendered":"<p>Humorvolle Abschiedskarte mit \u201eK\u00fcndigung? Schade.\u201c \u2013 ideal als digitale Ocardoo Gruppengru\u00dfkarte f\u00fcr Kollegen. Gemeinsam unterschreiben, pers\u00f6nliche Nachrichten hinterlassen und den Abschied mit einem Augenzwinkern gestalten.<\/p>","protected":false},"excerpt":{"rendered":"<p>Humorvolle Abschiedskarte mit \u201eK\u00fcndigung? Schade.\u201c \u2013 ideal als digitale Ocardoo Gruppengru\u00dfkarte f\u00fcr Kollegen. Gemeinsam unterschreiben, pers\u00f6nliche Nachrichten hinterlassen und den Abschied mit einem Augenzwinkern gestalten.<\/p>","protected":false},"author":20,"featured_media":20278,"comment_status":"open","ping_status":"closed","template":"","meta":{"_acf_changed":false,"inline_featured_image":false,"footnotes":""},"product_cat":[85,84],"product_tag":[544,279,395,235,545,542,354,540,543,541,546],"class_list":["post-20800","product","type-product","status-publish","has-post-thumbnail","hentry","product_cat-abschied-verlaesst-unternehmen","product_cat-anlaesse","product_tag-abenteuer","product_tag-abschied","product_tag-abschiedskarte","product_tag-danke","product_tag-danke-fuer-alles","product_tag-jobwechsel","product_tag-kollege","product_tag-kuendigung","product_tag-neustart","product_tag-team","product_tag-team-danke","pa_variante-basic","pa_variante-premium"],"acf":[],"_links":{"self":[{"href":"https:\/\/ocardoo.com\/en\/wp-json\/wp\/v2\/product\/20800","targetHints":{"allow":["GET"]}}],"collection":[{"href":"https:\/\/ocardoo.com\/en\/wp-json\/wp\/v2\/product"}],"about":[{"href":"https:\/\/ocardoo.com\/en\/wp-json\/wp\/v2\/types\/product"}],"author":[{"embeddable":true,"href":"https:\/\/ocardoo.com\/en\/wp-json\/wp\/v2\/users\/20"}],"replies":[{"embeddable":true,"href":"https:\/\/ocardoo.com\/en\/wp-json\/wp\/v2\/comments?post=20800"}],"version-history":[{"count":2,"href":"https:\/\/ocardoo.com\/en\/wp-json\/wp\/v2\/product\/20800\/revisions"}],"predecessor-version":[{"id":20804,"href":"https:\/\/ocardoo.com\/en\/wp-json\/wp\/v2\/product\/20800\/revisions\/20804"}],"wp:featuredmedia":[{"embeddable":true,"href":"https:\/\/ocardoo.com\/en\/wp-json\/wp\/v2\/media\/20278"}],"wp:attachment":[{"href":"https:\/\/ocardoo.com\/en\/wp-json\/wp\/v2\/media?parent=20800"}],"wp:term":[{"taxonomy":"product_cat","embeddable":true,"href":"https:\/\/ocardoo.com\/en\/wp-json\/wp\/v2\/product_cat?post=20800"},{"taxonomy":"product_tag","embeddable":true,"href":"https:\/\/ocardoo.com\/en\/wp-json\/wp\/v2\/product_tag?post=20800"}],"curies":[{"name":"wp","href":"https:\/\/api.w.org\/{rel}","templated":true}]}}