{"id":20811,"date":"2026-05-03T22:01:34","date_gmt":"2026-05-03T20:01:34","guid":{"rendered":"https:\/\/ocardoo.com\/?post_type=product&#038;p=20811"},"modified":"2026-05-03T22:02:59","modified_gmt":"2026-05-03T20:02:59","slug":"31130","status":"publish","type":"product","link":"https:\/\/ocardoo.com\/en\/product\/31130\/","title":{"rendered":"Abschiedskarte \u201eK\u00fcndigung akzeptiert\u2026\u201c \u2013 Humorvolle Karte zum Jobwechsel | Digitale Gruppengru\u00dfkarte"},"content":{"rendered":"<p>Humorvolle Abschiedskarte \u201eK\u00fcndigung akzeptiert\u2026 aber wir finden\u2019s richtig bl\u00f6d.\u201c \u2013 ideal als digitale Gruppengru\u00dfkarte f\u00fcr Kollegen. Perfekt zum gemeinsamen Unterschreiben, pers\u00f6nliche Botschaften teilen und einen unvergesslichen Abschied gestalten.<\/p>","protected":false},"excerpt":{"rendered":"<p>Humorvolle Abschiedskarte \u201eK\u00fcndigung akzeptiert\u2026 aber wir finden\u2019s richtig bl\u00f6d.\u201c \u2013 ideal als digitale Gruppengru\u00dfkarte f\u00fcr Kollegen. Perfekt zum gemeinsamen Unterschreiben, pers\u00f6nliche Botschaften teilen und einen unvergesslichen Abschied gestalten.<\/p>","protected":false},"author":20,"featured_media":20280,"comment_status":"open","ping_status":"closed","template":"","meta":{"_acf_changed":false,"inline_featured_image":false,"footnotes":""},"product_cat":[85,84],"product_tag":[544,279,395,235,545,542,354,540,543,541,546],"class_list":["post-20811","product","type-product","status-publish","has-post-thumbnail","hentry","product_cat-abschied-verlaesst-unternehmen","product_cat-anlaesse","product_tag-abenteuer","product_tag-abschied","product_tag-abschiedskarte","product_tag-danke","product_tag-danke-fuer-alles","product_tag-jobwechsel","product_tag-kollege","product_tag-kuendigung","product_tag-neustart","product_tag-team","product_tag-team-danke","pa_variante-basic","pa_variante-premium"],"acf":[],"_links":{"self":[{"href":"https:\/\/ocardoo.com\/en\/wp-json\/wp\/v2\/product\/20811","targetHints":{"allow":["GET"]}}],"collection":[{"href":"https:\/\/ocardoo.com\/en\/wp-json\/wp\/v2\/product"}],"about":[{"href":"https:\/\/ocardoo.com\/en\/wp-json\/wp\/v2\/types\/product"}],"author":[{"embeddable":true,"href":"https:\/\/ocardoo.com\/en\/wp-json\/wp\/v2\/users\/20"}],"replies":[{"embeddable":true,"href":"https:\/\/ocardoo.com\/en\/wp-json\/wp\/v2\/comments?post=20811"}],"version-history":[{"count":2,"href":"https:\/\/ocardoo.com\/en\/wp-json\/wp\/v2\/product\/20811\/revisions"}],"predecessor-version":[{"id":20815,"href":"https:\/\/ocardoo.com\/en\/wp-json\/wp\/v2\/product\/20811\/revisions\/20815"}],"wp:featuredmedia":[{"embeddable":true,"href":"https:\/\/ocardoo.com\/en\/wp-json\/wp\/v2\/media\/20280"}],"wp:attachment":[{"href":"https:\/\/ocardoo.com\/en\/wp-json\/wp\/v2\/media?parent=20811"}],"wp:term":[{"taxonomy":"product_cat","embeddable":true,"href":"https:\/\/ocardoo.com\/en\/wp-json\/wp\/v2\/product_cat?post=20811"},{"taxonomy":"product_tag","embeddable":true,"href":"https:\/\/ocardoo.com\/en\/wp-json\/wp\/v2\/product_tag?post=20811"}],"curies":[{"name":"wp","href":"https:\/\/api.w.org\/{rel}","templated":true}]}}