{"id":20816,"date":"2026-05-03T22:03:28","date_gmt":"2026-05-03T20:03:28","guid":{"rendered":"https:\/\/ocardoo.com\/?post_type=product&#038;p=20816"},"modified":"2026-05-03T22:04:44","modified_gmt":"2026-05-03T20:04:44","slug":"31131","status":"publish","type":"product","link":"https:\/\/ocardoo.com\/en\/product\/31131\/","title":{"rendered":"Abschiedskarte \u201eDu hinterl\u00e4sst gro\u00dfe Fu\u00dfstapfen\u201c \u2013 Wertsch\u00e4tzende Karte f\u00fcr Kollegen | Digitale Gruppengru\u00dfkarte"},"content":{"rendered":"<p>Stilvolle Abschiedskarte \u201eDu hinterl\u00e4sst gro\u00dfe Fu\u00dfstapfen\u201c \u2013 die perfekte Wertsch\u00e4tzung f\u00fcr Kollegen beim Jobwechsel. Ideal als digitale Gruppengru\u00dfkarte zum gemeinsamen Unterschreiben, mit pers\u00f6nlichen Botschaften f\u00fcr einen emotionalen Abschied.<\/p>","protected":false},"excerpt":{"rendered":"<p>Stilvolle Abschiedskarte \u201eDu hinterl\u00e4sst gro\u00dfe Fu\u00dfstapfen\u201c \u2013 die perfekte Wertsch\u00e4tzung f\u00fcr Kollegen beim Jobwechsel. Ideal als digitale Gruppengru\u00dfkarte zum gemeinsamen Unterschreiben, mit pers\u00f6nlichen Botschaften f\u00fcr einen emotionalen Abschied.<\/p>","protected":false},"author":20,"featured_media":20281,"comment_status":"open","ping_status":"closed","template":"","meta":{"_acf_changed":false,"inline_featured_image":false,"footnotes":""},"product_cat":[85,84],"product_tag":[544,279,395,235,545,542,354,540,543,541,546],"class_list":["post-20816","product","type-product","status-publish","has-post-thumbnail","hentry","product_cat-abschied-verlaesst-unternehmen","product_cat-anlaesse","product_tag-abenteuer","product_tag-abschied","product_tag-abschiedskarte","product_tag-danke","product_tag-danke-fuer-alles","product_tag-jobwechsel","product_tag-kollege","product_tag-kuendigung","product_tag-neustart","product_tag-team","product_tag-team-danke","pa_variante-basic","pa_variante-premium"],"acf":[],"_links":{"self":[{"href":"https:\/\/ocardoo.com\/en\/wp-json\/wp\/v2\/product\/20816","targetHints":{"allow":["GET"]}}],"collection":[{"href":"https:\/\/ocardoo.com\/en\/wp-json\/wp\/v2\/product"}],"about":[{"href":"https:\/\/ocardoo.com\/en\/wp-json\/wp\/v2\/types\/product"}],"author":[{"embeddable":true,"href":"https:\/\/ocardoo.com\/en\/wp-json\/wp\/v2\/users\/20"}],"replies":[{"embeddable":true,"href":"https:\/\/ocardoo.com\/en\/wp-json\/wp\/v2\/comments?post=20816"}],"version-history":[{"count":2,"href":"https:\/\/ocardoo.com\/en\/wp-json\/wp\/v2\/product\/20816\/revisions"}],"predecessor-version":[{"id":20820,"href":"https:\/\/ocardoo.com\/en\/wp-json\/wp\/v2\/product\/20816\/revisions\/20820"}],"wp:featuredmedia":[{"embeddable":true,"href":"https:\/\/ocardoo.com\/en\/wp-json\/wp\/v2\/media\/20281"}],"wp:attachment":[{"href":"https:\/\/ocardoo.com\/en\/wp-json\/wp\/v2\/media?parent=20816"}],"wp:term":[{"taxonomy":"product_cat","embeddable":true,"href":"https:\/\/ocardoo.com\/en\/wp-json\/wp\/v2\/product_cat?post=20816"},{"taxonomy":"product_tag","embeddable":true,"href":"https:\/\/ocardoo.com\/en\/wp-json\/wp\/v2\/product_tag?post=20816"}],"curies":[{"name":"wp","href":"https:\/\/api.w.org\/{rel}","templated":true}]}}