{"id":20821,"date":"2026-05-03T22:05:17","date_gmt":"2026-05-03T20:05:17","guid":{"rendered":"https:\/\/ocardoo.com\/?post_type=product&#038;p=20821"},"modified":"2026-05-03T22:06:20","modified_gmt":"2026-05-03T20:06:20","slug":"31132","status":"publish","type":"product","link":"https:\/\/ocardoo.com\/en\/product\/31132\/","title":{"rendered":"Abschiedskarte \u201eDu hinterl\u00e4sst Spuren, die bleiben\u201c \u2013 Wertsch\u00e4tzende Karte zum Abschied | Digitale Gruppengru\u00dfkarte"},"content":{"rendered":"<p>Emotionale Abschiedskarte \u201eDu hinterl\u00e4sst Spuren, die bleiben\u201c \u2013 perfekt f\u00fcr Kollegen, Mitarbeiter oder Freunde zum Abschied. Ideal als digitale Gruppengru\u00dfkarte zum gemeinsamen Unterschreiben und f\u00fcr pers\u00f6nliche, wertsch\u00e4tzende Botschaften.<\/p>","protected":false},"excerpt":{"rendered":"<p>Emotionale Abschiedskarte \u201eDu hinterl\u00e4sst Spuren, die bleiben\u201c \u2013 perfekt f\u00fcr Kollegen, Mitarbeiter oder Freunde zum Abschied. Ideal als digitale Gruppengru\u00dfkarte zum gemeinsamen Unterschreiben und f\u00fcr pers\u00f6nliche, wertsch\u00e4tzende Botschaften.<\/p>","protected":false},"author":20,"featured_media":20282,"comment_status":"open","ping_status":"closed","template":"","meta":{"_acf_changed":false,"inline_featured_image":false,"footnotes":""},"product_cat":[85,84],"product_tag":[544,279,395,235,545,542,354,540,543,541,546],"class_list":["post-20821","product","type-product","status-publish","has-post-thumbnail","hentry","product_cat-abschied-verlaesst-unternehmen","product_cat-anlaesse","product_tag-abenteuer","product_tag-abschied","product_tag-abschiedskarte","product_tag-danke","product_tag-danke-fuer-alles","product_tag-jobwechsel","product_tag-kollege","product_tag-kuendigung","product_tag-neustart","product_tag-team","product_tag-team-danke","pa_variante-basic","pa_variante-premium"],"acf":[],"_links":{"self":[{"href":"https:\/\/ocardoo.com\/en\/wp-json\/wp\/v2\/product\/20821","targetHints":{"allow":["GET"]}}],"collection":[{"href":"https:\/\/ocardoo.com\/en\/wp-json\/wp\/v2\/product"}],"about":[{"href":"https:\/\/ocardoo.com\/en\/wp-json\/wp\/v2\/types\/product"}],"author":[{"embeddable":true,"href":"https:\/\/ocardoo.com\/en\/wp-json\/wp\/v2\/users\/20"}],"replies":[{"embeddable":true,"href":"https:\/\/ocardoo.com\/en\/wp-json\/wp\/v2\/comments?post=20821"}],"version-history":[{"count":2,"href":"https:\/\/ocardoo.com\/en\/wp-json\/wp\/v2\/product\/20821\/revisions"}],"predecessor-version":[{"id":20825,"href":"https:\/\/ocardoo.com\/en\/wp-json\/wp\/v2\/product\/20821\/revisions\/20825"}],"wp:featuredmedia":[{"embeddable":true,"href":"https:\/\/ocardoo.com\/en\/wp-json\/wp\/v2\/media\/20282"}],"wp:attachment":[{"href":"https:\/\/ocardoo.com\/en\/wp-json\/wp\/v2\/media?parent=20821"}],"wp:term":[{"taxonomy":"product_cat","embeddable":true,"href":"https:\/\/ocardoo.com\/en\/wp-json\/wp\/v2\/product_cat?post=20821"},{"taxonomy":"product_tag","embeddable":true,"href":"https:\/\/ocardoo.com\/en\/wp-json\/wp\/v2\/product_tag?post=20821"}],"curies":[{"name":"wp","href":"https:\/\/api.w.org\/{rel}","templated":true}]}}