{"id":20826,"date":"2026-05-03T22:06:49","date_gmt":"2026-05-03T20:06:49","guid":{"rendered":"https:\/\/ocardoo.com\/?post_type=product&#038;p=20826"},"modified":"2026-05-03T22:07:58","modified_gmt":"2026-05-03T20:07:58","slug":"31133","status":"publish","type":"product","link":"https:\/\/ocardoo.com\/en\/product\/31133\/","title":{"rendered":"Abschiedskarte \u201eTeam ohne dich = nur halb so gut\u201c \u2013 Lustige Karte f\u00fcr Kollegen | Digitale Gruppengru\u00dfkarte"},"content":{"rendered":"<p>Humorvolle Abschiedskarte \u201eTeam ohne dich = nur halb so gut\u201c \u2013 perfekt f\u00fcr Kollegen beim Jobwechsel oder Abschied. Ideal als digitale Gruppengru\u00dfkarte zum gemeinsamen Unterschreiben und f\u00fcr pers\u00f6nliche, wertsch\u00e4tzende Abschiedsbotschaften.<\/p>","protected":false},"excerpt":{"rendered":"<p>Humorvolle Abschiedskarte \u201eTeam ohne dich = nur halb so gut\u201c \u2013 perfekt f\u00fcr Kollegen beim Jobwechsel oder Abschied. Ideal als digitale Gruppengru\u00dfkarte zum gemeinsamen Unterschreiben und f\u00fcr pers\u00f6nliche, wertsch\u00e4tzende Abschiedsbotschaften.<\/p>","protected":false},"author":20,"featured_media":20283,"comment_status":"open","ping_status":"closed","template":"","meta":{"_acf_changed":false,"inline_featured_image":false,"footnotes":""},"product_cat":[85,84],"product_tag":[544,279,395,235,545,542,354,540,543,541,546],"class_list":["post-20826","product","type-product","status-publish","has-post-thumbnail","hentry","product_cat-abschied-verlaesst-unternehmen","product_cat-anlaesse","product_tag-abenteuer","product_tag-abschied","product_tag-abschiedskarte","product_tag-danke","product_tag-danke-fuer-alles","product_tag-jobwechsel","product_tag-kollege","product_tag-kuendigung","product_tag-neustart","product_tag-team","product_tag-team-danke","pa_variante-basic","pa_variante-premium"],"acf":[],"_links":{"self":[{"href":"https:\/\/ocardoo.com\/en\/wp-json\/wp\/v2\/product\/20826","targetHints":{"allow":["GET"]}}],"collection":[{"href":"https:\/\/ocardoo.com\/en\/wp-json\/wp\/v2\/product"}],"about":[{"href":"https:\/\/ocardoo.com\/en\/wp-json\/wp\/v2\/types\/product"}],"author":[{"embeddable":true,"href":"https:\/\/ocardoo.com\/en\/wp-json\/wp\/v2\/users\/20"}],"replies":[{"embeddable":true,"href":"https:\/\/ocardoo.com\/en\/wp-json\/wp\/v2\/comments?post=20826"}],"version-history":[{"count":3,"href":"https:\/\/ocardoo.com\/en\/wp-json\/wp\/v2\/product\/20826\/revisions"}],"predecessor-version":[{"id":20831,"href":"https:\/\/ocardoo.com\/en\/wp-json\/wp\/v2\/product\/20826\/revisions\/20831"}],"wp:featuredmedia":[{"embeddable":true,"href":"https:\/\/ocardoo.com\/en\/wp-json\/wp\/v2\/media\/20283"}],"wp:attachment":[{"href":"https:\/\/ocardoo.com\/en\/wp-json\/wp\/v2\/media?parent=20826"}],"wp:term":[{"taxonomy":"product_cat","embeddable":true,"href":"https:\/\/ocardoo.com\/en\/wp-json\/wp\/v2\/product_cat?post=20826"},{"taxonomy":"product_tag","embeddable":true,"href":"https:\/\/ocardoo.com\/en\/wp-json\/wp\/v2\/product_tag?post=20826"}],"curies":[{"name":"wp","href":"https:\/\/api.w.org\/{rel}","templated":true}]}}