{"id":20838,"date":"2026-05-03T22:10:11","date_gmt":"2026-05-03T20:10:11","guid":{"rendered":"https:\/\/ocardoo.com\/?post_type=product&#038;p=20838"},"modified":"2026-05-03T22:14:57","modified_gmt":"2026-05-03T20:14:57","slug":"31135","status":"publish","type":"product","link":"https:\/\/ocardoo.com\/en\/product\/31135\/","title":{"rendered":"Dankeskarte \u201eDanke f\u00fcr alles \u2013 Du bist spitze!\u201c \u2013 Wertsch\u00e4tzende Karte | Digitale Gru\u00dfkarte"},"content":{"rendered":"<p>Herzliche Dankeskarte \u201eDanke f\u00fcr alles \u2013 Du bist spitze!\u201c \u2013 perfekt f\u00fcr Kollegen, Freunde oder Mitarbeiter. Ideal als digitale Gru\u00dfkarte zum Wertsch\u00e4tzen, Motivieren oder als liebevolle Aufmerksamkeit mit pers\u00f6nlicher Botschaft.<\/p>","protected":false},"excerpt":{"rendered":"<p>Herzliche Dankeskarte \u201eDanke f\u00fcr alles \u2013 Du bist spitze!\u201c \u2013 perfekt f\u00fcr Kollegen, Freunde oder Mitarbeiter. Ideal als digitale Gru\u00dfkarte zum Wertsch\u00e4tzen, Motivieren oder als liebevolle Aufmerksamkeit mit pers\u00f6nlicher Botschaft.<\/p>","protected":false},"author":20,"featured_media":20285,"comment_status":"open","ping_status":"closed","template":"","meta":{"_acf_changed":false,"inline_featured_image":false,"footnotes":""},"product_cat":[85,84],"product_tag":[544,279,395,235,545,542,354,540,543,541,546],"class_list":["post-20838","product","type-product","status-publish","has-post-thumbnail","hentry","product_cat-abschied-verlaesst-unternehmen","product_cat-anlaesse","product_tag-abenteuer","product_tag-abschied","product_tag-abschiedskarte","product_tag-danke","product_tag-danke-fuer-alles","product_tag-jobwechsel","product_tag-kollege","product_tag-kuendigung","product_tag-neustart","product_tag-team","product_tag-team-danke","pa_variante-basic","pa_variante-premium"],"acf":[],"_links":{"self":[{"href":"https:\/\/ocardoo.com\/en\/wp-json\/wp\/v2\/product\/20838","targetHints":{"allow":["GET"]}}],"collection":[{"href":"https:\/\/ocardoo.com\/en\/wp-json\/wp\/v2\/product"}],"about":[{"href":"https:\/\/ocardoo.com\/en\/wp-json\/wp\/v2\/types\/product"}],"author":[{"embeddable":true,"href":"https:\/\/ocardoo.com\/en\/wp-json\/wp\/v2\/users\/20"}],"replies":[{"embeddable":true,"href":"https:\/\/ocardoo.com\/en\/wp-json\/wp\/v2\/comments?post=20838"}],"version-history":[{"count":2,"href":"https:\/\/ocardoo.com\/en\/wp-json\/wp\/v2\/product\/20838\/revisions"}],"predecessor-version":[{"id":20842,"href":"https:\/\/ocardoo.com\/en\/wp-json\/wp\/v2\/product\/20838\/revisions\/20842"}],"wp:featuredmedia":[{"embeddable":true,"href":"https:\/\/ocardoo.com\/en\/wp-json\/wp\/v2\/media\/20285"}],"wp:attachment":[{"href":"https:\/\/ocardoo.com\/en\/wp-json\/wp\/v2\/media?parent=20838"}],"wp:term":[{"taxonomy":"product_cat","embeddable":true,"href":"https:\/\/ocardoo.com\/en\/wp-json\/wp\/v2\/product_cat?post=20838"},{"taxonomy":"product_tag","embeddable":true,"href":"https:\/\/ocardoo.com\/en\/wp-json\/wp\/v2\/product_tag?post=20838"}],"curies":[{"name":"wp","href":"https:\/\/api.w.org\/{rel}","templated":true}]}}