{"id":20844,"date":"2026-05-03T22:11:35","date_gmt":"2026-05-03T20:11:35","guid":{"rendered":"https:\/\/ocardoo.com\/?post_type=product&#038;p=20844"},"modified":"2026-05-03T22:15:19","modified_gmt":"2026-05-03T20:15:19","slug":"31136","status":"publish","type":"product","link":"https:\/\/ocardoo.com\/en\/product\/31136\/","title":{"rendered":"Dankeskarte \u201eEin kleines Danke!\u201c \u2013 Liebevolle Karte zum Wertsch\u00e4tzen | Digitale Gru\u00dfkarte"},"content":{"rendered":"<p>Herzliche Dankeskarte \u201eEin kleines Danke!\u201c \u2013 ideal f\u00fcr Kollegen, Freunde oder Familie. Perfekt als digitale Gru\u00dfkarte, um Wertsch\u00e4tzung auszudr\u00fccken und pers\u00f6nliche Botschaften stilvoll zu \u00fcbermitteln.<\/p>","protected":false},"excerpt":{"rendered":"<p>Herzliche Dankeskarte \u201eEin kleines Danke!\u201c \u2013 ideal f\u00fcr Kollegen, Freunde oder Familie. Perfekt als digitale Gru\u00dfkarte, um Wertsch\u00e4tzung auszudr\u00fccken und pers\u00f6nliche Botschaften stilvoll zu \u00fcbermitteln.<\/p>","protected":false},"author":20,"featured_media":20286,"comment_status":"open","ping_status":"closed","template":"","meta":{"_acf_changed":false,"inline_featured_image":false,"footnotes":""},"product_cat":[85,84],"product_tag":[544,279,395,235,545,542,354,540,543,541,546],"class_list":["post-20844","product","type-product","status-publish","has-post-thumbnail","hentry","product_cat-abschied-verlaesst-unternehmen","product_cat-anlaesse","product_tag-abenteuer","product_tag-abschied","product_tag-abschiedskarte","product_tag-danke","product_tag-danke-fuer-alles","product_tag-jobwechsel","product_tag-kollege","product_tag-kuendigung","product_tag-neustart","product_tag-team","product_tag-team-danke","pa_variante-basic","pa_variante-premium"],"acf":[],"_links":{"self":[{"href":"https:\/\/ocardoo.com\/en\/wp-json\/wp\/v2\/product\/20844","targetHints":{"allow":["GET"]}}],"collection":[{"href":"https:\/\/ocardoo.com\/en\/wp-json\/wp\/v2\/product"}],"about":[{"href":"https:\/\/ocardoo.com\/en\/wp-json\/wp\/v2\/types\/product"}],"author":[{"embeddable":true,"href":"https:\/\/ocardoo.com\/en\/wp-json\/wp\/v2\/users\/20"}],"replies":[{"embeddable":true,"href":"https:\/\/ocardoo.com\/en\/wp-json\/wp\/v2\/comments?post=20844"}],"version-history":[{"count":3,"href":"https:\/\/ocardoo.com\/en\/wp-json\/wp\/v2\/product\/20844\/revisions"}],"predecessor-version":[{"id":20855,"href":"https:\/\/ocardoo.com\/en\/wp-json\/wp\/v2\/product\/20844\/revisions\/20855"}],"wp:featuredmedia":[{"embeddable":true,"href":"https:\/\/ocardoo.com\/en\/wp-json\/wp\/v2\/media\/20286"}],"wp:attachment":[{"href":"https:\/\/ocardoo.com\/en\/wp-json\/wp\/v2\/media?parent=20844"}],"wp:term":[{"taxonomy":"product_cat","embeddable":true,"href":"https:\/\/ocardoo.com\/en\/wp-json\/wp\/v2\/product_cat?post=20844"},{"taxonomy":"product_tag","embeddable":true,"href":"https:\/\/ocardoo.com\/en\/wp-json\/wp\/v2\/product_tag?post=20844"}],"curies":[{"name":"wp","href":"https:\/\/api.w.org\/{rel}","templated":true}]}}