{"id":20881,"date":"2026-05-04T08:09:17","date_gmt":"2026-05-04T06:09:17","guid":{"rendered":"https:\/\/ocardoo.com\/?post_type=product&#038;p=20881"},"modified":"2026-05-04T08:13:55","modified_gmt":"2026-05-04T06:13:55","slug":"31143","status":"publish","type":"product","link":"https:\/\/ocardoo.com\/en\/product\/31143\/","title":{"rendered":"Lustige Abschiedskarte \u201eDu gehst. Wir bleiben. Unfair.\u201c (Pink Edition) \u2013 Kolleg*in verabschieden mit Humor"},"content":{"rendered":"<p>Freche und humorvolle Abschiedskarte im auff\u00e4lligen Pink-Design: \u201eDu gehst. Wir bleiben. Unfair.\u201c Perfekt f\u00fcr den Abschied von Kolleg:innen mit einem Augenzwinkern. Ideal als digitale Gruppengru\u00dfkarte zum gemeinsamen Unterschreiben und f\u00fcr pers\u00f6nliche Botschaften vom Team.<\/p>","protected":false},"excerpt":{"rendered":"<p>Freche und humorvolle Abschiedskarte im auff\u00e4lligen Pink-Design: \u201eDu gehst. Wir bleiben. Unfair.\u201c Perfekt f\u00fcr den Abschied von Kolleg:innen mit einem Augenzwinkern. Ideal als digitale Gruppengru\u00dfkarte zum gemeinsamen Unterschreiben und f\u00fcr [&hellip;]<\/p>","protected":false},"author":20,"featured_media":20293,"comment_status":"open","ping_status":"closed","template":"","meta":{"_acf_changed":false,"inline_featured_image":false,"footnotes":""},"product_cat":[85,84],"product_tag":[544,279,395,235,545,542,354,540,543,541],"class_list":["post-20881","product","type-product","status-publish","has-post-thumbnail","hentry","product_cat-abschied-verlaesst-unternehmen","product_cat-anlaesse","product_tag-abenteuer","product_tag-abschied","product_tag-abschiedskarte","product_tag-danke","product_tag-danke-fuer-alles","product_tag-jobwechsel","product_tag-kollege","product_tag-kuendigung","product_tag-neustart","product_tag-team","pa_variante-basic","pa_variante-premium"],"acf":[],"_links":{"self":[{"href":"https:\/\/ocardoo.com\/en\/wp-json\/wp\/v2\/product\/20881","targetHints":{"allow":["GET"]}}],"collection":[{"href":"https:\/\/ocardoo.com\/en\/wp-json\/wp\/v2\/product"}],"about":[{"href":"https:\/\/ocardoo.com\/en\/wp-json\/wp\/v2\/types\/product"}],"author":[{"embeddable":true,"href":"https:\/\/ocardoo.com\/en\/wp-json\/wp\/v2\/users\/20"}],"replies":[{"embeddable":true,"href":"https:\/\/ocardoo.com\/en\/wp-json\/wp\/v2\/comments?post=20881"}],"version-history":[{"count":2,"href":"https:\/\/ocardoo.com\/en\/wp-json\/wp\/v2\/product\/20881\/revisions"}],"predecessor-version":[{"id":20885,"href":"https:\/\/ocardoo.com\/en\/wp-json\/wp\/v2\/product\/20881\/revisions\/20885"}],"wp:featuredmedia":[{"embeddable":true,"href":"https:\/\/ocardoo.com\/en\/wp-json\/wp\/v2\/media\/20293"}],"wp:attachment":[{"href":"https:\/\/ocardoo.com\/en\/wp-json\/wp\/v2\/media?parent=20881"}],"wp:term":[{"taxonomy":"product_cat","embeddable":true,"href":"https:\/\/ocardoo.com\/en\/wp-json\/wp\/v2\/product_cat?post=20881"},{"taxonomy":"product_tag","embeddable":true,"href":"https:\/\/ocardoo.com\/en\/wp-json\/wp\/v2\/product_tag?post=20881"}],"curies":[{"name":"wp","href":"https:\/\/api.w.org\/{rel}","templated":true}]}}