{"id":20902,"date":"2026-05-04T08:32:30","date_gmt":"2026-05-04T06:32:30","guid":{"rendered":"https:\/\/ocardoo.com\/?post_type=product&#038;p=20902"},"modified":"2026-05-04T08:37:14","modified_gmt":"2026-05-04T06:37:14","slug":"31147","status":"publish","type":"product","link":"https:\/\/ocardoo.com\/en\/product\/31147\/","title":{"rendered":"Abschiedskarte \u201eK\u00fcndigung akzeptiert\u2026 aber richtig bl\u00f6d\u201c \u2013 Lustige Kolleg:innen-Verabschiedung | Humorvolle Abschiedskarte"},"content":{"rendered":"<p>Humorvolle Abschiedskarte mit ehrlicher Botschaft: \u201eK\u00fcndigung akzeptiert\u2026 aber wir finden\u2019s richtig bl\u00f6d.\u201c Perfekt f\u00fcr den Abschied von Kolleg:innen mit einem Mix aus Humor und Wertsch\u00e4tzung. Ideal als digitale Gruppengru\u00dfkarte zum gemeinsamen Unterschreiben und f\u00fcr pers\u00f6nliche Abschiedsworte im Team.<\/p>","protected":false},"excerpt":{"rendered":"<p>Humorvolle Abschiedskarte mit ehrlicher Botschaft: \u201eK\u00fcndigung akzeptiert\u2026 aber wir finden\u2019s richtig bl\u00f6d.\u201c Perfekt f\u00fcr den Abschied von Kolleg:innen mit einem Mix aus Humor und Wertsch\u00e4tzung. Ideal als digitale Gruppengru\u00dfkarte zum [&hellip;]<\/p>","protected":false},"author":20,"featured_media":20297,"comment_status":"open","ping_status":"closed","template":"","meta":{"_acf_changed":false,"inline_featured_image":false,"footnotes":""},"product_cat":[85,84],"product_tag":[544,279,395,235,545,542,354,540,543,541],"class_list":["post-20902","product","type-product","status-publish","has-post-thumbnail","hentry","product_cat-abschied-verlaesst-unternehmen","product_cat-anlaesse","product_tag-abenteuer","product_tag-abschied","product_tag-abschiedskarte","product_tag-danke","product_tag-danke-fuer-alles","product_tag-jobwechsel","product_tag-kollege","product_tag-kuendigung","product_tag-neustart","product_tag-team","pa_variante-basic","pa_variante-premium"],"acf":[],"_links":{"self":[{"href":"https:\/\/ocardoo.com\/en\/wp-json\/wp\/v2\/product\/20902","targetHints":{"allow":["GET"]}}],"collection":[{"href":"https:\/\/ocardoo.com\/en\/wp-json\/wp\/v2\/product"}],"about":[{"href":"https:\/\/ocardoo.com\/en\/wp-json\/wp\/v2\/types\/product"}],"author":[{"embeddable":true,"href":"https:\/\/ocardoo.com\/en\/wp-json\/wp\/v2\/users\/20"}],"replies":[{"embeddable":true,"href":"https:\/\/ocardoo.com\/en\/wp-json\/wp\/v2\/comments?post=20902"}],"version-history":[{"count":2,"href":"https:\/\/ocardoo.com\/en\/wp-json\/wp\/v2\/product\/20902\/revisions"}],"predecessor-version":[{"id":20906,"href":"https:\/\/ocardoo.com\/en\/wp-json\/wp\/v2\/product\/20902\/revisions\/20906"}],"wp:featuredmedia":[{"embeddable":true,"href":"https:\/\/ocardoo.com\/en\/wp-json\/wp\/v2\/media\/20297"}],"wp:attachment":[{"href":"https:\/\/ocardoo.com\/en\/wp-json\/wp\/v2\/media?parent=20902"}],"wp:term":[{"taxonomy":"product_cat","embeddable":true,"href":"https:\/\/ocardoo.com\/en\/wp-json\/wp\/v2\/product_cat?post=20902"},{"taxonomy":"product_tag","embeddable":true,"href":"https:\/\/ocardoo.com\/en\/wp-json\/wp\/v2\/product_tag?post=20902"}],"curies":[{"name":"wp","href":"https:\/\/api.w.org\/{rel}","templated":true}]}}