{"id":20916,"date":"2026-05-04T20:21:47","date_gmt":"2026-05-04T18:21:47","guid":{"rendered":"https:\/\/ocardoo.com\/?post_type=product&#038;p=20916"},"modified":"2026-05-04T20:28:43","modified_gmt":"2026-05-04T18:28:43","slug":"31148","status":"publish","type":"product","link":"https:\/\/ocardoo.com\/en\/product\/31148\/","title":{"rendered":"Motivationskarte \u201eVertrau dir\u201c \u2013 Ermutigende Karte f\u00fcr neuen Lebensabschnitt | Digitale Gru\u00dfkarte"},"content":{"rendered":"<p>Inspirierende Motivationskarte mit der Botschaft \u201eVertrau dir. Du wei\u00dft mehr, als du denkst und kannst mehr, als du glaubst.\u201c Perfekt f\u00fcr Abschied, Neuanfang oder als aufmunternde Nachricht f\u00fcr Freunde, Kolleg:innen oder Familie. Ideal als digitale Gru\u00dfkarte zum Teilen und Mut machen.<\/p>","protected":false},"excerpt":{"rendered":"<p>Inspirierende Motivationskarte mit der Botschaft \u201eVertrau dir. Du wei\u00dft mehr, als du denkst und kannst mehr, als du glaubst.\u201c Perfekt f\u00fcr Abschied, Neuanfang oder als aufmunternde Nachricht f\u00fcr Freunde, Kolleg:innen [&hellip;]<\/p>","protected":false},"author":20,"featured_media":20298,"comment_status":"open","ping_status":"closed","template":"","meta":{"_acf_changed":false,"inline_featured_image":false,"footnotes":""},"product_cat":[85,84],"product_tag":[544,279,395,235,545,542,354,540,543,541],"class_list":["post-20916","product","type-product","status-publish","has-post-thumbnail","hentry","product_cat-abschied-verlaesst-unternehmen","product_cat-anlaesse","product_tag-abenteuer","product_tag-abschied","product_tag-abschiedskarte","product_tag-danke","product_tag-danke-fuer-alles","product_tag-jobwechsel","product_tag-kollege","product_tag-kuendigung","product_tag-neustart","product_tag-team","pa_variante-basic","pa_variante-premium"],"acf":[],"_links":{"self":[{"href":"https:\/\/ocardoo.com\/en\/wp-json\/wp\/v2\/product\/20916","targetHints":{"allow":["GET"]}}],"collection":[{"href":"https:\/\/ocardoo.com\/en\/wp-json\/wp\/v2\/product"}],"about":[{"href":"https:\/\/ocardoo.com\/en\/wp-json\/wp\/v2\/types\/product"}],"author":[{"embeddable":true,"href":"https:\/\/ocardoo.com\/en\/wp-json\/wp\/v2\/users\/20"}],"replies":[{"embeddable":true,"href":"https:\/\/ocardoo.com\/en\/wp-json\/wp\/v2\/comments?post=20916"}],"version-history":[{"count":2,"href":"https:\/\/ocardoo.com\/en\/wp-json\/wp\/v2\/product\/20916\/revisions"}],"predecessor-version":[{"id":20920,"href":"https:\/\/ocardoo.com\/en\/wp-json\/wp\/v2\/product\/20916\/revisions\/20920"}],"wp:featuredmedia":[{"embeddable":true,"href":"https:\/\/ocardoo.com\/en\/wp-json\/wp\/v2\/media\/20298"}],"wp:attachment":[{"href":"https:\/\/ocardoo.com\/en\/wp-json\/wp\/v2\/media?parent=20916"}],"wp:term":[{"taxonomy":"product_cat","embeddable":true,"href":"https:\/\/ocardoo.com\/en\/wp-json\/wp\/v2\/product_cat?post=20916"},{"taxonomy":"product_tag","embeddable":true,"href":"https:\/\/ocardoo.com\/en\/wp-json\/wp\/v2\/product_tag?post=20916"}],"curies":[{"name":"wp","href":"https:\/\/api.w.org\/{rel}","templated":true}]}}