{"id":20921,"date":"2026-05-04T20:29:33","date_gmt":"2026-05-04T18:29:33","guid":{"rendered":"https:\/\/ocardoo.com\/?post_type=product&#038;p=20921"},"modified":"2026-05-04T20:33:38","modified_gmt":"2026-05-04T18:33:38","slug":"31149","status":"publish","type":"product","link":"https:\/\/ocardoo.com\/en\/product\/31149\/","title":{"rendered":"Abschiedskarte \u201eOffizielles Statement des Teams \u2013 Du warst einfach zu gut\u201c | Lustige K\u00fcndigungs-Karte f\u00fcr Kolleg:innen"},"content":{"rendered":"<p>Stilvolle und humorvolle Abschiedskarte im Statement-Design: Die K\u00fcndigung wurde gelesen und verstanden \u2013 aber nicht akzeptiert, weil du einfach zu gut warst! Perfekt f\u00fcr den Abschied von Kolleg:innen mit Wertsch\u00e4tzung und Humor. Ideal als digitale Gruppengru\u00dfkarte zum gemeinsamen Unterschreiben.<\/p>","protected":false},"excerpt":{"rendered":"<p>Stilvolle und humorvolle Abschiedskarte im Statement-Design: Die K\u00fcndigung wurde gelesen und verstanden \u2013 aber nicht akzeptiert, weil du einfach zu gut warst! Perfekt f\u00fcr den Abschied von Kolleg:innen mit Wertsch\u00e4tzung [&hellip;]<\/p>","protected":false},"author":20,"featured_media":20299,"comment_status":"open","ping_status":"closed","template":"","meta":{"_acf_changed":false,"inline_featured_image":false,"footnotes":""},"product_cat":[85,84],"product_tag":[544,279,395,235,545,542,354,540,543,541],"class_list":["post-20921","product","type-product","status-publish","has-post-thumbnail","hentry","product_cat-abschied-verlaesst-unternehmen","product_cat-anlaesse","product_tag-abenteuer","product_tag-abschied","product_tag-abschiedskarte","product_tag-danke","product_tag-danke-fuer-alles","product_tag-jobwechsel","product_tag-kollege","product_tag-kuendigung","product_tag-neustart","product_tag-team","pa_variante-basic","pa_variante-premium"],"acf":[],"_links":{"self":[{"href":"https:\/\/ocardoo.com\/en\/wp-json\/wp\/v2\/product\/20921","targetHints":{"allow":["GET"]}}],"collection":[{"href":"https:\/\/ocardoo.com\/en\/wp-json\/wp\/v2\/product"}],"about":[{"href":"https:\/\/ocardoo.com\/en\/wp-json\/wp\/v2\/types\/product"}],"author":[{"embeddable":true,"href":"https:\/\/ocardoo.com\/en\/wp-json\/wp\/v2\/users\/20"}],"replies":[{"embeddable":true,"href":"https:\/\/ocardoo.com\/en\/wp-json\/wp\/v2\/comments?post=20921"}],"version-history":[{"count":2,"href":"https:\/\/ocardoo.com\/en\/wp-json\/wp\/v2\/product\/20921\/revisions"}],"predecessor-version":[{"id":20925,"href":"https:\/\/ocardoo.com\/en\/wp-json\/wp\/v2\/product\/20921\/revisions\/20925"}],"wp:featuredmedia":[{"embeddable":true,"href":"https:\/\/ocardoo.com\/en\/wp-json\/wp\/v2\/media\/20299"}],"wp:attachment":[{"href":"https:\/\/ocardoo.com\/en\/wp-json\/wp\/v2\/media?parent=20921"}],"wp:term":[{"taxonomy":"product_cat","embeddable":true,"href":"https:\/\/ocardoo.com\/en\/wp-json\/wp\/v2\/product_cat?post=20921"},{"taxonomy":"product_tag","embeddable":true,"href":"https:\/\/ocardoo.com\/en\/wp-json\/wp\/v2\/product_tag?post=20921"}],"curies":[{"name":"wp","href":"https:\/\/api.w.org\/{rel}","templated":true}]}}