{"id":20945,"date":"2026-05-06T08:16:47","date_gmt":"2026-05-06T06:16:47","guid":{"rendered":"https:\/\/ocardoo.com\/?post_type=product&#038;p=20945"},"modified":"2026-05-06T08:25:52","modified_gmt":"2026-05-06T06:25:52","slug":"31151","status":"publish","type":"product","link":"https:\/\/ocardoo.com\/en\/product\/31151\/","title":{"rendered":"Elternzeit Karte \u201ePapa im Einsatz\u201c \u2013 Lustige Gru\u00dfkarte zur Geburt &#038; Elternzeit | Digitale Gl\u00fcckwunschkarte"},"content":{"rendered":"<p data-start=\"28\" data-end=\"181\">\ud83d\udc76\ud83d\udc99 <strong data-start=\"33\" data-end=\"53\">Papa im Einsatz!<\/strong><br data-start=\"53\" data-end=\"56\" \/>Die perfekte Gru\u00dfkarte f\u00fcr werdende oder frischgebackene Papas, die sich jetzt ihrer wichtigsten Mission widmen: <strong data-start=\"169\" data-end=\"181\">Familie.<\/strong><\/p>\n<p data-start=\"183\" data-end=\"291\">Mit liebevollem Design, humorvollen Spr\u00fcchen und einer Extraportion Wertsch\u00e4tzung ist diese Karte ideal f\u00fcr:<\/p>\n<ul data-start=\"292\" data-end=\"406\">\n<li data-section-id=\"dm44cu\" data-start=\"292\" data-end=\"304\">Elternzeit<\/li>\n<li data-section-id=\"8u57us\" data-start=\"305\" data-end=\"325\">Geburt eines Babys<\/li>\n<li data-section-id=\"vgafm\" data-start=\"326\" data-end=\"345\">Abschied vom Team<\/li>\n<li data-section-id=\"19en8b1\" data-start=\"346\" data-end=\"370\">Kollegen &amp; Mitarbeiter<\/li>\n<li data-section-id=\"nz97cn\" data-start=\"371\" data-end=\"387\">werdende V\u00e4ter<\/li>\n<li data-section-id=\"17f3u75\" data-start=\"388\" data-end=\"406\">Babypause im Job<\/li>\n<\/ul>\n<p data-start=\"408\" data-end=\"499\">Die Botschaft:<br data-start=\"422\" data-end=\"425\" \/><strong data-start=\"425\" data-end=\"499\">\u201eWir halten die Stellung \u2013 genie\u00df die Zeit mit deinem kleinen Wunder!\u201c<\/strong><\/p>\n<p data-start=\"501\" data-end=\"689\">Ob als digitale Gruppengru\u00dfkarte mit vielen pers\u00f6nlichen Nachrichten oder als liebevolle \u00dcberraschung von Freunden, Familie oder Kollegen \u2013 diese Karte sorgt garantiert f\u00fcr ein L\u00e4cheln. \ud83d\udc99<\/p>\n<h3 data-section-id=\"1dbiawn\" data-start=\"691\" data-end=\"715\">Besonders sch\u00f6n als:<\/h3>\n<p data-start=\"716\" data-end=\"877\">\u2714 digitale Teamkarte<br data-start=\"736\" data-end=\"739\" \/>\u2714 gemeinsame Abschiedskarte zur Elternzeit<br data-start=\"781\" data-end=\"784\" \/>\u2714 Gru\u00dfkarte zur Geburt<br data-start=\"806\" data-end=\"809\" \/>\u2714 Karte f\u00fcr Kollegen im B\u00fcro<br data-start=\"837\" data-end=\"840\" \/>\u2714 Erinnerung an die gemeinsame Zeit<\/p>\n<h3 data-section-id=\"17luodp\" data-start=\"879\" data-end=\"913\">Das macht die Karte besonders:<\/h3>\n<ul data-start=\"914\" data-end=\"1104\">\n<li data-section-id=\"1gex1ho\" data-start=\"914\" data-end=\"956\">modernes Handlettering &amp; Doodle-Design<\/li>\n<li data-section-id=\"751h67\" data-start=\"957\" data-end=\"991\">humorvoll &amp; emotional zugleich<\/li>\n<li data-section-id=\"1bt03lr\" data-start=\"992\" data-end=\"1034\">perfekt zum gemeinsamen Unterschreiben<\/li>\n<li data-section-id=\"1nq1i13\" data-start=\"1035\" data-end=\"1074\">ideal f\u00fcr Teams, Kollegen &amp; Freunde<\/li>\n<li data-section-id=\"bv8jxp\" data-start=\"1075\" data-end=\"1104\">sofort digital versendbar<\/li>\n<\/ul>\n<p data-start=\"1106\" data-end=\"1142\" data-is-last-node=\"\" data-is-only-node=\"\"><strong data-start=\"1106\" data-end=\"1139\">PERS\u00d6NLICH GEHT AUCH DIGITAL.<\/strong> \ud83d\udc8c<\/p>\n<p>&nbsp;<\/p>\n<p>&nbsp;<\/p>","protected":false},"excerpt":{"rendered":"<p>\ud83d\udc76\ud83d\udc99 Papa im Einsatz!Die perfekte Gru\u00dfkarte f\u00fcr werdende oder frischgebackene Papas, die sich jetzt ihrer wichtigsten Mission widmen: Familie. Mit liebevollem Design, humorvollen Spr\u00fcchen und einer Extraportion Wertsch\u00e4tzung ist diese [&hellip;]<\/p>","protected":false},"author":20,"featured_media":20301,"comment_status":"open","ping_status":"closed","template":"","meta":{"_acf_changed":false,"inline_featured_image":false,"footnotes":""},"product_cat":[18,85,533,84,98,100,111,169],"product_tag":[279,534,354,543,148,541,546],"class_list":["post-20945","product","type-product","status-publish","has-post-thumbnail","hentry","product_cat-eltern","product_cat-abschied-verlaesst-unternehmen","product_cat-abschied-elternzeit","product_cat-anlaesse","product_cat-geburt-kind","product_cat-junge","product_cat-mama-papa","product_cat-papa","product_tag-abschied","product_tag-elternzeit","product_tag-kollege","product_tag-neustart","product_tag-papa","product_tag-team","product_tag-team-danke","pa_variante-basic","pa_variante-premium"],"acf":[],"_links":{"self":[{"href":"https:\/\/ocardoo.com\/en\/wp-json\/wp\/v2\/product\/20945","targetHints":{"allow":["GET"]}}],"collection":[{"href":"https:\/\/ocardoo.com\/en\/wp-json\/wp\/v2\/product"}],"about":[{"href":"https:\/\/ocardoo.com\/en\/wp-json\/wp\/v2\/types\/product"}],"author":[{"embeddable":true,"href":"https:\/\/ocardoo.com\/en\/wp-json\/wp\/v2\/users\/20"}],"replies":[{"embeddable":true,"href":"https:\/\/ocardoo.com\/en\/wp-json\/wp\/v2\/comments?post=20945"}],"version-history":[{"count":3,"href":"https:\/\/ocardoo.com\/en\/wp-json\/wp\/v2\/product\/20945\/revisions"}],"predecessor-version":[{"id":20950,"href":"https:\/\/ocardoo.com\/en\/wp-json\/wp\/v2\/product\/20945\/revisions\/20950"}],"wp:featuredmedia":[{"embeddable":true,"href":"https:\/\/ocardoo.com\/en\/wp-json\/wp\/v2\/media\/20301"}],"wp:attachment":[{"href":"https:\/\/ocardoo.com\/en\/wp-json\/wp\/v2\/media?parent=20945"}],"wp:term":[{"taxonomy":"product_cat","embeddable":true,"href":"https:\/\/ocardoo.com\/en\/wp-json\/wp\/v2\/product_cat?post=20945"},{"taxonomy":"product_tag","embeddable":true,"href":"https:\/\/ocardoo.com\/en\/wp-json\/wp\/v2\/product_tag?post=20945"}],"curies":[{"name":"wp","href":"https:\/\/api.w.org\/{rel}","templated":true}]}}