{"id":20951,"date":"2026-05-06T08:19:15","date_gmt":"2026-05-06T06:19:15","guid":{"rendered":"https:\/\/ocardoo.com\/?post_type=product&#038;p=20951"},"modified":"2026-05-06T08:25:19","modified_gmt":"2026-05-06T06:25:19","slug":"31152","status":"publish","type":"product","link":"https:\/\/ocardoo.com\/en\/product\/31152\/","title":{"rendered":"Du bist st\u00e4rker, als du glaubst \u2013 Mutmachkarte &#038; digitale Gru\u00dfkarte mit liebevoller Botschaft"},"content":{"rendered":"<p data-start=\"494\" data-end=\"572\">\ud83d\udc9a <strong data-start=\"497\" data-end=\"572\">Manchmal braucht es nur ein paar ehrliche Worte, die von Herzen kommen.<\/strong><\/p>\n<p data-start=\"574\" data-end=\"673\">Diese stilvolle Mutmachkarte erinnert daran, wie stark, mutig und wertvoll ein Mensch wirklich ist:<\/p>\n<p data-start=\"675\" data-end=\"770\"><strong data-start=\"675\" data-end=\"770\">\u201eDu bist st\u00e4rker, als du glaubst, mutiger, als du denkst und geliebter, mehr als du ahnst.\u201c<\/strong><\/p>\n<p data-start=\"772\" data-end=\"926\">Mit ihrem sanften Naturdesign, den harmonischen Farben und der emotionalen Botschaft eignet sich diese Karte perfekt f\u00fcr viele besondere Momente im Leben.<\/p>\n<h3 data-section-id=\"6prqi9\" data-start=\"928\" data-end=\"942\">Ideal f\u00fcr:<\/h3>\n<ul data-start=\"943\" data-end=\"1144\">\n<li data-section-id=\"1jmq97t\" data-start=\"943\" data-end=\"971\">Mutmacher &amp; Aufmunterung<\/li>\n<li data-section-id=\"x75q9o\" data-start=\"972\" data-end=\"990\">schwere Zeiten<\/li>\n<li data-section-id=\"6lgany\" data-start=\"991\" data-end=\"1017\">Pr\u00fcfungen &amp; Neuanf\u00e4nge<\/li>\n<li data-section-id=\"wy4e9b\" data-start=\"1018\" data-end=\"1049\">Burnout, Stress oder Sorgen<\/li>\n<li data-section-id=\"o35k20\" data-start=\"1050\" data-end=\"1076\">Freundschaft &amp; Familie<\/li>\n<li data-section-id=\"vc1px4\" data-start=\"1077\" data-end=\"1116\">kleine Aufmerksamkeit zwischendurch<\/li>\n<li data-section-id=\"75mpr7\" data-start=\"1117\" data-end=\"1144\">emotionale Gruppengr\u00fc\u00dfe<\/li>\n<\/ul>\n<p data-start=\"1146\" data-end=\"1260\">Ob von Freunden, Kollegen oder der Familie \u2013 diese digitale Gru\u00dfkarte schenkt Kraft, N\u00e4he und ein gutes Gef\u00fchl. \ud83d\udc9a<\/p>\n<h3 data-section-id=\"17luodp\" data-start=\"1262\" data-end=\"1296\">Das macht die Karte besonders:<\/h3>\n<p data-start=\"1297\" data-end=\"1479\">\u2714 liebevolles Aquarell- &amp; Naturdesign<br data-start=\"1334\" data-end=\"1337\" \/>\u2714 emotionale Worte mit Tiefgang<br data-start=\"1368\" data-end=\"1371\" \/>\u2714 modern &amp; zeitlos gestaltet<br data-start=\"1399\" data-end=\"1402\" \/>\u2714 perfekt als digitale Gruppengru\u00dfkarte<br data-start=\"1441\" data-end=\"1444\" \/>\u2714 gemeinsam online unterschreiben<\/p>\n<p data-start=\"1481\" data-end=\"1517\" data-is-last-node=\"\" data-is-only-node=\"\"><strong data-start=\"1481\" data-end=\"1514\">PERS\u00d6NLICH GEHT AUCH DIGITAL.<\/strong> \ud83d\udc8c<\/p>\n<p>&nbsp;<\/p>","protected":false},"excerpt":{"rendered":"<p>\ud83d\udc9a Manchmal braucht es nur ein paar ehrliche Worte, die von Herzen kommen. Diese stilvolle Mutmachkarte erinnert daran, wie stark, mutig und wertvoll ein Mensch wirklich ist: \u201eDu bist st\u00e4rker, [&hellip;]<\/p>","protected":false},"author":20,"featured_media":20302,"comment_status":"open","ping_status":"closed","template":"","meta":{"_acf_changed":false,"inline_featured_image":false,"footnotes":""},"product_cat":[85,84,89,86,90],"product_tag":[544,279,395,235,545,542,354,540,549,550,543,548,541],"class_list":["post-20951","product","type-product","status-publish","has-post-thumbnail","hentry","product_cat-abschied-verlaesst-unternehmen","product_cat-anlaesse","product_cat-danke","product_cat-genesung","product_cat-trauer","product_tag-abenteuer","product_tag-abschied","product_tag-abschiedskarte","product_tag-danke","product_tag-danke-fuer-alles","product_tag-jobwechsel","product_tag-kollege","product_tag-kuendigung","product_tag-mut","product_tag-mutig","product_tag-neustart","product_tag-stark","product_tag-team","pa_variante-basic","pa_variante-premium"],"acf":[],"_links":{"self":[{"href":"https:\/\/ocardoo.com\/en\/wp-json\/wp\/v2\/product\/20951","targetHints":{"allow":["GET"]}}],"collection":[{"href":"https:\/\/ocardoo.com\/en\/wp-json\/wp\/v2\/product"}],"about":[{"href":"https:\/\/ocardoo.com\/en\/wp-json\/wp\/v2\/types\/product"}],"author":[{"embeddable":true,"href":"https:\/\/ocardoo.com\/en\/wp-json\/wp\/v2\/users\/20"}],"replies":[{"embeddable":true,"href":"https:\/\/ocardoo.com\/en\/wp-json\/wp\/v2\/comments?post=20951"}],"version-history":[{"count":3,"href":"https:\/\/ocardoo.com\/en\/wp-json\/wp\/v2\/product\/20951\/revisions"}],"predecessor-version":[{"id":20961,"href":"https:\/\/ocardoo.com\/en\/wp-json\/wp\/v2\/product\/20951\/revisions\/20961"}],"wp:featuredmedia":[{"embeddable":true,"href":"https:\/\/ocardoo.com\/en\/wp-json\/wp\/v2\/media\/20302"}],"wp:attachment":[{"href":"https:\/\/ocardoo.com\/en\/wp-json\/wp\/v2\/media?parent=20951"}],"wp:term":[{"taxonomy":"product_cat","embeddable":true,"href":"https:\/\/ocardoo.com\/en\/wp-json\/wp\/v2\/product_cat?post=20951"},{"taxonomy":"product_tag","embeddable":true,"href":"https:\/\/ocardoo.com\/en\/wp-json\/wp\/v2\/product_tag?post=20951"}],"curies":[{"name":"wp","href":"https:\/\/api.w.org\/{rel}","templated":true}]}}