{"id":20962,"date":"2026-05-06T08:26:06","date_gmt":"2026-05-06T06:26:06","guid":{"rendered":"https:\/\/ocardoo.com\/?post_type=product&#038;p=20962"},"modified":"2026-05-06T08:28:11","modified_gmt":"2026-05-06T06:28:11","slug":"31154","status":"publish","type":"product","link":"https:\/\/ocardoo.com\/en\/product\/31154\/","title":{"rendered":"K\u00f6niginnen brauchen Pausen \u2013 Liebevolle Karte zur Elternzeit &#038; Babyzeit f\u00fcr Mamas | digitale Gruppengru\u00dfkarte"},"content":{"rendered":"<p>Wundersch\u00f6ne digitale Gru\u00dfkarte f\u00fcr frischgebackene Mamas: \u201eK\u00f6niginnen brauchen Pausen!\u201c Perfekt zur Elternzeit, Geburt oder Babypause. Mit sanftem Naturdesign und liebevoller Botschaft eignet sich diese Karte ideal als Gruppengru\u00dfkarte von Kollegen, Freunden oder Familie.<\/p>\n<p data-start=\"438\" data-end=\"474\">\ud83d\udc51\ud83d\udc9a <strong data-start=\"443\" data-end=\"474\">K\u00f6niginnen brauchen Pausen!<\/strong><\/p>\n<p data-start=\"476\" data-end=\"694\">Diese liebevoll gestaltete Karte ist die perfekte Aufmerksamkeit f\u00fcr frischgebackene Mamas, die sich jetzt auf ihre wichtigste und sch\u00f6nste Aufgabe konzentrieren d\u00fcrfen: die gemeinsame Zeit mit ihrem kleinen Wunder. \ud83e\udd0d<\/p>\n<p data-start=\"696\" data-end=\"833\">Mit ihrer sanften Farbwelt, den zarten Natur-Elementen und der wertsch\u00e4tzenden Botschaft schenkt diese Karte W\u00e4rme, Ruhe und ein L\u00e4cheln.<\/p>\n<h3 data-section-id=\"6prqi9\" data-start=\"835\" data-end=\"849\">Ideal f\u00fcr:<\/h3>\n<ul data-start=\"850\" data-end=\"1008\">\n<li data-section-id=\"1fj8e4u\" data-start=\"850\" data-end=\"864\">Elternzeit<\/li>\n<li data-section-id=\"ypn85g\" data-start=\"865\" data-end=\"887\">Geburt eines Babys<\/li>\n<li data-section-id=\"1cf817l\" data-start=\"888\" data-end=\"908\">Babypause im Job<\/li>\n<li data-section-id=\"1vivhpn\" data-start=\"909\" data-end=\"948\">werdende oder frischgebackene Mamas<\/li>\n<li data-section-id=\"1b1w5ye\" data-start=\"949\" data-end=\"978\">Kolleginnen &amp; Freundinnen<\/li>\n<li data-section-id=\"mosxty\" data-start=\"979\" data-end=\"1008\">liebevolle \u00dcberraschungen<\/li>\n<\/ul>\n<p data-start=\"1010\" data-end=\"1115\">Die Botschaft erinnert daran, dass auch starke Frauen und Alltagsheldinnen sich Pausen verdient haben. \ud83c\udf3f<\/p>\n<h3 data-section-id=\"1dbiawn\" data-start=\"1117\" data-end=\"1141\">Besonders sch\u00f6n als:<\/h3>\n<p data-start=\"1142\" data-end=\"1322\">\u2714 digitale Gruppengru\u00dfkarte<br data-start=\"1169\" data-end=\"1172\" \/>\u2714 Teamkarte zur Elternzeit<br data-start=\"1198\" data-end=\"1201\" \/>\u2714 Gl\u00fcckwunschkarte zur Geburt<br data-start=\"1230\" data-end=\"1233\" \/>\u2714 kleine Aufmerksamkeit f\u00fcr Mamas<br data-start=\"1266\" data-end=\"1269\" \/>\u2714 gemeinsame Karte von Kollegen, Freunden &amp; Familie<\/p>\n<h3 data-section-id=\"17luodp\" data-start=\"1324\" data-end=\"1358\">Das macht die Karte besonders:<\/h3>\n<ul data-start=\"1359\" data-end=\"1539\">\n<li data-section-id=\"1fcxhuu\" data-start=\"1359\" data-end=\"1394\">sanftes Natur- &amp; Aquarelldesign<\/li>\n<li data-section-id=\"1aqvv55\" data-start=\"1395\" data-end=\"1429\">moderne, liebevolle Typografie<\/li>\n<li data-section-id=\"un5ipd\" data-start=\"1430\" data-end=\"1459\">emotional &amp; wertsch\u00e4tzend<\/li>\n<li data-section-id=\"1tmsl4t\" data-start=\"1460\" data-end=\"1509\">perfekt zum gemeinsamen Online-Unterschreiben<\/li>\n<li data-section-id=\"bv8jxp\" data-start=\"1510\" data-end=\"1539\">sofort digital versendbar<\/li>\n<\/ul>\n<p data-start=\"1541\" data-end=\"1577\" data-is-last-node=\"\" data-is-only-node=\"\"><strong data-start=\"1541\" data-end=\"1574\">PERS\u00d6NLICH GEHT AUCH DIGITAL.<\/strong> \ud83d\udc8c<\/p>","protected":false},"excerpt":{"rendered":"<p>Wundersch\u00f6ne digitale Gru\u00dfkarte f\u00fcr frischgebackene Mamas: \u201eK\u00f6niginnen brauchen Pausen!\u201c Perfekt zur Elternzeit, Geburt oder Babypause. Mit sanftem Naturdesign und liebevoller Botschaft eignet sich diese Karte ideal als Gruppengru\u00dfkarte von Kollegen, [&hellip;]<\/p>","protected":false},"author":20,"featured_media":20304,"comment_status":"open","ping_status":"closed","template":"","meta":{"_acf_changed":false,"inline_featured_image":false,"footnotes":""},"product_cat":[85,84],"product_tag":[544,279,395,235,545,534,354,540,147,543,541],"class_list":["post-20962","product","type-product","status-publish","has-post-thumbnail","hentry","product_cat-abschied-verlaesst-unternehmen","product_cat-anlaesse","product_tag-abenteuer","product_tag-abschied","product_tag-abschiedskarte","product_tag-danke","product_tag-danke-fuer-alles","product_tag-elternzeit","product_tag-kollege","product_tag-kuendigung","product_tag-mama","product_tag-neustart","product_tag-team","pa_variante-basic","pa_variante-premium"],"acf":[],"_links":{"self":[{"href":"https:\/\/ocardoo.com\/en\/wp-json\/wp\/v2\/product\/20962","targetHints":{"allow":["GET"]}}],"collection":[{"href":"https:\/\/ocardoo.com\/en\/wp-json\/wp\/v2\/product"}],"about":[{"href":"https:\/\/ocardoo.com\/en\/wp-json\/wp\/v2\/types\/product"}],"author":[{"embeddable":true,"href":"https:\/\/ocardoo.com\/en\/wp-json\/wp\/v2\/users\/20"}],"replies":[{"embeddable":true,"href":"https:\/\/ocardoo.com\/en\/wp-json\/wp\/v2\/comments?post=20962"}],"version-history":[{"count":3,"href":"https:\/\/ocardoo.com\/en\/wp-json\/wp\/v2\/product\/20962\/revisions"}],"predecessor-version":[{"id":20967,"href":"https:\/\/ocardoo.com\/en\/wp-json\/wp\/v2\/product\/20962\/revisions\/20967"}],"wp:featuredmedia":[{"embeddable":true,"href":"https:\/\/ocardoo.com\/en\/wp-json\/wp\/v2\/media\/20304"}],"wp:attachment":[{"href":"https:\/\/ocardoo.com\/en\/wp-json\/wp\/v2\/media?parent=20962"}],"wp:term":[{"taxonomy":"product_cat","embeddable":true,"href":"https:\/\/ocardoo.com\/en\/wp-json\/wp\/v2\/product_cat?post=20962"},{"taxonomy":"product_tag","embeddable":true,"href":"https:\/\/ocardoo.com\/en\/wp-json\/wp\/v2\/product_tag?post=20962"}],"curies":[{"name":"wp","href":"https:\/\/api.w.org\/{rel}","templated":true}]}}