{"id":20983,"date":"2026-05-06T08:40:23","date_gmt":"2026-05-06T06:40:23","guid":{"rendered":"https:\/\/ocardoo.com\/?post_type=product&#038;p=20983"},"modified":"2026-05-06T08:43:19","modified_gmt":"2026-05-06T06:43:19","slug":"31158","status":"publish","type":"product","link":"https:\/\/ocardoo.com\/en\/product\/31158\/","title":{"rendered":"F\u00fcr die wichtigste Mission deines Lebens \u2013 Digitale Gruppengru\u00dfkarte Elternzeit gemeinsam unterschreiben"},"content":{"rendered":"<p data-start=\"151\" data-end=\"229\">\ud83c\udf38\ud83e\udd0d <strong data-start=\"156\" data-end=\"229\">F\u00fcr die wichtigste Mission deines Lebens w\u00fcnschen wir dir alles Gute!<\/strong><\/p>\n<p data-start=\"231\" data-end=\"478\">Eine liebevolle digitale Gruppengru\u00dfkarte f\u00fcr einen ganz besonderen neuen Lebensabschnitt. Ob Elternzeit, Geburt, Babypause oder Familiengl\u00fcck \u2013 diese emotionale Karte begleitet werdende oder frischgebackene Eltern mit warmen Worten und viel Herz.<\/p>\n<p data-start=\"480\" data-end=\"749\">Das sanfte Aquarell- und Blumendesign verleiht der Gru\u00dfkarte eine ruhige, moderne und besonders liebevolle Ausstrahlung. Ideal als digitale Gruppengru\u00dfkarte zur Elternzeit, die von Kolleg:innen, Freund:innen oder der Familie gemeinsam online unterschrieben werden kann.<\/p>\n<h3 data-section-id=\"1v1v1zt\" data-start=\"751\" data-end=\"776\">Perfekt geeignet f\u00fcr:<\/h3>\n<ul data-start=\"777\" data-end=\"927\">\n<li data-section-id=\"1fj8e4u\" data-start=\"777\" data-end=\"791\">Elternzeit<\/li>\n<li data-section-id=\"eiwut6\" data-start=\"792\" data-end=\"814\">Geburt &amp; Babygl\u00fcck<\/li>\n<li data-section-id=\"s1zy2q\" data-start=\"815\" data-end=\"834\">werdende Eltern<\/li>\n<li data-section-id=\"r9ghmw\" data-start=\"835\" data-end=\"863\">Mutterschutz &amp; Babypause<\/li>\n<li data-section-id=\"10zm6o0\" data-start=\"864\" data-end=\"897\">Kolleg:innen im Familiengl\u00fcck<\/li>\n<li data-section-id=\"1g6lnz9\" data-start=\"898\" data-end=\"927\">gemeinsame Gr\u00fc\u00dfe vom Team<\/li>\n<\/ul>\n<p data-start=\"929\" data-end=\"1042\">\ud83d\udc8c Gemeinsam online unterschreiben und pers\u00f6nliche W\u00fcnsche digital versenden \u2013 einfach, emotional und pers\u00f6nlich.<\/p>\n<h3 data-section-id=\"6pkrzb\" data-start=\"1044\" data-end=\"1058\">Ideal als:<\/h3>\n<p data-start=\"1059\" data-end=\"1252\">\u2714 digitale Gruppengru\u00dfkarte Elternzeit<br data-start=\"1097\" data-end=\"1100\" \/>\u2714 Karte zur Geburt gemeinsam unterschreiben<br data-start=\"1143\" data-end=\"1146\" \/>\u2714 digitale Babykarte vom Team<br data-start=\"1175\" data-end=\"1178\" \/>\u2714 liebevolle Elternzeitkarte<br data-start=\"1206\" data-end=\"1209\" \/>\u2714 gemeinsame Gru\u00dfkarte f\u00fcr Mama oder Papa<\/p>\n<h3 data-section-id=\"17luodp\" data-start=\"1254\" data-end=\"1288\">Das macht die Karte besonders:<\/h3>\n<ul data-start=\"1289\" data-end=\"1471\">\n<li data-section-id=\"1bokrbd\" data-start=\"1289\" data-end=\"1322\">modernes, zartes Blumendesign<\/li>\n<li data-section-id=\"1xae5vu\" data-start=\"1323\" data-end=\"1361\">emotionale Botschaft mit viel Herz<\/li>\n<li data-section-id=\"122drk2\" data-start=\"1362\" data-end=\"1405\">perfekt f\u00fcr digitale Gemeinschaftsgr\u00fc\u00dfe<\/li>\n<li data-section-id=\"1b1h6jm\" data-start=\"1406\" data-end=\"1441\">online gemeinsam unterschreiben<\/li>\n<li data-section-id=\"bv8jxp\" data-start=\"1442\" data-end=\"1471\">sofort digital versendbar<\/li>\n<\/ul>\n<p data-start=\"1473\" data-end=\"1509\" data-is-last-node=\"\" data-is-only-node=\"\"><strong data-start=\"1473\" data-end=\"1506\">PERS\u00d6NLICH GEHT AUCH DIGITAL.<\/strong> \ud83d\udc95<\/p>\n<p data-start=\"1553\" data-end=\"1589\" data-is-last-node=\"\" data-is-only-node=\"\">","protected":false},"excerpt":{"rendered":"<p>\ud83c\udf38\ud83e\udd0d F\u00fcr die wichtigste Mission deines Lebens w\u00fcnschen wir dir alles Gute! Eine liebevolle digitale Gruppengru\u00dfkarte f\u00fcr einen ganz besonderen neuen Lebensabschnitt. Ob Elternzeit, Geburt, Babypause oder Familiengl\u00fcck \u2013 diese [&hellip;]<\/p>","protected":false},"author":20,"featured_media":20308,"comment_status":"open","ping_status":"closed","template":"","meta":{"_acf_changed":false,"inline_featured_image":false,"footnotes":""},"product_cat":[85,533,84,89,100,99,158,111],"product_tag":[544,279,395,235,545,534,552,353,549,550,543,548,541],"class_list":["post-20983","product","type-product","status-publish","has-post-thumbnail","hentry","product_cat-abschied-verlaesst-unternehmen","product_cat-abschied-elternzeit","product_cat-anlaesse","product_cat-danke","product_cat-junge","product_cat-maedchen","product_cat-mama","product_cat-mama-papa","product_tag-abenteuer","product_tag-abschied","product_tag-abschiedskarte","product_tag-danke","product_tag-danke-fuer-alles","product_tag-elternzeit","product_tag-familie","product_tag-kollegin","product_tag-mut","product_tag-mutig","product_tag-neustart","product_tag-stark","product_tag-team","pa_variante-basic","pa_variante-premium"],"acf":[],"_links":{"self":[{"href":"https:\/\/ocardoo.com\/en\/wp-json\/wp\/v2\/product\/20983","targetHints":{"allow":["GET"]}}],"collection":[{"href":"https:\/\/ocardoo.com\/en\/wp-json\/wp\/v2\/product"}],"about":[{"href":"https:\/\/ocardoo.com\/en\/wp-json\/wp\/v2\/types\/product"}],"author":[{"embeddable":true,"href":"https:\/\/ocardoo.com\/en\/wp-json\/wp\/v2\/users\/20"}],"replies":[{"embeddable":true,"href":"https:\/\/ocardoo.com\/en\/wp-json\/wp\/v2\/comments?post=20983"}],"version-history":[{"count":2,"href":"https:\/\/ocardoo.com\/en\/wp-json\/wp\/v2\/product\/20983\/revisions"}],"predecessor-version":[{"id":20987,"href":"https:\/\/ocardoo.com\/en\/wp-json\/wp\/v2\/product\/20983\/revisions\/20987"}],"wp:featuredmedia":[{"embeddable":true,"href":"https:\/\/ocardoo.com\/en\/wp-json\/wp\/v2\/media\/20308"}],"wp:attachment":[{"href":"https:\/\/ocardoo.com\/en\/wp-json\/wp\/v2\/media?parent=20983"}],"wp:term":[{"taxonomy":"product_cat","embeddable":true,"href":"https:\/\/ocardoo.com\/en\/wp-json\/wp\/v2\/product_cat?post=20983"},{"taxonomy":"product_tag","embeddable":true,"href":"https:\/\/ocardoo.com\/en\/wp-json\/wp\/v2\/product_tag?post=20983"}],"curies":[{"name":"wp","href":"https:\/\/api.w.org\/{rel}","templated":true}]}}