{"id":20988,"date":"2026-05-06T08:44:11","date_gmt":"2026-05-06T06:44:11","guid":{"rendered":"https:\/\/ocardoo.com\/?post_type=product&#038;p=20988"},"modified":"2026-05-06T08:52:54","modified_gmt":"2026-05-06T06:52:54","slug":"31160","status":"publish","type":"product","link":"https:\/\/ocardoo.com\/en\/product\/31160\/","title":{"rendered":"Du wirst gro\u00dfartig sein \u2013 Digitale Gruppengru\u00dfkarte Elternzeit gemeinsam unterschreiben"},"content":{"rendered":"<p data-start=\"134\" data-end=\"167\">\ud83c\udf3f\ud83e\udd0d <strong data-start=\"139\" data-end=\"167\">Du wirst gro\u00dfartig sein!<\/strong><\/p>\n<p data-start=\"169\" data-end=\"402\">Eine liebevolle digitale Gruppengru\u00dfkarte f\u00fcr einen neuen Lebensabschnitt voller besonderer Momente. Ob Elternzeit, Babypause, Mutterschutz oder eine pers\u00f6nliche Auszeit \u2013 diese Karte schenkt Mut, Wertsch\u00e4tzung und herzliche W\u00fcnsche.<\/p>\n<p data-start=\"404\" data-end=\"648\">Mit ihrem sanften Aquarell-Design und den nat\u00fcrlichen Farben wirkt die Karte modern, ruhig und emotional zugleich. Perfekt, um gemeinsam als Team, Familie oder Freundeskreis pers\u00f6nliche Botschaften zu hinterlassen und digital zu unterschreiben.<\/p>\n<h3 data-section-id=\"1v1v1zt\" data-start=\"650\" data-end=\"675\">Perfekt geeignet f\u00fcr:<\/h3>\n<ul data-start=\"676\" data-end=\"844\">\n<li data-section-id=\"1fj8e4u\" data-start=\"676\" data-end=\"690\">Elternzeit<\/li>\n<li data-section-id=\"rp5cp4\" data-start=\"691\" data-end=\"719\">Babypause &amp; Mutterschutz<\/li>\n<li data-section-id=\"1uvmar5\" data-start=\"720\" data-end=\"748\">Geburt &amp; Familienzuwachs<\/li>\n<li data-section-id=\"1gyqiyy\" data-start=\"749\" data-end=\"772\">pers\u00f6nliche Auszeit<\/li>\n<li data-section-id=\"6tfoco\" data-start=\"773\" data-end=\"814\">Kolleg:innen im neuen Lebensabschnitt<\/li>\n<li data-section-id=\"1g6lnz9\" data-start=\"815\" data-end=\"844\">gemeinsame Gr\u00fc\u00dfe vom Team<\/li>\n<\/ul>\n<p data-start=\"846\" data-end=\"955\">\ud83d\udc8c Gemeinsam online unterschreiben und pers\u00f6nliche W\u00fcnsche digital versenden \u2013 einfach, modern und emotional.<\/p>\n<h3 data-section-id=\"6pkrzb\" data-start=\"957\" data-end=\"971\">Ideal als:<\/h3>\n<p data-start=\"972\" data-end=\"1176\">\u2714 digitale Gruppengru\u00dfkarte Elternzeit<br data-start=\"1010\" data-end=\"1013\" \/>\u2714 Karte zur Babypause gemeinsam unterschreiben<br data-start=\"1059\" data-end=\"1062\" \/>\u2714 digitale Gru\u00dfkarte zur Geburt<br data-start=\"1093\" data-end=\"1096\" \/>\u2714 liebevolle Teamkarte f\u00fcr Kolleg:innen<br data-start=\"1135\" data-end=\"1138\" \/>\u2714 gemeinsame Gl\u00fcckwunschkarte online<\/p>\n<h3 data-section-id=\"17luodp\" data-start=\"1178\" data-end=\"1212\">Das macht die Karte besonders:<\/h3>\n<ul data-start=\"1213\" data-end=\"1406\">\n<li data-section-id=\"admflr\" data-start=\"1213\" data-end=\"1250\">sanftes Aquarell- und Naturdesign<\/li>\n<li data-section-id=\"nhlaf1\" data-start=\"1251\" data-end=\"1296\">emotionale Botschaft voller Wertsch\u00e4tzung<\/li>\n<li data-section-id=\"122drk2\" data-start=\"1297\" data-end=\"1340\">perfekt f\u00fcr digitale Gemeinschaftsgr\u00fc\u00dfe<\/li>\n<li data-section-id=\"1b1h6jm\" data-start=\"1341\" data-end=\"1376\">online gemeinsam unterschreiben<\/li>\n<li data-section-id=\"bv8jxp\" data-start=\"1377\" data-end=\"1406\">sofort digital versendbar<\/li>\n<\/ul>\n<p data-start=\"1408\" data-end=\"1444\" data-is-last-node=\"\" data-is-only-node=\"\"><strong data-start=\"1408\" data-end=\"1441\">PERS\u00d6NLICH GEHT AUCH DIGITAL.<\/strong> \ud83d\udc95<\/p>","protected":false},"excerpt":{"rendered":"<p>\ud83c\udf3f\ud83e\udd0d Du wirst gro\u00dfartig sein! Eine liebevolle digitale Gruppengru\u00dfkarte f\u00fcr einen neuen Lebensabschnitt voller besonderer Momente. Ob Elternzeit, Babypause, Mutterschutz oder eine pers\u00f6nliche Auszeit \u2013 diese Karte schenkt Mut, Wertsch\u00e4tzung [&hellip;]<\/p>","protected":false},"author":20,"featured_media":20310,"comment_status":"open","ping_status":"closed","template":"","meta":{"_acf_changed":false,"inline_featured_image":false,"footnotes":""},"product_cat":[85,533,84,100,99,158,111],"product_tag":[279,395,534,552,256,353,549,550,543,548,541],"class_list":["post-20988","product","type-product","status-publish","has-post-thumbnail","hentry","product_cat-abschied-verlaesst-unternehmen","product_cat-abschied-elternzeit","product_cat-anlaesse","product_cat-junge","product_cat-maedchen","product_cat-mama","product_cat-mama-papa","product_tag-abschied","product_tag-abschiedskarte","product_tag-elternzeit","product_tag-familie","product_tag-glueck","product_tag-kollegin","product_tag-mut","product_tag-mutig","product_tag-neustart","product_tag-stark","product_tag-team","pa_variante-basic","pa_variante-premium"],"acf":[],"_links":{"self":[{"href":"https:\/\/ocardoo.com\/en\/wp-json\/wp\/v2\/product\/20988","targetHints":{"allow":["GET"]}}],"collection":[{"href":"https:\/\/ocardoo.com\/en\/wp-json\/wp\/v2\/product"}],"about":[{"href":"https:\/\/ocardoo.com\/en\/wp-json\/wp\/v2\/types\/product"}],"author":[{"embeddable":true,"href":"https:\/\/ocardoo.com\/en\/wp-json\/wp\/v2\/users\/20"}],"replies":[{"embeddable":true,"href":"https:\/\/ocardoo.com\/en\/wp-json\/wp\/v2\/comments?post=20988"}],"version-history":[{"count":2,"href":"https:\/\/ocardoo.com\/en\/wp-json\/wp\/v2\/product\/20988\/revisions"}],"predecessor-version":[{"id":20992,"href":"https:\/\/ocardoo.com\/en\/wp-json\/wp\/v2\/product\/20988\/revisions\/20992"}],"wp:featuredmedia":[{"embeddable":true,"href":"https:\/\/ocardoo.com\/en\/wp-json\/wp\/v2\/media\/20310"}],"wp:attachment":[{"href":"https:\/\/ocardoo.com\/en\/wp-json\/wp\/v2\/media?parent=20988"}],"wp:term":[{"taxonomy":"product_cat","embeddable":true,"href":"https:\/\/ocardoo.com\/en\/wp-json\/wp\/v2\/product_cat?post=20988"},{"taxonomy":"product_tag","embeddable":true,"href":"https:\/\/ocardoo.com\/en\/wp-json\/wp\/v2\/product_tag?post=20988"}],"curies":[{"name":"wp","href":"https:\/\/api.w.org\/{rel}","templated":true}]}}