{"id":20993,"date":"2026-05-06T08:53:45","date_gmt":"2026-05-06T06:53:45","guid":{"rendered":"https:\/\/ocardoo.com\/?post_type=product&#038;p=20993"},"modified":"2026-05-06T08:55:27","modified_gmt":"2026-05-06T06:55:27","slug":"31161","status":"publish","type":"product","link":"https:\/\/ocardoo.com\/en\/product\/31161\/","title":{"rendered":"Mama im Einsatz \u2013 Digitale Gruppengru\u00dfkarte zur Elternzeit gemeinsam unterschreiben"},"content":{"rendered":"<div class=\"flex max-w-full flex-col gap-4 grow\">\n<div class=\"min-h-8 text-message relative flex w-full flex-col items-end gap-2 text-start break-words whitespace-normal outline-none keyboard-focused:focus-ring [.text-message+&amp;]:mt-1\" dir=\"auto\" tabindex=\"0\" data-message-author-role=\"assistant\" data-message-id=\"c19112fb-4caa-4eaa-bd3b-f202f022be6b\" data-message-model-slug=\"gpt-5-3\" data-turn-start-message=\"true\">\n<div class=\"flex w-full flex-col gap-1 empty:hidden\">\n<div class=\"markdown prose dark:prose-invert w-full wrap-break-word light markdown-new-styling\">\n<p data-start=\"130\" data-end=\"180\">\ud83d\udc51\ud83d\udc96 <strong data-start=\"135\" data-end=\"180\">Mama im Einsatz. Wir halten die Stellung!<\/strong><\/p>\n<p data-start=\"182\" data-end=\"399\">Eine liebevolle digitale Gruppengru\u00dfkarte f\u00fcr werdende oder frischgebackene Mamas. Perfekt zur Elternzeit, Babypause oder Geburt, um einer Kollegin, Freundin oder Familienangeh\u00f6rigen von Herzen alles Gute zu w\u00fcnschen.<\/p>\n<p data-start=\"401\" data-end=\"581\">Das zarte Aquarell-Design mit sanften Ros\u00e9t\u00f6nen, kleinen Sternen und niedlichem Babybody macht diese Karte zu einem emotionalen Begleiter f\u00fcr einen ganz besonderen Lebensabschnitt.<\/p>\n<p data-start=\"583\" data-end=\"717\">\ud83d\udc8c Ideal als digitale Gruppengru\u00dfkarte, die gemeinsam online unterschrieben werden kann \u2013 pers\u00f6nlich, modern und voller Wertsch\u00e4tzung.<\/p>\n<h3 data-section-id=\"1v1v1zt\" data-start=\"719\" data-end=\"744\">Perfekt geeignet f\u00fcr:<\/h3>\n<ul data-start=\"745\" data-end=\"904\">\n<li data-section-id=\"1fj8e4u\" data-start=\"745\" data-end=\"759\">Elternzeit<\/li>\n<li data-section-id=\"eiwut6\" data-start=\"760\" data-end=\"782\">Geburt &amp; Babygl\u00fcck<\/li>\n<li data-section-id=\"rp5cp4\" data-start=\"783\" data-end=\"811\">Babypause &amp; Mutterschutz<\/li>\n<li data-section-id=\"dpgk7p\" data-start=\"812\" data-end=\"830\">werdende Mamas<\/li>\n<li data-section-id=\"1g6lnz9\" data-start=\"831\" data-end=\"860\">gemeinsame Gr\u00fc\u00dfe vom Team<\/li>\n<li data-section-id=\"1do4pgr\" data-start=\"861\" data-end=\"904\">Gl\u00fcckw\u00fcnsche von Familie &amp; Freund:innen<\/li>\n<\/ul>\n<h3 data-section-id=\"6pkrzb\" data-start=\"906\" data-end=\"920\">Ideal als:<\/h3>\n<p data-start=\"921\" data-end=\"1117\">\u2714 digitale Gruppengru\u00dfkarte Elternzeit<br data-start=\"959\" data-end=\"962\" \/>\u2714 Karte zur Geburt gemeinsam unterschreiben<br data-start=\"1005\" data-end=\"1008\" \/>\u2714 digitale Babykarte f\u00fcr Mama<br data-start=\"1037\" data-end=\"1040\" \/>\u2714 liebevolle Teamkarte zur Babypause<br data-start=\"1076\" data-end=\"1079\" \/>\u2714 gemeinsame Gl\u00fcckwunschkarte online<\/p>\n<h3 data-section-id=\"17luodp\" data-start=\"1119\" data-end=\"1153\">Das macht die Karte besonders:<\/h3>\n<ul data-start=\"1154\" data-end=\"1343\">\n<li data-section-id=\"1o9efk6\" data-start=\"1154\" data-end=\"1195\">liebevolles Baby- und Aquarell-Design<\/li>\n<li data-section-id=\"1tc7sgu\" data-start=\"1196\" data-end=\"1233\">moderne und emotionale Gestaltung<\/li>\n<li data-section-id=\"122drk2\" data-start=\"1234\" data-end=\"1277\">perfekt f\u00fcr digitale Gemeinschaftsgr\u00fc\u00dfe<\/li>\n<li data-section-id=\"1b1h6jm\" data-start=\"1278\" data-end=\"1313\">online gemeinsam unterschreiben<\/li>\n<li data-section-id=\"bv8jxp\" data-start=\"1314\" data-end=\"1343\">sofort digital versendbar<\/li>\n<\/ul>\n<p data-start=\"1345\" data-end=\"1381\" data-is-last-node=\"\" data-is-only-node=\"\"><strong data-start=\"1345\" data-end=\"1378\">PERS\u00d6NLICH GEHT AUCH DIGITAL.<\/strong> \ud83d\udc95<\/p>\n<\/div>\n<\/div>\n<\/div>\n<\/div>","protected":false},"excerpt":{"rendered":"<p>\ud83d\udc51\ud83d\udc96 Mama im Einsatz. Wir halten die Stellung! Eine liebevolle digitale Gruppengru\u00dfkarte f\u00fcr werdende oder frischgebackene Mamas. Perfekt zur Elternzeit, Babypause oder Geburt, um einer Kollegin, Freundin oder Familienangeh\u00f6rigen von [&hellip;]<\/p>","protected":false},"author":20,"featured_media":20311,"comment_status":"open","ping_status":"closed","template":"","meta":{"_acf_changed":false,"inline_featured_image":false,"footnotes":""},"product_cat":[85,533,84,158],"product_tag":[279,395,197,146,534,353,147,538,537],"class_list":["post-20993","product","type-product","status-publish","has-post-thumbnail","hentry","product_cat-abschied-verlaesst-unternehmen","product_cat-abschied-elternzeit","product_cat-anlaesse","product_cat-mama","product_tag-abschied","product_tag-abschiedskarte","product_tag-baby","product_tag-eltern","product_tag-elternzeit","product_tag-kollegin","product_tag-mama","product_tag-mamaprojekt","product_tag-projekt","pa_variante-basic","pa_variante-premium"],"acf":[],"_links":{"self":[{"href":"https:\/\/ocardoo.com\/en\/wp-json\/wp\/v2\/product\/20993","targetHints":{"allow":["GET"]}}],"collection":[{"href":"https:\/\/ocardoo.com\/en\/wp-json\/wp\/v2\/product"}],"about":[{"href":"https:\/\/ocardoo.com\/en\/wp-json\/wp\/v2\/types\/product"}],"author":[{"embeddable":true,"href":"https:\/\/ocardoo.com\/en\/wp-json\/wp\/v2\/users\/20"}],"replies":[{"embeddable":true,"href":"https:\/\/ocardoo.com\/en\/wp-json\/wp\/v2\/comments?post=20993"}],"version-history":[{"count":3,"href":"https:\/\/ocardoo.com\/en\/wp-json\/wp\/v2\/product\/20993\/revisions"}],"predecessor-version":[{"id":20998,"href":"https:\/\/ocardoo.com\/en\/wp-json\/wp\/v2\/product\/20993\/revisions\/20998"}],"wp:featuredmedia":[{"embeddable":true,"href":"https:\/\/ocardoo.com\/en\/wp-json\/wp\/v2\/media\/20311"}],"wp:attachment":[{"href":"https:\/\/ocardoo.com\/en\/wp-json\/wp\/v2\/media?parent=20993"}],"wp:term":[{"taxonomy":"product_cat","embeddable":true,"href":"https:\/\/ocardoo.com\/en\/wp-json\/wp\/v2\/product_cat?post=20993"},{"taxonomy":"product_tag","embeddable":true,"href":"https:\/\/ocardoo.com\/en\/wp-json\/wp\/v2\/product_tag?post=20993"}],"curies":[{"name":"wp","href":"https:\/\/api.w.org\/{rel}","templated":true}]}}