{"id":20999,"date":"2026-05-06T08:56:39","date_gmt":"2026-05-06T06:56:39","guid":{"rendered":"https:\/\/ocardoo.com\/?post_type=product&#038;p=20999"},"modified":"2026-05-06T08:58:28","modified_gmt":"2026-05-06T06:58:28","slug":"31162","status":"publish","type":"product","link":"https:\/\/ocardoo.com\/en\/product\/31162\/","title":{"rendered":"Neue Rolle, neues Gl\u00fcck \u2013 Digitale Gruppengru\u00dfkarte zur Geburt gemeinsam unterschreiben"},"content":{"rendered":"<div class=\"flex max-w-full flex-col gap-4 grow\">\n<div class=\"min-h-8 text-message relative flex w-full flex-col items-end gap-2 text-start break-words whitespace-normal outline-none keyboard-focused:focus-ring [.text-message+&amp;]:mt-1\" dir=\"auto\" tabindex=\"0\" data-message-author-role=\"assistant\" data-message-id=\"c19112fb-4caa-4eaa-bd3b-f202f022be6b\" data-message-model-slug=\"gpt-5-3\" data-turn-start-message=\"true\">\n<div class=\"flex w-full flex-col gap-1 empty:hidden\">\n<div class=\"markdown prose dark:prose-invert w-full wrap-break-word light markdown-new-styling\">\n<p data-start=\"134\" data-end=\"180\">\ud83c\udf38\ud83d\udc96 <strong data-start=\"139\" data-end=\"180\">Neue Rolle. Neues Gl\u00fcck. Alles Liebe!<\/strong><\/p>\n<p data-start=\"182\" data-end=\"407\">Eine liebevolle digitale Gruppengru\u00dfkarte f\u00fcr einen ganz besonderen neuen Lebensabschnitt. Ob zur Geburt, Elternzeit, Babypause oder f\u00fcr frischgebackene Eltern \u2013 diese Karte schenkt emotionale Gl\u00fcckw\u00fcnsche und ganz viel Herz.<\/p>\n<p data-start=\"409\" data-end=\"666\">Das sanfte Aquarell-Design mit zarten Ros\u00e9t\u00f6nen und minimalistischen Natur-Elementen sorgt f\u00fcr eine moderne, warme und stilvolle Optik. Ideal, um gemeinsam als Team, Familie oder Freundeskreis pers\u00f6nliche Worte zu hinterlassen und digital zu unterschreiben.<\/p>\n<p data-start=\"668\" data-end=\"788\">\ud83d\udc8c Gemeinsam online unterschreiben und emotionale Gl\u00fcckw\u00fcnsche digital versenden \u2013 pers\u00f6nlich, modern und unkompliziert.<\/p>\n<h3 data-section-id=\"1v1v1zt\" data-start=\"790\" data-end=\"815\">Perfekt geeignet f\u00fcr:<\/h3>\n<ul data-start=\"816\" data-end=\"992\">\n<li data-section-id=\"ypn85g\" data-start=\"816\" data-end=\"838\">Geburt eines Babys<\/li>\n<li data-section-id=\"zh3hlu\" data-start=\"839\" data-end=\"865\">Elternzeit &amp; Babypause<\/li>\n<li data-section-id=\"jrr15l\" data-start=\"866\" data-end=\"891\">neue Lebensabschnitte<\/li>\n<li data-section-id=\"g55bse\" data-start=\"892\" data-end=\"918\">frischgebackene Eltern<\/li>\n<li data-section-id=\"1g6lnz9\" data-start=\"919\" data-end=\"948\">gemeinsame Gr\u00fc\u00dfe vom Team<\/li>\n<li data-section-id=\"1do4pgr\" data-start=\"949\" data-end=\"992\">Gl\u00fcckw\u00fcnsche von Familie &amp; Freund:innen<\/li>\n<\/ul>\n<h3 data-section-id=\"6pkrzb\" data-start=\"994\" data-end=\"1008\">Ideal als:<\/h3>\n<p data-start=\"1009\" data-end=\"1206\">\u2714 digitale Gruppengru\u00dfkarte zur Geburt<br data-start=\"1047\" data-end=\"1050\" \/>\u2714 Karte zur Elternzeit gemeinsam unterschreiben<br data-start=\"1097\" data-end=\"1100\" \/>\u2714 digitale Babykarte online<br data-start=\"1127\" data-end=\"1130\" \/>\u2714 liebevolle Gl\u00fcckwunschkarte f\u00fcr Eltern<br data-start=\"1170\" data-end=\"1173\" \/>\u2714 gemeinsame Gru\u00dfkarte vom Team<\/p>\n<h3 data-section-id=\"17luodp\" data-start=\"1208\" data-end=\"1242\">Das macht die Karte besonders:<\/h3>\n<ul data-start=\"1243\" data-end=\"1428\">\n<li data-section-id=\"1jtdifi\" data-start=\"1243\" data-end=\"1281\">modernes Aquarell- und Naturdesign<\/li>\n<li data-section-id=\"5lpyxb\" data-start=\"1282\" data-end=\"1318\">sanfte und emotionale Gestaltung<\/li>\n<li data-section-id=\"122drk2\" data-start=\"1319\" data-end=\"1362\">perfekt f\u00fcr digitale Gemeinschaftsgr\u00fc\u00dfe<\/li>\n<li data-section-id=\"1b1h6jm\" data-start=\"1363\" data-end=\"1398\">online gemeinsam unterschreiben<\/li>\n<li data-section-id=\"bv8jxp\" data-start=\"1399\" data-end=\"1428\">sofort digital versendbar<\/li>\n<\/ul>\n<p data-start=\"1430\" data-end=\"1466\" data-is-last-node=\"\" data-is-only-node=\"\"><strong data-start=\"1430\" data-end=\"1463\">PERS\u00d6NLICH GEHT AUCH DIGITAL.<\/strong> \ud83d\udc95<\/p>\n<\/div>\n<\/div>\n<\/div>\n<\/div>","protected":false},"excerpt":{"rendered":"<p>\ud83c\udf38\ud83d\udc96 Neue Rolle. Neues Gl\u00fcck. Alles Liebe! Eine liebevolle digitale Gruppengru\u00dfkarte f\u00fcr einen ganz besonderen neuen Lebensabschnitt. Ob zur Geburt, Elternzeit, Babypause oder f\u00fcr frischgebackene Eltern \u2013 diese Karte schenkt [&hellip;]<\/p>","protected":false},"author":20,"featured_media":20312,"comment_status":"open","ping_status":"closed","template":"","meta":{"_acf_changed":false,"inline_featured_image":false,"footnotes":""},"product_cat":[85,533,84,158],"product_tag":[279,395,197,146,534,353,147,538,537],"class_list":["post-20999","product","type-product","status-publish","has-post-thumbnail","hentry","product_cat-abschied-verlaesst-unternehmen","product_cat-abschied-elternzeit","product_cat-anlaesse","product_cat-mama","product_tag-abschied","product_tag-abschiedskarte","product_tag-baby","product_tag-eltern","product_tag-elternzeit","product_tag-kollegin","product_tag-mama","product_tag-mamaprojekt","product_tag-projekt","pa_variante-basic","pa_variante-premium"],"acf":[],"_links":{"self":[{"href":"https:\/\/ocardoo.com\/en\/wp-json\/wp\/v2\/product\/20999","targetHints":{"allow":["GET"]}}],"collection":[{"href":"https:\/\/ocardoo.com\/en\/wp-json\/wp\/v2\/product"}],"about":[{"href":"https:\/\/ocardoo.com\/en\/wp-json\/wp\/v2\/types\/product"}],"author":[{"embeddable":true,"href":"https:\/\/ocardoo.com\/en\/wp-json\/wp\/v2\/users\/20"}],"replies":[{"embeddable":true,"href":"https:\/\/ocardoo.com\/en\/wp-json\/wp\/v2\/comments?post=20999"}],"version-history":[{"count":2,"href":"https:\/\/ocardoo.com\/en\/wp-json\/wp\/v2\/product\/20999\/revisions"}],"predecessor-version":[{"id":21003,"href":"https:\/\/ocardoo.com\/en\/wp-json\/wp\/v2\/product\/20999\/revisions\/21003"}],"wp:featuredmedia":[{"embeddable":true,"href":"https:\/\/ocardoo.com\/en\/wp-json\/wp\/v2\/media\/20312"}],"wp:attachment":[{"href":"https:\/\/ocardoo.com\/en\/wp-json\/wp\/v2\/media?parent=20999"}],"wp:term":[{"taxonomy":"product_cat","embeddable":true,"href":"https:\/\/ocardoo.com\/en\/wp-json\/wp\/v2\/product_cat?post=20999"},{"taxonomy":"product_tag","embeddable":true,"href":"https:\/\/ocardoo.com\/en\/wp-json\/wp\/v2\/product_tag?post=20999"}],"curies":[{"name":"wp","href":"https:\/\/api.w.org\/{rel}","templated":true}]}}