{"id":21004,"date":"2026-05-06T09:00:19","date_gmt":"2026-05-06T07:00:19","guid":{"rendered":"https:\/\/ocardoo.com\/?post_type=product&#038;p=21004"},"modified":"2026-05-06T09:01:51","modified_gmt":"2026-05-06T07:01:51","slug":"31163","status":"publish","type":"product","link":"https:\/\/ocardoo.com\/en\/product\/31163\/","title":{"rendered":"Mama Modus aktiviert \u2013 Digitale Gruppengru\u00dfkarte Elternzeit gemeinsam unterschreiben"},"content":{"rendered":"<div class=\"flex max-w-full flex-col gap-4 grow\">\n<div class=\"min-h-8 text-message relative flex w-full flex-col items-end gap-2 text-start break-words whitespace-normal outline-none keyboard-focused:focus-ring [.text-message+&amp;]:mt-1\" dir=\"auto\" tabindex=\"0\" data-message-author-role=\"assistant\" data-message-id=\"c19112fb-4caa-4eaa-bd3b-f202f022be6b\" data-message-model-slug=\"gpt-5-3\" data-turn-start-message=\"true\">\n<div class=\"flex w-full flex-col gap-1 empty:hidden\">\n<div class=\"markdown prose dark:prose-invert w-full wrap-break-word light markdown-new-styling\">\n<p data-start=\"131\" data-end=\"162\">\ud83d\udc51\ud83d\udc96 <strong data-start=\"136\" data-end=\"162\">Mama Modus: Aktiviert!<\/strong><\/p>\n<p data-start=\"164\" data-end=\"463\">Diese liebevolle digitale Gruppengru\u00dfkarte ist die perfekte \u00dcberraschung zur Elternzeit, Geburt oder Babypause. Mit ihrer modernen, minimalistischen Gestaltung und der emotionalen Botschaft eignet sich die Karte ideal, um einer werdenden oder frischgebackenen Mama gemeinsame Gl\u00fcckw\u00fcnsche zu senden.<\/p>\n<p data-start=\"465\" data-end=\"705\">Ob von Kolleg:innen, Freund:innen oder der Familie \u2013 diese digitale Gru\u00dfkarte kann gemeinsam online unterschrieben und mit pers\u00f6nlichen Nachrichten gef\u00fcllt werden. So entsteht ein emotionales Erinnerungsst\u00fcck voller Wertsch\u00e4tzung und Liebe.<\/p>\n<h3 data-section-id=\"1v1v1zt\" data-start=\"707\" data-end=\"732\">Perfekt geeignet f\u00fcr:<\/h3>\n<ul data-start=\"733\" data-end=\"913\">\n<li data-section-id=\"1fj8e4u\" data-start=\"733\" data-end=\"747\">Elternzeit<\/li>\n<li data-section-id=\"eiwut6\" data-start=\"748\" data-end=\"770\">Geburt &amp; Babygl\u00fcck<\/li>\n<li data-section-id=\"r9ghmw\" data-start=\"771\" data-end=\"799\">Mutterschutz &amp; Babypause<\/li>\n<li data-section-id=\"1vivhpn\" data-start=\"800\" data-end=\"839\">werdende oder frischgebackene Mamas<\/li>\n<li data-section-id=\"1g6lnz9\" data-start=\"840\" data-end=\"869\">gemeinsame Gr\u00fc\u00dfe vom Team<\/li>\n<li data-section-id=\"1do4pgr\" data-start=\"870\" data-end=\"913\">Gl\u00fcckw\u00fcnsche von Familie &amp; Freund:innen<\/li>\n<\/ul>\n<h3 data-section-id=\"6pkrzb\" data-start=\"915\" data-end=\"929\">Ideal als:<\/h3>\n<p data-start=\"930\" data-end=\"1128\">\u2714 digitale Gruppengru\u00dfkarte Elternzeit<br data-start=\"968\" data-end=\"971\" \/>\u2714 Karte zur Geburt gemeinsam unterschreiben<br data-start=\"1014\" data-end=\"1017\" \/>\u2714 digitale Babykarte online<br data-start=\"1044\" data-end=\"1047\" \/>\u2714 Teamkarte f\u00fcr Kollegin in Elternzeit<br data-start=\"1085\" data-end=\"1088\" \/>\u2714 gemeinsame Gl\u00fcckwunschkarte f\u00fcr Mama<\/p>\n<h3 data-section-id=\"17luodp\" data-start=\"1130\" data-end=\"1164\">Das macht die Karte besonders:<\/h3>\n<ul data-start=\"1165\" data-end=\"1368\">\n<li data-section-id=\"wa4v2u\" data-start=\"1165\" data-end=\"1202\">moderne und liebevolle Gestaltung<\/li>\n<li data-section-id=\"122drk2\" data-start=\"1203\" data-end=\"1246\">perfekt f\u00fcr digitale Gemeinschaftsgr\u00fc\u00dfe<\/li>\n<li data-section-id=\"1b1h6jm\" data-start=\"1247\" data-end=\"1282\">online gemeinsam unterschreiben<\/li>\n<li data-section-id=\"1gf242q\" data-start=\"1283\" data-end=\"1338\">pers\u00f6nliche Nachrichten von vielen Personen m\u00f6glich<\/li>\n<li data-section-id=\"bv8jxp\" data-start=\"1339\" data-end=\"1368\">sofort digital versendbar<\/li>\n<\/ul>\n<h2 data-section-id=\"17ey7so\" data-start=\"1370\" data-end=\"1397\">So funktioniert Ocardoo:<\/h2>\n<ol data-start=\"1398\" data-end=\"1623\">\n<li data-section-id=\"1b7ez28\" data-start=\"1398\" data-end=\"1432\">Karte ausw\u00e4hlen und gestalten<\/li>\n<li data-section-id=\"a709vx\" data-start=\"1433\" data-end=\"1493\">Link mit Kolleg:innen, Freund:innen oder Familie teilen<\/li>\n<li data-section-id=\"r8tkqe\" data-start=\"1494\" data-end=\"1535\">Alle unterschreiben gemeinsam online<\/li>\n<li data-section-id=\"6qyrkb\" data-start=\"1536\" data-end=\"1623\">Die fertige digitale Gruppengru\u00dfkarte zum Wunschdatum versenden oder herunterladen<\/li>\n<\/ol>\n<p data-start=\"1625\" data-end=\"1676\">\ud83d\udc8c Pers\u00f6nlich, emotional und ganz ohne Papierchaos.<\/p>\n<p data-start=\"1678\" data-end=\"1714\" data-is-last-node=\"\" data-is-only-node=\"\"><strong data-start=\"1678\" data-end=\"1711\">PERS\u00d6NLICH GEHT AUCH DIGITAL.<\/strong> \ud83d\udc95<\/p>\n<\/div>\n<\/div>\n<\/div>\n<\/div>","protected":false},"excerpt":{"rendered":"<p>\ud83d\udc51\ud83d\udc96 Mama Modus: Aktiviert! Diese liebevolle digitale Gruppengru\u00dfkarte ist die perfekte \u00dcberraschung zur Elternzeit, Geburt oder Babypause. Mit ihrer modernen, minimalistischen Gestaltung und der emotionalen Botschaft eignet sich die Karte [&hellip;]<\/p>","protected":false},"author":20,"featured_media":20313,"comment_status":"open","ping_status":"closed","template":"","meta":{"_acf_changed":false,"inline_featured_image":false,"footnotes":""},"product_cat":[85,533,84,158],"product_tag":[279,395,197,146,534,353,147,538,537],"class_list":["post-21004","product","type-product","status-publish","has-post-thumbnail","hentry","product_cat-abschied-verlaesst-unternehmen","product_cat-abschied-elternzeit","product_cat-anlaesse","product_cat-mama","product_tag-abschied","product_tag-abschiedskarte","product_tag-baby","product_tag-eltern","product_tag-elternzeit","product_tag-kollegin","product_tag-mama","product_tag-mamaprojekt","product_tag-projekt","pa_variante-basic","pa_variante-premium"],"acf":[],"_links":{"self":[{"href":"https:\/\/ocardoo.com\/en\/wp-json\/wp\/v2\/product\/21004","targetHints":{"allow":["GET"]}}],"collection":[{"href":"https:\/\/ocardoo.com\/en\/wp-json\/wp\/v2\/product"}],"about":[{"href":"https:\/\/ocardoo.com\/en\/wp-json\/wp\/v2\/types\/product"}],"author":[{"embeddable":true,"href":"https:\/\/ocardoo.com\/en\/wp-json\/wp\/v2\/users\/20"}],"replies":[{"embeddable":true,"href":"https:\/\/ocardoo.com\/en\/wp-json\/wp\/v2\/comments?post=21004"}],"version-history":[{"count":3,"href":"https:\/\/ocardoo.com\/en\/wp-json\/wp\/v2\/product\/21004\/revisions"}],"predecessor-version":[{"id":21009,"href":"https:\/\/ocardoo.com\/en\/wp-json\/wp\/v2\/product\/21004\/revisions\/21009"}],"wp:featuredmedia":[{"embeddable":true,"href":"https:\/\/ocardoo.com\/en\/wp-json\/wp\/v2\/media\/20313"}],"wp:attachment":[{"href":"https:\/\/ocardoo.com\/en\/wp-json\/wp\/v2\/media?parent=21004"}],"wp:term":[{"taxonomy":"product_cat","embeddable":true,"href":"https:\/\/ocardoo.com\/en\/wp-json\/wp\/v2\/product_cat?post=21004"},{"taxonomy":"product_tag","embeddable":true,"href":"https:\/\/ocardoo.com\/en\/wp-json\/wp\/v2\/product_tag?post=21004"}],"curies":[{"name":"wp","href":"https:\/\/api.w.org\/{rel}","templated":true}]}}