{"id":21010,"date":"2026-05-06T09:02:17","date_gmt":"2026-05-06T07:02:17","guid":{"rendered":"https:\/\/ocardoo.com\/?post_type=product&#038;p=21010"},"modified":"2026-05-06T09:06:03","modified_gmt":"2026-05-06T07:06:03","slug":"31164","status":"publish","type":"product","link":"https:\/\/ocardoo.com\/en\/product\/31164\/","title":{"rendered":"Mama im Einsatz \u2013 Digitale Gruppengru\u00dfkarte zur Elternzeit &#038; Geburt gemeinsam unterschreiben"},"content":{"rendered":"<div class=\"flex max-w-full flex-col gap-4 grow\">\n<div class=\"min-h-8 text-message relative flex w-full flex-col items-end gap-2 text-start break-words whitespace-normal outline-none keyboard-focused:focus-ring [.text-message+&amp;]:mt-1\" dir=\"auto\" tabindex=\"0\" data-message-author-role=\"assistant\" data-message-id=\"c19112fb-4caa-4eaa-bd3b-f202f022be6b\" data-message-model-slug=\"gpt-5-3\" data-turn-start-message=\"true\">\n<div class=\"flex w-full flex-col gap-1 empty:hidden\">\n<div class=\"markdown prose dark:prose-invert w-full wrap-break-word light markdown-new-styling\">\n<p data-start=\"139\" data-end=\"189\">\ud83d\udc51\ud83d\udc96 <strong data-start=\"144\" data-end=\"189\">Mama im Einsatz. Wir halten die Stellung!<\/strong><\/p>\n<p data-start=\"191\" data-end=\"471\">Eine liebevolle digitale Gruppengru\u00dfkarte zur Elternzeit, Geburt oder Babypause. Mit ihrem modernen Aquarell-Design, zarten Farben und niedlichen Baby-Elementen ist diese Karte die perfekte M\u00f6glichkeit, einer werdenden oder frischgebackenen Mama gemeinsame Gl\u00fcckw\u00fcnsche zu senden.<\/p>\n<p data-start=\"473\" data-end=\"694\">Ob vom Team, von Freund:innen oder der Familie \u2013 die Karte kann ganz einfach gemeinsam online unterschrieben werden. So entsteht eine pers\u00f6nliche digitale Gru\u00dfkarte voller emotionaler Botschaften und sch\u00f6ner Erinnerungen.<\/p>\n<p data-start=\"696\" data-end=\"806\">\ud83d\udc8c Gemeinsam online unterschreiben und liebe W\u00fcnsche digital versenden \u2013 modern, unkompliziert und pers\u00f6nlich.<\/p>\n<h3 data-section-id=\"1v1v1zt\" data-start=\"808\" data-end=\"833\">Perfekt geeignet f\u00fcr:<\/h3>\n<ul data-start=\"834\" data-end=\"1014\">\n<li data-section-id=\"1fj8e4u\" data-start=\"834\" data-end=\"848\">Elternzeit<\/li>\n<li data-section-id=\"eiwut6\" data-start=\"849\" data-end=\"871\">Geburt &amp; Babygl\u00fcck<\/li>\n<li data-section-id=\"rp5cp4\" data-start=\"872\" data-end=\"900\">Babypause &amp; Mutterschutz<\/li>\n<li data-section-id=\"1vivhpn\" data-start=\"901\" data-end=\"940\">werdende oder frischgebackene Mamas<\/li>\n<li data-section-id=\"1g6lnz9\" data-start=\"941\" data-end=\"970\">gemeinsame Gr\u00fc\u00dfe vom Team<\/li>\n<li data-section-id=\"1do4pgr\" data-start=\"971\" data-end=\"1014\">Gl\u00fcckw\u00fcnsche von Familie &amp; Freund:innen<\/li>\n<\/ul>\n<h3 data-section-id=\"6pkrzb\" data-start=\"1016\" data-end=\"1030\">Ideal als:<\/h3>\n<p data-start=\"1031\" data-end=\"1229\">\u2714 digitale Gruppengru\u00dfkarte Elternzeit<br data-start=\"1069\" data-end=\"1072\" \/>\u2714 Karte zur Geburt gemeinsam unterschreiben<br data-start=\"1115\" data-end=\"1118\" \/>\u2714 digitale Babykarte online<br data-start=\"1145\" data-end=\"1148\" \/>\u2714 Teamkarte f\u00fcr Kollegin in Elternzeit<br data-start=\"1186\" data-end=\"1189\" \/>\u2714 gemeinsame Gl\u00fcckwunschkarte f\u00fcr Mama<\/p>\n<h3 data-section-id=\"17luodp\" data-start=\"1231\" data-end=\"1265\">Das macht die Karte besonders:<\/h3>\n<ul data-start=\"1266\" data-end=\"1454\">\n<li data-section-id=\"fp05t7\" data-start=\"1266\" data-end=\"1306\">liebevolles Aquarell- und Babydesign<\/li>\n<li data-section-id=\"1tc7sgu\" data-start=\"1307\" data-end=\"1344\">moderne und emotionale Gestaltung<\/li>\n<li data-section-id=\"122drk2\" data-start=\"1345\" data-end=\"1388\">perfekt f\u00fcr digitale Gemeinschaftsgr\u00fc\u00dfe<\/li>\n<li data-section-id=\"1b1h6jm\" data-start=\"1389\" data-end=\"1424\">online gemeinsam unterschreiben<\/li>\n<li data-section-id=\"bv8jxp\" data-start=\"1425\" data-end=\"1454\">sofort digital versendbar<\/li>\n<\/ul>\n<h2 data-section-id=\"17ey7so\" data-start=\"1456\" data-end=\"1483\">So funktioniert Ocardoo:<\/h2>\n<ol data-start=\"1484\" data-end=\"1761\">\n<li data-section-id=\"sp6sal\" data-start=\"1484\" data-end=\"1527\">Lieblingskarte ausw\u00e4hlen und gestalten<\/li>\n<li data-section-id=\"v5hy12\" data-start=\"1528\" data-end=\"1602\">Den Einladungslink mit Kolleg:innen, Freund:innen oder Familie teilen<\/li>\n<li data-section-id=\"1acmjac\" data-start=\"1603\" data-end=\"1673\">Alle unterschreiben gemeinsam online mit pers\u00f6nlichen Nachrichten<\/li>\n<li data-section-id=\"6qyrkb\" data-start=\"1674\" data-end=\"1761\">Die fertige digitale Gruppengru\u00dfkarte zum Wunschdatum versenden oder herunterladen<\/li>\n<\/ol>\n<p data-start=\"1763\" data-end=\"1799\" data-is-last-node=\"\" data-is-only-node=\"\"><strong data-start=\"1763\" data-end=\"1796\">PERS\u00d6NLICH GEHT AUCH DIGITAL.<\/strong> \ud83d\udc95<\/p>\n<\/div>\n<\/div>\n<\/div>\n<\/div>","protected":false},"excerpt":{"rendered":"<p>\ud83d\udc51\ud83d\udc96 Mama im Einsatz. Wir halten die Stellung! Eine liebevolle digitale Gruppengru\u00dfkarte zur Elternzeit, Geburt oder Babypause. Mit ihrem modernen Aquarell-Design, zarten Farben und niedlichen Baby-Elementen ist diese Karte die [&hellip;]<\/p>","protected":false},"author":20,"featured_media":20314,"comment_status":"open","ping_status":"closed","template":"","meta":{"_acf_changed":false,"inline_featured_image":false,"footnotes":""},"product_cat":[85,533,84,158],"product_tag":[279,395,197,146,534,353,147,538,537],"class_list":["post-21010","product","type-product","status-publish","has-post-thumbnail","hentry","product_cat-abschied-verlaesst-unternehmen","product_cat-abschied-elternzeit","product_cat-anlaesse","product_cat-mama","product_tag-abschied","product_tag-abschiedskarte","product_tag-baby","product_tag-eltern","product_tag-elternzeit","product_tag-kollegin","product_tag-mama","product_tag-mamaprojekt","product_tag-projekt","pa_variante-basic","pa_variante-premium"],"acf":[],"_links":{"self":[{"href":"https:\/\/ocardoo.com\/en\/wp-json\/wp\/v2\/product\/21010","targetHints":{"allow":["GET"]}}],"collection":[{"href":"https:\/\/ocardoo.com\/en\/wp-json\/wp\/v2\/product"}],"about":[{"href":"https:\/\/ocardoo.com\/en\/wp-json\/wp\/v2\/types\/product"}],"author":[{"embeddable":true,"href":"https:\/\/ocardoo.com\/en\/wp-json\/wp\/v2\/users\/20"}],"replies":[{"embeddable":true,"href":"https:\/\/ocardoo.com\/en\/wp-json\/wp\/v2\/comments?post=21010"}],"version-history":[{"count":2,"href":"https:\/\/ocardoo.com\/en\/wp-json\/wp\/v2\/product\/21010\/revisions"}],"predecessor-version":[{"id":21014,"href":"https:\/\/ocardoo.com\/en\/wp-json\/wp\/v2\/product\/21010\/revisions\/21014"}],"wp:featuredmedia":[{"embeddable":true,"href":"https:\/\/ocardoo.com\/en\/wp-json\/wp\/v2\/media\/20314"}],"wp:attachment":[{"href":"https:\/\/ocardoo.com\/en\/wp-json\/wp\/v2\/media?parent=21010"}],"wp:term":[{"taxonomy":"product_cat","embeddable":true,"href":"https:\/\/ocardoo.com\/en\/wp-json\/wp\/v2\/product_cat?post=21010"},{"taxonomy":"product_tag","embeddable":true,"href":"https:\/\/ocardoo.com\/en\/wp-json\/wp\/v2\/product_tag?post=21010"}],"curies":[{"name":"wp","href":"https:\/\/api.w.org\/{rel}","templated":true}]}}