{"id":21024,"date":"2026-05-06T14:41:42","date_gmt":"2026-05-06T12:41:42","guid":{"rendered":"https:\/\/ocardoo.com\/?post_type=product&#038;p=21024"},"modified":"2026-05-06T14:43:10","modified_gmt":"2026-05-06T12:43:10","slug":"31166","status":"publish","type":"product","link":"https:\/\/ocardoo.com\/en\/product\/31166\/","title":{"rendered":"Zeit f\u00fcr Kuscheln, Tr\u00e4umen &#038; Wunder \u2013 Digitale Baby Gru\u00dfkarte als Gruppengru\u00dfkarte online unterschreiben"},"content":{"rendered":"<div class=\"flex max-w-full flex-col gap-4 grow\">\n<div class=\"min-h-8 text-message relative flex w-full flex-col items-end gap-2 text-start break-words whitespace-normal outline-none keyboard-focused:focus-ring [.text-message+&amp;]:mt-1\" dir=\"auto\" tabindex=\"0\" data-message-author-role=\"assistant\" data-message-id=\"c19112fb-4caa-4eaa-bd3b-f202f022be6b\" data-message-model-slug=\"gpt-5-3\" data-turn-start-message=\"true\">\n<div class=\"flex w-full flex-col gap-1 empty:hidden\">\n<div class=\"markdown prose dark:prose-invert w-full wrap-break-word light markdown-new-styling\">\n<div class=\"flex max-w-full flex-col gap-4 grow\">\n<div class=\"min-h-8 text-message relative flex w-full flex-col items-end gap-2 text-start break-words whitespace-normal outline-none keyboard-focused:focus-ring [.text-message+&amp;]:mt-1\" dir=\"auto\" tabindex=\"0\" data-message-author-role=\"assistant\" data-message-id=\"463b5e3b-5336-404a-94ab-4547a94fea7b\" data-message-model-slug=\"gpt-5-5\" data-turn-start-message=\"true\">\n<div class=\"flex w-full flex-col gap-1 empty:hidden\">\n<div class=\"markdown prose dark:prose-invert w-full wrap-break-word light markdown-new-styling\">\n<p data-start=\"151\" data-end=\"196\">\ud83d\udc76\ud83d\udc97 <strong data-start=\"156\" data-end=\"196\">Zeit f\u00fcr Kuscheln, Tr\u00e4umen &amp; Wunder!<\/strong><\/p>\n<p data-start=\"198\" data-end=\"469\">Diese liebevoll gestaltete digitale Baby-Gru\u00dfkarte ist perfekt zur Geburt, Babypause, Elternzeit oder f\u00fcr frischgebackene Eltern. Mit sanften Farben, modernem Aquarell-Design und emotionalem Spruch schenkt ihr gemeinsam unvergessliche Gl\u00fcckw\u00fcnsche voller Liebe und W\u00e4rme.<\/p>\n<p data-start=\"471\" data-end=\"682\">Mit Ocardoo k\u00f6nnt ihr die Karte ganz einfach gemeinsam online unterschreiben. Kolleg:innen, Freund:innen oder Familie schreiben pers\u00f6nliche Nachrichten in eine gemeinsame digitale Gruppengru\u00dfkarte \u2013 egal von wo.<\/p>\n<p data-start=\"684\" data-end=\"773\">So entsteht eine wundersch\u00f6ne Erinnerung f\u00fcr die besondere Zeit mit dem kleinen Wunder. \u2728<\/p>\n<h3 data-section-id=\"1v1v1zt\" data-start=\"775\" data-end=\"800\">Perfekt geeignet f\u00fcr:<\/h3>\n<ul data-start=\"801\" data-end=\"995\">\n<li data-section-id=\"ypn85g\" data-start=\"801\" data-end=\"823\">Geburt eines Babys<\/li>\n<li data-section-id=\"zh3hlu\" data-start=\"824\" data-end=\"850\">Elternzeit &amp; Babypause<\/li>\n<li data-section-id=\"1qxab6p\" data-start=\"851\" data-end=\"878\">Gl\u00fcckw\u00fcnsche zur Geburt<\/li>\n<li data-section-id=\"s1zy2q\" data-start=\"879\" data-end=\"898\">werdende Eltern<\/li>\n<li data-section-id=\"z2z7db\" data-start=\"899\" data-end=\"933\">Teamabschied in die Elternzeit<\/li>\n<li data-section-id=\"q6kryy\" data-start=\"934\" data-end=\"995\">gemeinsame Gr\u00fc\u00dfe von Kolleg:innen, Familie &amp; Freund:innen<\/li>\n<\/ul>\n<h3 data-section-id=\"6pkrzb\" data-start=\"997\" data-end=\"1011\">Ideal als:<\/h3>\n<p data-start=\"1012\" data-end=\"1223\">\u2714 digitale Babykarte<br data-start=\"1032\" data-end=\"1035\" \/>\u2714 digitale Gl\u00fcckwunschkarte zur Geburt<br data-start=\"1073\" data-end=\"1076\" \/>\u2714 Gruppengru\u00dfkarte online unterschreiben<br data-start=\"1116\" data-end=\"1119\" \/>\u2714 gemeinsame Karte f\u00fcr werdende Eltern<br data-start=\"1157\" data-end=\"1160\" \/>\u2714 Teamkarte zur Elternzeit<br data-start=\"1186\" data-end=\"1189\" \/>\u2714 digitale Karte f\u00fcr Mama &amp; Papa<\/p>\n<h3 data-section-id=\"17luodp\" data-start=\"1225\" data-end=\"1259\">Das macht die Karte besonders:<\/h3>\n<ul data-start=\"1260\" data-end=\"1485\">\n<li data-section-id=\"16kmsih\" data-start=\"1260\" data-end=\"1297\">modernes, sanftes Aquarell-Design<\/li>\n<li data-section-id=\"dl9of3\" data-start=\"1298\" data-end=\"1347\">emotionaler Spruch mit liebevoller Gestaltung<\/li>\n<li data-section-id=\"ur8l9e\" data-start=\"1348\" data-end=\"1383\">gemeinsam online unterschreiben<\/li>\n<li data-section-id=\"ty773g\" data-start=\"1384\" data-end=\"1429\">pers\u00f6nliche Nachrichten von allen sammeln<\/li>\n<li data-section-id=\"15yfici\" data-start=\"1430\" data-end=\"1485\">sofort digital versenden oder als PDF herunterladen<\/li>\n<\/ul>\n<h2 data-section-id=\"17ey7so\" data-start=\"1487\" data-end=\"1514\">So funktioniert Ocardoo:<\/h2>\n<ol data-start=\"1515\" data-end=\"1784\">\n<li data-section-id=\"1lbij34\" data-start=\"1515\" data-end=\"1568\">Motiv ausw\u00e4hlen und digitale Gru\u00dfkarte erstellen<\/li>\n<li data-section-id=\"1ms3zpi\" data-start=\"1569\" data-end=\"1643\">Den Einladungslink mit Familie, Freund:innen oder Kolleg:innen teilen<\/li>\n<li data-section-id=\"srk7eu\" data-start=\"1644\" data-end=\"1716\">Alle unterschreiben gemeinsam online mit pers\u00f6nlichen Gl\u00fcckw\u00fcnschen<\/li>\n<li data-section-id=\"kh370p\" data-start=\"1717\" data-end=\"1784\">Die fertige Karte digital versenden oder als PDF herunterladen<\/li>\n<\/ol>\n<p data-start=\"1786\" data-end=\"1862\" data-is-last-node=\"\" data-is-only-node=\"\"><strong data-start=\"1786\" data-end=\"1859\">Ocardoo \u2013 die digitale Gruppengru\u00dfkarte zum gemeinsam unterschreiben.<\/strong> \ud83d\udc9b<\/p>\n<\/div>\n<\/div>\n<\/div>\n<\/div>\n<\/div>\n<\/div>\n<\/div>\n<\/div>","protected":false},"excerpt":{"rendered":"<p>\ud83d\udc76\ud83d\udc97 Zeit f\u00fcr Kuscheln, Tr\u00e4umen &amp; Wunder! Diese liebevoll gestaltete digitale Baby-Gru\u00dfkarte ist perfekt zur Geburt, Babypause, Elternzeit oder f\u00fcr frischgebackene Eltern. Mit sanften Farben, modernem Aquarell-Design und emotionalem Spruch [&hellip;]<\/p>","protected":false},"author":20,"featured_media":20316,"comment_status":"open","ping_status":"closed","template":"","meta":{"_acf_changed":false,"inline_featured_image":false,"footnotes":""},"product_cat":[85,533,84,158],"product_tag":[279,395,197,146,534,353,147,538,537],"class_list":["post-21024","product","type-product","status-publish","has-post-thumbnail","hentry","product_cat-abschied-verlaesst-unternehmen","product_cat-abschied-elternzeit","product_cat-anlaesse","product_cat-mama","product_tag-abschied","product_tag-abschiedskarte","product_tag-baby","product_tag-eltern","product_tag-elternzeit","product_tag-kollegin","product_tag-mama","product_tag-mamaprojekt","product_tag-projekt","pa_variante-basic","pa_variante-premium"],"acf":[],"_links":{"self":[{"href":"https:\/\/ocardoo.com\/en\/wp-json\/wp\/v2\/product\/21024","targetHints":{"allow":["GET"]}}],"collection":[{"href":"https:\/\/ocardoo.com\/en\/wp-json\/wp\/v2\/product"}],"about":[{"href":"https:\/\/ocardoo.com\/en\/wp-json\/wp\/v2\/types\/product"}],"author":[{"embeddable":true,"href":"https:\/\/ocardoo.com\/en\/wp-json\/wp\/v2\/users\/20"}],"replies":[{"embeddable":true,"href":"https:\/\/ocardoo.com\/en\/wp-json\/wp\/v2\/comments?post=21024"}],"version-history":[{"count":2,"href":"https:\/\/ocardoo.com\/en\/wp-json\/wp\/v2\/product\/21024\/revisions"}],"predecessor-version":[{"id":21028,"href":"https:\/\/ocardoo.com\/en\/wp-json\/wp\/v2\/product\/21024\/revisions\/21028"}],"wp:featuredmedia":[{"embeddable":true,"href":"https:\/\/ocardoo.com\/en\/wp-json\/wp\/v2\/media\/20316"}],"wp:attachment":[{"href":"https:\/\/ocardoo.com\/en\/wp-json\/wp\/v2\/media?parent=21024"}],"wp:term":[{"taxonomy":"product_cat","embeddable":true,"href":"https:\/\/ocardoo.com\/en\/wp-json\/wp\/v2\/product_cat?post=21024"},{"taxonomy":"product_tag","embeddable":true,"href":"https:\/\/ocardoo.com\/en\/wp-json\/wp\/v2\/product_tag?post=21024"}],"curies":[{"name":"wp","href":"https:\/\/api.w.org\/{rel}","templated":true}]}}