{"id":21045,"date":"2026-05-06T14:50:56","date_gmt":"2026-05-06T12:50:56","guid":{"rendered":"https:\/\/ocardoo.com\/?post_type=product&#038;p=21045"},"modified":"2026-05-06T14:52:28","modified_gmt":"2026-05-06T12:52:28","slug":"31170","status":"publish","type":"product","link":"https:\/\/ocardoo.com\/en\/product\/31170\/","title":{"rendered":"Wir waren die Besten \u2013 Digitale Freundschafts- &#038; Teamkarte | Gruppengru\u00dfkarte gemeinsam online unterschreiben"},"content":{"rendered":"<p data-start=\"156\" data-end=\"187\">\ud83d\udc9c\u2728 <strong data-start=\"160\" data-end=\"187\">\u201eWir waren die Besten.\u201c<\/strong><\/p>\n<p data-start=\"189\" data-end=\"472\">Diese moderne digitale Gru\u00dfkarte feiert echte Freundschaft, unvergessliche Teammomente und gemeinsame Erinnerungen. Ob f\u00fcr Kolleg:innen, beste Freund:innen, ein gro\u00dfartiges Team oder zum Abschied \u2013 diese Karte sagt auf kreative und emotionale Weise: <em data-start=\"439\" data-end=\"472\">Zusammen waren wir unschlagbar.<\/em><\/p>\n<p data-start=\"474\" data-end=\"686\">Das stylische Handlettering-Design mit liebevollen Illustrationen und dem starken Team-Spirit macht diese digitale Gruppengru\u00dfkarte zu einer besonderen Erinnerung voller Wertsch\u00e4tzung, Zusammenhalt und Emotionen.<\/p>\n<p data-start=\"688\" data-end=\"827\">Mit Ocardoo k\u00f6nnt ihr die Karte gemeinsam online unterschreiben und pers\u00f6nliche Botschaften sammeln \u2013 ganz einfach digital und von \u00fcberall.<\/p>\n<p data-start=\"829\" data-end=\"916\">\ud83d\udc8c Perfekt f\u00fcr Menschen, die gemeinsam viel erlebt haben und sich nie vergessen werden.<\/p>\n<h3 data-section-id=\"1v1v1zt\" data-start=\"918\" data-end=\"943\">Perfekt geeignet f\u00fcr:<\/h3>\n<ul data-start=\"944\" data-end=\"1108\">\n<li data-section-id=\"10xqu9e\" data-start=\"944\" data-end=\"973\">Abschied von Kolleg:innen<\/li>\n<li data-section-id=\"1bch0t7\" data-start=\"974\" data-end=\"996\">beste Freund:innen<\/li>\n<li data-section-id=\"18ah9c6\" data-start=\"997\" data-end=\"1013\">Teamabschied<\/li>\n<li data-section-id=\"122s007\" data-start=\"1014\" data-end=\"1038\">Schulabschluss &amp; Abi<\/li>\n<li data-section-id=\"1oatdip\" data-start=\"1039\" data-end=\"1072\">Vereins- oder Gruppenabschied<\/li>\n<li data-section-id=\"19q03nw\" data-start=\"1073\" data-end=\"1108\">Erinnerung an gemeinsame Zeiten<\/li>\n<\/ul>\n<h3 data-section-id=\"6pkrzb\" data-start=\"1110\" data-end=\"1124\">Ideal als:<\/h3>\n<p data-start=\"1125\" data-end=\"1337\">\u2714 digitale Freundschaftskarte<br data-start=\"1154\" data-end=\"1157\" \/>\u2714 Teamkarte online unterschreiben<br data-start=\"1190\" data-end=\"1193\" \/>\u2714 Gruppengru\u00dfkarte digital unterschreiben<br data-start=\"1234\" data-end=\"1237\" \/>\u2714 digitale Abschiedskarte<br data-start=\"1262\" data-end=\"1265\" \/>\u2714 gemeinsame Gru\u00dfkarte f\u00fcr Teams<br data-start=\"1297\" data-end=\"1300\" \/>\u2714 Erinnerungskarte f\u00fcr Freund:innen<\/p>\n<h3 data-section-id=\"17luodp\" data-start=\"1339\" data-end=\"1373\">Das macht die Karte besonders:<\/h3>\n<ul data-start=\"1374\" data-end=\"1617\">\n<li data-section-id=\"ztbfyb\" data-start=\"1374\" data-end=\"1407\">modernes Handlettering-Design<\/li>\n<li data-section-id=\"f8slds\" data-start=\"1408\" data-end=\"1435\">emotional &amp; motivierend<\/li>\n<li data-section-id=\"ur8l9e\" data-start=\"1436\" data-end=\"1471\">gemeinsam online unterschreiben<\/li>\n<li data-section-id=\"ty773g\" data-start=\"1472\" data-end=\"1517\">pers\u00f6nliche Nachrichten von allen sammeln<\/li>\n<li data-section-id=\"1fh1own\" data-start=\"1518\" data-end=\"1568\">perfekt f\u00fcr Teams, Freund:innen &amp; Kolleg:innen<\/li>\n<li data-section-id=\"1ao155d\" data-start=\"1569\" data-end=\"1617\">digital versenden oder als PDF herunterladen<\/li>\n<\/ul>\n<h2 data-section-id=\"17ey7so\" data-start=\"1619\" data-end=\"1646\">So funktioniert Ocardoo:<\/h2>\n<ol data-start=\"1647\" data-end=\"1892\">\n<li data-section-id=\"1g27h43\" data-start=\"1647\" data-end=\"1687\">Digitale Gruppengru\u00dfkarte ausw\u00e4hlen<\/li>\n<li data-section-id=\"1eo8bd5\" data-start=\"1688\" data-end=\"1753\">Den Einladungslink mit Freund:innen oder Kolleg:innen teilen<\/li>\n<li data-section-id=\"1m6k59y\" data-start=\"1754\" data-end=\"1824\">Alle unterschreiben gemeinsam online mit pers\u00f6nlichen Botschaften<\/li>\n<li data-section-id=\"kh370p\" data-start=\"1825\" data-end=\"1892\">Die fertige Karte digital versenden oder als PDF herunterladen<\/li>\n<\/ol>\n<p data-start=\"1894\" data-end=\"1970\" data-is-last-node=\"\" data-is-only-node=\"\"><strong data-start=\"1894\" data-end=\"1967\">Ocardoo \u2013 die digitale Gruppengru\u00dfkarte zum gemeinsam unterschreiben.<\/strong> \ud83d\udc9c<\/p>","protected":false},"excerpt":{"rendered":"<p>\ud83d\udc9c\u2728 \u201eWir waren die Besten.\u201c Diese moderne digitale Gru\u00dfkarte feiert echte Freundschaft, unvergessliche Teammomente und gemeinsame Erinnerungen. Ob f\u00fcr Kolleg:innen, beste Freund:innen, ein gro\u00dfartiges Team oder zum Abschied \u2013 diese [&hellip;]<\/p>","protected":false},"author":20,"featured_media":20320,"comment_status":"open","ping_status":"closed","template":"","meta":{"_acf_changed":false,"inline_featured_image":false,"footnotes":""},"product_cat":[85,84],"product_tag":[544,279,395,235,545,542,354,540,543,541],"class_list":["post-21045","product","type-product","status-publish","has-post-thumbnail","hentry","product_cat-abschied-verlaesst-unternehmen","product_cat-anlaesse","product_tag-abenteuer","product_tag-abschied","product_tag-abschiedskarte","product_tag-danke","product_tag-danke-fuer-alles","product_tag-jobwechsel","product_tag-kollege","product_tag-kuendigung","product_tag-neustart","product_tag-team","pa_variante-basic","pa_variante-premium"],"acf":[],"_links":{"self":[{"href":"https:\/\/ocardoo.com\/en\/wp-json\/wp\/v2\/product\/21045","targetHints":{"allow":["GET"]}}],"collection":[{"href":"https:\/\/ocardoo.com\/en\/wp-json\/wp\/v2\/product"}],"about":[{"href":"https:\/\/ocardoo.com\/en\/wp-json\/wp\/v2\/types\/product"}],"author":[{"embeddable":true,"href":"https:\/\/ocardoo.com\/en\/wp-json\/wp\/v2\/users\/20"}],"replies":[{"embeddable":true,"href":"https:\/\/ocardoo.com\/en\/wp-json\/wp\/v2\/comments?post=21045"}],"version-history":[{"count":2,"href":"https:\/\/ocardoo.com\/en\/wp-json\/wp\/v2\/product\/21045\/revisions"}],"predecessor-version":[{"id":21049,"href":"https:\/\/ocardoo.com\/en\/wp-json\/wp\/v2\/product\/21045\/revisions\/21049"}],"wp:featuredmedia":[{"embeddable":true,"href":"https:\/\/ocardoo.com\/en\/wp-json\/wp\/v2\/media\/20320"}],"wp:attachment":[{"href":"https:\/\/ocardoo.com\/en\/wp-json\/wp\/v2\/media?parent=21045"}],"wp:term":[{"taxonomy":"product_cat","embeddable":true,"href":"https:\/\/ocardoo.com\/en\/wp-json\/wp\/v2\/product_cat?post=21045"},{"taxonomy":"product_tag","embeddable":true,"href":"https:\/\/ocardoo.com\/en\/wp-json\/wp\/v2\/product_tag?post=21045"}],"curies":[{"name":"wp","href":"https:\/\/api.w.org\/{rel}","templated":true}]}}