{"id":21050,"date":"2026-05-06T14:52:40","date_gmt":"2026-05-06T12:52:40","guid":{"rendered":"https:\/\/ocardoo.com\/?post_type=product&#038;p=21050"},"modified":"2026-05-06T14:54:07","modified_gmt":"2026-05-06T12:54:07","slug":"31171","status":"publish","type":"product","link":"https:\/\/ocardoo.com\/en\/product\/31171\/","title":{"rendered":"Wir waren die Besten \u2013 Digitale Teamkarte &#038; Abschiedskarte | Gruppengru\u00dfkarte gemeinsam online unterschreiben"},"content":{"rendered":"<p data-start=\"143\" data-end=\"213\">\u2708\ufe0f\ud83d\udda4 <strong data-start=\"148\" data-end=\"213\">\u201eGeh jetzt lieber, sonst \u00fcberreden wir dich noch zu bleiben\u2026\u201c<\/strong><\/p>\n<p data-start=\"215\" data-end=\"503\">Diese moderne digitale Abschieds-Gru\u00dfkarte ist perfekt f\u00fcr Kolleg:innen, Freund:innen oder Herzensmenschen, die einen neuen Weg einschlagen. Mit ihrem kreativen Handlettering-Stil, emotionalen Spr\u00fcchen und liebevollen Illustrationen wird aus einem Abschied eine ganz besondere Erinnerung.<\/p>\n<p data-start=\"505\" data-end=\"754\">Ob Jobwechsel, Umzug, Abschied aus dem Team oder neues Abenteuer \u2013 mit Ocardoo k\u00f6nnt ihr gemeinsam online unterschreiben und pers\u00f6nliche Nachrichten sammeln. So entsteht eine einzigartige digitale Gruppengru\u00dfkarte voller Wertsch\u00e4tzung und Emotionen.<\/p>\n<p data-start=\"756\" data-end=\"847\">\ud83d\udc8c Gemeinsam lachen, erinnern und alles Gute w\u00fcnschen \u2013 digital, pers\u00f6nlich und von Herzen.<\/p>\n<h3 data-section-id=\"1v1v1zt\" data-start=\"849\" data-end=\"874\">Perfekt geeignet f\u00fcr:<\/h3>\n<ul data-start=\"875\" data-end=\"1055\">\n<li data-section-id=\"10xqu9e\" data-start=\"875\" data-end=\"904\">Abschied von Kolleg:innen<\/li>\n<li data-section-id=\"rvouo5\" data-start=\"905\" data-end=\"931\">Jobwechsel &amp; K\u00fcndigung<\/li>\n<li data-section-id=\"18ah9c6\" data-start=\"932\" data-end=\"948\">Teamabschied<\/li>\n<li data-section-id=\"1tst3vn\" data-start=\"949\" data-end=\"979\">neues Abenteuer &amp; Neustart<\/li>\n<li data-section-id=\"9l2rn8\" data-start=\"980\" data-end=\"1007\">Umzug oder Auswanderung<\/li>\n<li data-section-id=\"1rtqg14\" data-start=\"1008\" data-end=\"1055\">gemeinsame Gr\u00fc\u00dfe von Freund:innen &amp; Familie<\/li>\n<\/ul>\n<h3 data-section-id=\"6pkrzb\" data-start=\"1057\" data-end=\"1071\">Ideal als:<\/h3>\n<p data-start=\"1072\" data-end=\"1277\">\u2714 digitale Abschiedskarte<br data-start=\"1097\" data-end=\"1100\" \/>\u2714 Gruppengru\u00dfkarte f\u00fcr Kolleg:innen<br data-start=\"1135\" data-end=\"1138\" \/>\u2714 Teamkarte online unterschreiben<br data-start=\"1171\" data-end=\"1174\" \/>\u2714 gemeinsame digitale Gru\u00dfkarte<br data-start=\"1205\" data-end=\"1208\" \/>\u2714 Karte zum Jobwechsel<br data-start=\"1230\" data-end=\"1233\" \/>\u2714 digitale Karte f\u00fcr neuen Lebensabschnitt<\/p>\n<h3 data-section-id=\"17luodp\" data-start=\"1279\" data-end=\"1313\">Das macht die Karte besonders:<\/h3>\n<ul data-start=\"1314\" data-end=\"1511\">\n<li data-section-id=\"1slrafg\" data-start=\"1314\" data-end=\"1349\">emotionales und modernes Design<\/li>\n<li data-section-id=\"ur8l9e\" data-start=\"1350\" data-end=\"1385\">gemeinsam online unterschreiben<\/li>\n<li data-section-id=\"1nq43g8\" data-start=\"1386\" data-end=\"1417\">perfekt f\u00fcr Teams &amp; Gruppen<\/li>\n<li data-section-id=\"ty773g\" data-start=\"1418\" data-end=\"1463\">pers\u00f6nliche Nachrichten von allen sammeln<\/li>\n<li data-section-id=\"1eh5exa\" data-start=\"1464\" data-end=\"1511\">sofort digital versenden oder herunterladen<\/li>\n<\/ul>\n<h2 data-section-id=\"17ey7so\" data-start=\"1513\" data-end=\"1540\">So funktioniert Ocardoo:<\/h2>\n<ol data-start=\"1541\" data-end=\"1795\">\n<li data-section-id=\"1g27h43\" data-start=\"1541\" data-end=\"1581\">Digitale Gruppengru\u00dfkarte ausw\u00e4hlen<\/li>\n<li data-section-id=\"v5hy12\" data-start=\"1582\" data-end=\"1656\">Den Einladungslink mit Kolleg:innen, Freund:innen oder Familie teilen<\/li>\n<li data-section-id=\"1m6k59y\" data-start=\"1657\" data-end=\"1727\">Alle unterschreiben gemeinsam online mit pers\u00f6nlichen Botschaften<\/li>\n<li data-section-id=\"kh370p\" data-start=\"1728\" data-end=\"1795\">Die fertige Karte digital versenden oder als PDF herunterladen<\/li>\n<\/ol>\n<p data-start=\"1797\" data-end=\"1843\" data-is-last-node=\"\" data-is-only-node=\"\"><strong data-start=\"1797\" data-end=\"1840\">Ocardoo \u2013 PERS\u00d6NLICH GEHT AUCH DIGITAL.<\/strong> \ud83d\udc9b<\/p>","protected":false},"excerpt":{"rendered":"<p>\u2708\ufe0f\ud83d\udda4 \u201eGeh jetzt lieber, sonst \u00fcberreden wir dich noch zu bleiben\u2026\u201c Diese moderne digitale Abschieds-Gru\u00dfkarte ist perfekt f\u00fcr Kolleg:innen, Freund:innen oder Herzensmenschen, die einen neuen Weg einschlagen. Mit ihrem kreativen [&hellip;]<\/p>","protected":false},"author":20,"featured_media":20321,"comment_status":"open","ping_status":"closed","template":"","meta":{"_acf_changed":false,"inline_featured_image":false,"footnotes":""},"product_cat":[85,84],"product_tag":[544,279,395,554,235,545,542,354,540,543,541],"class_list":["post-21050","product","type-product","status-publish","has-post-thumbnail","hentry","product_cat-abschied-verlaesst-unternehmen","product_cat-anlaesse","product_tag-abenteuer","product_tag-abschied","product_tag-abschiedskarte","product_tag-besten","product_tag-danke","product_tag-danke-fuer-alles","product_tag-jobwechsel","product_tag-kollege","product_tag-kuendigung","product_tag-neustart","product_tag-team","pa_variante-basic","pa_variante-premium"],"acf":[],"_links":{"self":[{"href":"https:\/\/ocardoo.com\/en\/wp-json\/wp\/v2\/product\/21050","targetHints":{"allow":["GET"]}}],"collection":[{"href":"https:\/\/ocardoo.com\/en\/wp-json\/wp\/v2\/product"}],"about":[{"href":"https:\/\/ocardoo.com\/en\/wp-json\/wp\/v2\/types\/product"}],"author":[{"embeddable":true,"href":"https:\/\/ocardoo.com\/en\/wp-json\/wp\/v2\/users\/20"}],"replies":[{"embeddable":true,"href":"https:\/\/ocardoo.com\/en\/wp-json\/wp\/v2\/comments?post=21050"}],"version-history":[{"count":2,"href":"https:\/\/ocardoo.com\/en\/wp-json\/wp\/v2\/product\/21050\/revisions"}],"predecessor-version":[{"id":21054,"href":"https:\/\/ocardoo.com\/en\/wp-json\/wp\/v2\/product\/21050\/revisions\/21054"}],"wp:featuredmedia":[{"embeddable":true,"href":"https:\/\/ocardoo.com\/en\/wp-json\/wp\/v2\/media\/20321"}],"wp:attachment":[{"href":"https:\/\/ocardoo.com\/en\/wp-json\/wp\/v2\/media?parent=21050"}],"wp:term":[{"taxonomy":"product_cat","embeddable":true,"href":"https:\/\/ocardoo.com\/en\/wp-json\/wp\/v2\/product_cat?post=21050"},{"taxonomy":"product_tag","embeddable":true,"href":"https:\/\/ocardoo.com\/en\/wp-json\/wp\/v2\/product_tag?post=21050"}],"curies":[{"name":"wp","href":"https:\/\/api.w.org\/{rel}","templated":true}]}}