{"id":21055,"date":"2026-05-06T14:54:22","date_gmt":"2026-05-06T12:54:22","guid":{"rendered":"https:\/\/ocardoo.com\/?post_type=product&#038;p=21055"},"modified":"2026-05-06T14:56:05","modified_gmt":"2026-05-06T12:56:05","slug":"31172","status":"publish","type":"product","link":"https:\/\/ocardoo.com\/en\/product\/31172\/","title":{"rendered":"Das wird schwer zu toppen \u2013 Digitale Abschiedskarte &#038; Gruppengru\u00dfkarte online unterschreiben"},"content":{"rendered":"<p data-start=\"139\" data-end=\"177\">\ud83c\udfd4\ufe0f\ud83d\udc9c <strong data-start=\"145\" data-end=\"177\">\u201eDas wird schwer zu toppen.\u201c<\/strong><\/p>\n<p data-start=\"179\" data-end=\"438\">Diese moderne digitale Gruppengru\u00dfkarte ist die perfekte Wahl f\u00fcr Menschen, die gemeinsam Gro\u00dfes erreicht haben. Ob Abschied im Team, Jobwechsel, Schulabschluss oder ein neuer Lebensabschnitt \u2013 diese Karte steht f\u00fcr Motivation, Zusammenhalt und Wertsch\u00e4tzung.<\/p>\n<p data-start=\"440\" data-end=\"661\">Das kraftvolle Bergmotiv symbolisiert gemeinsame Herausforderungen, Erfolge und Erinnerungen, die bleiben. Der Weg zum Gipfel steht dabei f\u00fcr euren gemeinsamen Weg \u2013 voller Teamgeist, Unterst\u00fctzung und besonderer Momente.<\/p>\n<p data-start=\"663\" data-end=\"828\">Mit Ocardoo k\u00f6nnt ihr die Karte gemeinsam online unterschreiben und pers\u00f6nliche Nachrichten, W\u00fcnsche und Erinnerungen sammeln \u2013 ganz einfach digital und von \u00fcberall.<\/p>\n<p data-start=\"830\" data-end=\"933\">\ud83d\udc8c So entsteht eine einzigartige digitale Abschiedskarte voller Emotionen und pers\u00f6nlicher Botschaften.<\/p>\n<h3 data-section-id=\"1v1v1zt\" data-start=\"935\" data-end=\"960\">Perfekt geeignet f\u00fcr:<\/h3>\n<ul data-start=\"961\" data-end=\"1131\">\n<li data-section-id=\"10xqu9e\" data-start=\"961\" data-end=\"990\">Abschied von Kolleg:innen<\/li>\n<li data-section-id=\"d4351y\" data-start=\"991\" data-end=\"1030\">Jobwechsel &amp; neue Herausforderungen<\/li>\n<li data-section-id=\"18ah9c6\" data-start=\"1031\" data-end=\"1047\">Teamabschied<\/li>\n<li data-section-id=\"122s007\" data-start=\"1048\" data-end=\"1072\">Schulabschluss &amp; Abi<\/li>\n<li data-section-id=\"1rtc2ee\" data-start=\"1073\" data-end=\"1099\">Motivation &amp; Mutmacher<\/li>\n<li data-section-id=\"k490gc\" data-start=\"1100\" data-end=\"1131\">Freundschaft &amp; Zusammenhalt<\/li>\n<\/ul>\n<h3 data-section-id=\"6pkrzb\" data-start=\"1133\" data-end=\"1147\">Ideal als:<\/h3>\n<p data-start=\"1148\" data-end=\"1333\">\u2714 digitale Abschiedskarte<br data-start=\"1173\" data-end=\"1176\" \/>\u2714 digitale Teamkarte<br data-start=\"1196\" data-end=\"1199\" \/>\u2714 Gruppengru\u00dfkarte online unterschreiben<br data-start=\"1239\" data-end=\"1242\" \/>\u2714 gemeinsame Gru\u00dfkarte f\u00fcr Kolleg:innen<br data-start=\"1281\" data-end=\"1284\" \/>\u2714 Mutmacher-Karte<br data-start=\"1301\" data-end=\"1304\" \/>\u2714 digitale Erinnerungskarte<\/p>\n<h3 data-section-id=\"17luodp\" data-start=\"1335\" data-end=\"1369\">Das macht die Karte besonders:<\/h3>\n<ul data-start=\"1370\" data-end=\"1626\">\n<li data-section-id=\"1gbg26q\" data-start=\"1370\" data-end=\"1415\">modernes Motivations-Design mit Bergmotiv<\/li>\n<li data-section-id=\"fko3fa\" data-start=\"1416\" data-end=\"1444\">emotional &amp; inspirierend<\/li>\n<li data-section-id=\"ur8l9e\" data-start=\"1445\" data-end=\"1480\">gemeinsam online unterschreiben<\/li>\n<li data-section-id=\"ty773g\" data-start=\"1481\" data-end=\"1526\">pers\u00f6nliche Nachrichten von allen sammeln<\/li>\n<li data-section-id=\"1ao155d\" data-start=\"1527\" data-end=\"1575\">digital versenden oder als PDF herunterladen<\/li>\n<li data-section-id=\"1fh1own\" data-start=\"1576\" data-end=\"1626\">perfekt f\u00fcr Teams, Freund:innen &amp; Kolleg:innen<\/li>\n<\/ul>\n<h2 data-section-id=\"17ey7so\" data-start=\"1628\" data-end=\"1655\">So funktioniert Ocardoo:<\/h2>\n<ol data-start=\"1656\" data-end=\"1910\">\n<li data-section-id=\"1g27h43\" data-start=\"1656\" data-end=\"1696\">Digitale Gruppengru\u00dfkarte ausw\u00e4hlen<\/li>\n<li data-section-id=\"v5hy12\" data-start=\"1697\" data-end=\"1771\">Den Einladungslink mit Kolleg:innen, Freund:innen oder Familie teilen<\/li>\n<li data-section-id=\"1acmjac\" data-start=\"1772\" data-end=\"1842\">Alle unterschreiben gemeinsam online mit pers\u00f6nlichen Nachrichten<\/li>\n<li data-section-id=\"kh370p\" data-start=\"1843\" data-end=\"1910\">Die fertige Karte digital versenden oder als PDF herunterladen<\/li>\n<\/ol>\n<p data-start=\"1912\" data-end=\"1988\" data-is-last-node=\"\" data-is-only-node=\"\"><strong data-start=\"1912\" data-end=\"1985\">Ocardoo \u2013 die digitale Gruppengru\u00dfkarte zum gemeinsam unterschreiben.<\/strong> \ud83d\udc9c<\/p>","protected":false},"excerpt":{"rendered":"<p>\ud83c\udfd4\ufe0f\ud83d\udc9c \u201eDas wird schwer zu toppen.\u201c Diese moderne digitale Gruppengru\u00dfkarte ist die perfekte Wahl f\u00fcr Menschen, die gemeinsam Gro\u00dfes erreicht haben. Ob Abschied im Team, Jobwechsel, Schulabschluss oder ein neuer [&hellip;]<\/p>","protected":false},"author":20,"featured_media":20322,"comment_status":"open","ping_status":"closed","template":"","meta":{"_acf_changed":false,"inline_featured_image":false,"footnotes":""},"product_cat":[85,84],"product_tag":[544,279,395,235,545,542,354,540,543,541],"class_list":["post-21055","product","type-product","status-publish","has-post-thumbnail","hentry","product_cat-abschied-verlaesst-unternehmen","product_cat-anlaesse","product_tag-abenteuer","product_tag-abschied","product_tag-abschiedskarte","product_tag-danke","product_tag-danke-fuer-alles","product_tag-jobwechsel","product_tag-kollege","product_tag-kuendigung","product_tag-neustart","product_tag-team","pa_variante-basic","pa_variante-premium"],"acf":[],"_links":{"self":[{"href":"https:\/\/ocardoo.com\/en\/wp-json\/wp\/v2\/product\/21055","targetHints":{"allow":["GET"]}}],"collection":[{"href":"https:\/\/ocardoo.com\/en\/wp-json\/wp\/v2\/product"}],"about":[{"href":"https:\/\/ocardoo.com\/en\/wp-json\/wp\/v2\/types\/product"}],"author":[{"embeddable":true,"href":"https:\/\/ocardoo.com\/en\/wp-json\/wp\/v2\/users\/20"}],"replies":[{"embeddable":true,"href":"https:\/\/ocardoo.com\/en\/wp-json\/wp\/v2\/comments?post=21055"}],"version-history":[{"count":2,"href":"https:\/\/ocardoo.com\/en\/wp-json\/wp\/v2\/product\/21055\/revisions"}],"predecessor-version":[{"id":21059,"href":"https:\/\/ocardoo.com\/en\/wp-json\/wp\/v2\/product\/21055\/revisions\/21059"}],"wp:featuredmedia":[{"embeddable":true,"href":"https:\/\/ocardoo.com\/en\/wp-json\/wp\/v2\/media\/20322"}],"wp:attachment":[{"href":"https:\/\/ocardoo.com\/en\/wp-json\/wp\/v2\/media?parent=21055"}],"wp:term":[{"taxonomy":"product_cat","embeddable":true,"href":"https:\/\/ocardoo.com\/en\/wp-json\/wp\/v2\/product_cat?post=21055"},{"taxonomy":"product_tag","embeddable":true,"href":"https:\/\/ocardoo.com\/en\/wp-json\/wp\/v2\/product_tag?post=21055"}],"curies":[{"name":"wp","href":"https:\/\/api.w.org\/{rel}","templated":true}]}}