{"id":21060,"date":"2026-05-06T14:56:52","date_gmt":"2026-05-06T12:56:52","guid":{"rendered":"https:\/\/ocardoo.com\/?post_type=product&#038;p=21060"},"modified":"2026-05-06T14:58:50","modified_gmt":"2026-05-06T12:58:50","slug":"31173","status":"publish","type":"product","link":"https:\/\/ocardoo.com\/en\/product\/31173\/","title":{"rendered":"Wir waren deine Besten \u2013 Digitale Abschiedskarte &#038; Gruppengru\u00dfkarte gemeinsam online unterschreiben"},"content":{"rendered":"<p data-start=\"146\" data-end=\"180\">\ud83d\udc99 <strong data-start=\"149\" data-end=\"178\">\u201eWir waren deine Besten.\u201c<\/strong><\/p>\n<p data-start=\"182\" data-end=\"499\">Diese moderne digitale Gruppengru\u00dfkarte ist perfekt f\u00fcr besondere Menschen, mit denen man gemeinsam durch dick und d\u00fcnn gegangen ist. Ob Abschied von Kolleg:innen, Teamwechsel, Schulabschluss oder ein emotionaler Neuanfang \u2013 diese Karte sagt auf humorvolle und gleichzeitig pers\u00f6nliche Weise: <em data-start=\"475\" data-end=\"497\">Du wirst uns fehlen!<\/em><\/p>\n<p data-start=\"501\" data-end=\"719\">Das minimalistische Design mit dem Fist-Bump steht f\u00fcr Zusammenhalt, Freundschaft, Loyalit\u00e4t und echte Team-Momente. Ideal f\u00fcr Teams, beste Freund:innen oder Kolleg:innen, die gemeinsam Erinnerungen geschaffen haben.<\/p>\n<p data-start=\"721\" data-end=\"906\">Mit Ocardoo k\u00f6nnt ihr die Karte ganz einfach gemeinsam online unterschreiben und pers\u00f6nliche Nachrichten, Insider, W\u00fcnsche und liebe Worte sammeln \u2013 egal wo sich alle gerade befinden.<\/p>\n<p data-start=\"908\" data-end=\"1014\">\ud83d\udc8c So entsteht eine einzigartige digitale Abschiedskarte voller Emotionen und pers\u00f6nlicher Erinnerungen.<\/p>\n<h3 data-section-id=\"1v1v1zt\" data-start=\"1016\" data-end=\"1041\">Perfekt geeignet f\u00fcr:<\/h3>\n<ul data-start=\"1042\" data-end=\"1219\">\n<li data-section-id=\"10xqu9e\" data-start=\"1042\" data-end=\"1071\">Abschied von Kolleg:innen<\/li>\n<li data-section-id=\"dai5h2\" data-start=\"1072\" data-end=\"1087\">Teamwechsel<\/li>\n<li data-section-id=\"l40nws\" data-start=\"1088\" data-end=\"1102\">Jobwechsel<\/li>\n<li data-section-id=\"122s007\" data-start=\"1103\" data-end=\"1127\">Schulabschluss &amp; Abi<\/li>\n<li data-section-id=\"k490gc\" data-start=\"1128\" data-end=\"1159\">Freundschaft &amp; Zusammenhalt<\/li>\n<li data-section-id=\"iqd772\" data-start=\"1160\" data-end=\"1191\">Vereins- &amp; Gruppenabschiede<\/li>\n<li data-section-id=\"1ywdpve\" data-start=\"1192\" data-end=\"1219\">lustige Abschiedskarten<\/li>\n<\/ul>\n<h3 data-section-id=\"6pkrzb\" data-start=\"1221\" data-end=\"1235\">Ideal als:<\/h3>\n<p data-start=\"1236\" data-end=\"1427\">\u2714 digitale Abschiedskarte<br data-start=\"1261\" data-end=\"1264\" \/>\u2714 digitale Teamkarte<br data-start=\"1284\" data-end=\"1287\" \/>\u2714 Gruppengru\u00dfkarte online unterschreiben<br data-start=\"1327\" data-end=\"1330\" \/>\u2714 gemeinsame Gru\u00dfkarte f\u00fcr Kolleg:innen<br data-start=\"1369\" data-end=\"1372\" \/>\u2714 Team-Abschiedskarte<br data-start=\"1393\" data-end=\"1396\" \/>\u2714 digitale Freundschaftskarte<\/p>\n<h3 data-section-id=\"17luodp\" data-start=\"1429\" data-end=\"1463\">Das macht die Karte besonders:<\/h3>\n<ul data-start=\"1464\" data-end=\"1717\">\n<li data-section-id=\"8y98m1\" data-start=\"1464\" data-end=\"1500\">modernes minimalistisches Design<\/li>\n<li data-section-id=\"vj52gf\" data-start=\"1501\" data-end=\"1535\">emotional &amp; humorvoll zugleich<\/li>\n<li data-section-id=\"ur8l9e\" data-start=\"1536\" data-end=\"1571\">gemeinsam online unterschreiben<\/li>\n<li data-section-id=\"ty773g\" data-start=\"1572\" data-end=\"1617\">pers\u00f6nliche Nachrichten von allen sammeln<\/li>\n<li data-section-id=\"1ao155d\" data-start=\"1618\" data-end=\"1666\">digital versenden oder als PDF herunterladen<\/li>\n<li data-section-id=\"1fh1own\" data-start=\"1667\" data-end=\"1717\">perfekt f\u00fcr Teams, Freund:innen &amp; Kolleg:innen<\/li>\n<\/ul>\n<h2 data-section-id=\"17ey7so\" data-start=\"1719\" data-end=\"1746\">So funktioniert Ocardoo:<\/h2>\n<ol data-start=\"1747\" data-end=\"2001\">\n<li data-section-id=\"1g27h43\" data-start=\"1747\" data-end=\"1787\">Digitale Gruppengru\u00dfkarte ausw\u00e4hlen<\/li>\n<li data-section-id=\"1qx6i12\" data-start=\"1788\" data-end=\"1862\">Den Einladungslink mit Freund:innen, Kolleg:innen oder Familie teilen<\/li>\n<li data-section-id=\"1acmjac\" data-start=\"1863\" data-end=\"1933\">Alle unterschreiben gemeinsam online mit pers\u00f6nlichen Nachrichten<\/li>\n<li data-section-id=\"kh370p\" data-start=\"1934\" data-end=\"2001\">Die fertige Karte digital versenden oder als PDF herunterladen<\/li>\n<\/ol>\n<p data-start=\"2003\" data-end=\"2079\" data-is-last-node=\"\" data-is-only-node=\"\"><strong data-start=\"2003\" data-end=\"2076\">Ocardoo \u2013 die digitale Gruppengru\u00dfkarte zum gemeinsam unterschreiben.<\/strong> \ud83d\udc99<\/p>","protected":false},"excerpt":{"rendered":"<p>\ud83d\udc99 \u201eWir waren deine Besten.\u201c Diese moderne digitale Gruppengru\u00dfkarte ist perfekt f\u00fcr besondere Menschen, mit denen man gemeinsam durch dick und d\u00fcnn gegangen ist. Ob Abschied von Kolleg:innen, Teamwechsel, Schulabschluss [&hellip;]<\/p>","protected":false},"author":20,"featured_media":20323,"comment_status":"open","ping_status":"closed","template":"","meta":{"_acf_changed":false,"inline_featured_image":false,"footnotes":""},"product_cat":[85,84],"product_tag":[544,279,395,554,235,545,542,354,540,543,541],"class_list":["post-21060","product","type-product","status-publish","has-post-thumbnail","hentry","product_cat-abschied-verlaesst-unternehmen","product_cat-anlaesse","product_tag-abenteuer","product_tag-abschied","product_tag-abschiedskarte","product_tag-besten","product_tag-danke","product_tag-danke-fuer-alles","product_tag-jobwechsel","product_tag-kollege","product_tag-kuendigung","product_tag-neustart","product_tag-team","pa_variante-basic","pa_variante-premium"],"acf":[],"_links":{"self":[{"href":"https:\/\/ocardoo.com\/en\/wp-json\/wp\/v2\/product\/21060","targetHints":{"allow":["GET"]}}],"collection":[{"href":"https:\/\/ocardoo.com\/en\/wp-json\/wp\/v2\/product"}],"about":[{"href":"https:\/\/ocardoo.com\/en\/wp-json\/wp\/v2\/types\/product"}],"author":[{"embeddable":true,"href":"https:\/\/ocardoo.com\/en\/wp-json\/wp\/v2\/users\/20"}],"replies":[{"embeddable":true,"href":"https:\/\/ocardoo.com\/en\/wp-json\/wp\/v2\/comments?post=21060"}],"version-history":[{"count":2,"href":"https:\/\/ocardoo.com\/en\/wp-json\/wp\/v2\/product\/21060\/revisions"}],"predecessor-version":[{"id":21064,"href":"https:\/\/ocardoo.com\/en\/wp-json\/wp\/v2\/product\/21060\/revisions\/21064"}],"wp:featuredmedia":[{"embeddable":true,"href":"https:\/\/ocardoo.com\/en\/wp-json\/wp\/v2\/media\/20323"}],"wp:attachment":[{"href":"https:\/\/ocardoo.com\/en\/wp-json\/wp\/v2\/media?parent=21060"}],"wp:term":[{"taxonomy":"product_cat","embeddable":true,"href":"https:\/\/ocardoo.com\/en\/wp-json\/wp\/v2\/product_cat?post=21060"},{"taxonomy":"product_tag","embeddable":true,"href":"https:\/\/ocardoo.com\/en\/wp-json\/wp\/v2\/product_tag?post=21060"}],"curies":[{"name":"wp","href":"https:\/\/api.w.org\/{rel}","templated":true}]}}