{"id":21065,"date":"2026-05-06T14:59:20","date_gmt":"2026-05-06T12:59:20","guid":{"rendered":"https:\/\/ocardoo.com\/?post_type=product&#038;p=21065"},"modified":"2026-05-06T15:00:57","modified_gmt":"2026-05-06T13:00:57","slug":"31175","status":"publish","type":"product","link":"https:\/\/ocardoo.com\/en\/product\/31175\/","title":{"rendered":"Neue Kollegen? Viel Gl\u00fcck \u2013 Lustige digitale Abschiedskarte &#038; Gruppengru\u00dfkarte online unterschreiben"},"content":{"rendered":"<p data-start=\"147\" data-end=\"186\">\ud83d\ude04\ud83c\udf3f <strong data-start=\"152\" data-end=\"184\">\u201eNeue Kollegen? Viel Gl\u00fcck!\u201c<\/strong><\/p>\n<p data-start=\"188\" data-end=\"446\">Diese humorvolle digitale Abschiedskarte bringt garantiert alle zum Schmunzeln. Perfekt f\u00fcr Kolleg:innen, Lieblingsmenschen im B\u00fcro oder Teammitglieder, die ein neues Kapitel beginnen. Mit einem Augenzwinkern verabschiedet ihr euch stilvoll und pers\u00f6nlich.<\/p>\n<p data-start=\"448\" data-end=\"690\">Die liebevoll gestalteten Wegweiser mit \u201eViel Spa\u00df\u201c, \u201eAbenteuer\u201c und \u201eGeduld\u201c machen diese Karte zur perfekten Mischung aus Humor, Motivation und Wertsch\u00e4tzung. Ideal f\u00fcr Jobwechsel, Abschiede im B\u00fcro oder neue berufliche Herausforderungen.<\/p>\n<p data-start=\"692\" data-end=\"857\">Mit Ocardoo k\u00f6nnt ihr die Karte gemeinsam online unterschreiben und pers\u00f6nliche Nachrichten, Insider und liebe W\u00fcnsche sammeln \u2013 egal wo sich alle gerade befinden.<\/p>\n<p data-start=\"859\" data-end=\"980\">\ud83d\udc8c So entsteht eine einzigartige digitale Gruppengru\u00dfkarte voller Erinnerungen, Teamgeist und pers\u00f6nlicher Botschaften.<\/p>\n<h3 data-section-id=\"1v1v1zt\" data-start=\"982\" data-end=\"1007\">Perfekt geeignet f\u00fcr:<\/h3>\n<ul data-start=\"1008\" data-end=\"1193\">\n<li data-section-id=\"10xqu9e\" data-start=\"1008\" data-end=\"1037\">Abschied von Kolleg:innen<\/li>\n<li data-section-id=\"l40nws\" data-start=\"1038\" data-end=\"1052\">Jobwechsel<\/li>\n<li data-section-id=\"14ziy03\" data-start=\"1053\" data-end=\"1070\">Teamabschiede<\/li>\n<li data-section-id=\"180uaw9\" data-start=\"1071\" data-end=\"1101\">B\u00fcro &amp; Arbeitskolleg:innen<\/li>\n<li data-section-id=\"xj7dtl\" data-start=\"1102\" data-end=\"1139\">neue berufliche Herausforderungen<\/li>\n<li data-section-id=\"1ywdpve\" data-start=\"1140\" data-end=\"1167\">lustige Abschiedskarten<\/li>\n<li data-section-id=\"5tboir\" data-start=\"1168\" data-end=\"1193\">humorvolle Teamkarten<\/li>\n<\/ul>\n<h3 data-section-id=\"6pkrzb\" data-start=\"1195\" data-end=\"1209\">Ideal als:<\/h3>\n<p data-start=\"1210\" data-end=\"1403\">\u2714 digitale Abschiedskarte<br data-start=\"1235\" data-end=\"1238\" \/>\u2714 lustige Gruppengru\u00dfkarte<br data-start=\"1264\" data-end=\"1267\" \/>\u2714 digitale Teamkarte<br data-start=\"1287\" data-end=\"1290\" \/>\u2714 Gruppengru\u00dfkarte online unterschreiben<br data-start=\"1330\" data-end=\"1333\" \/>\u2714 gemeinsame Gru\u00dfkarte f\u00fcr Kolleg:innen<br data-start=\"1372\" data-end=\"1375\" \/>\u2714 Abschiedskarte f\u00fcrs B\u00fcro<\/p>\n<h3 data-section-id=\"17luodp\" data-start=\"1405\" data-end=\"1439\">Das macht die Karte besonders:<\/h3>\n<ul data-start=\"1440\" data-end=\"1690\">\n<li data-section-id=\"2pyzw7\" data-start=\"1440\" data-end=\"1473\">humorvolles &amp; modernes Design<\/li>\n<li data-section-id=\"usa438\" data-start=\"1474\" data-end=\"1512\">perfekt f\u00fcr Kolleg:innen und Teams<\/li>\n<li data-section-id=\"ur8l9e\" data-start=\"1513\" data-end=\"1548\">gemeinsam online unterschreiben<\/li>\n<li data-section-id=\"ty773g\" data-start=\"1549\" data-end=\"1594\">pers\u00f6nliche Nachrichten von allen sammeln<\/li>\n<li data-section-id=\"1ao155d\" data-start=\"1595\" data-end=\"1643\">digital versenden oder als PDF herunterladen<\/li>\n<li data-section-id=\"1hjqpbp\" data-start=\"1644\" data-end=\"1690\">ideal f\u00fcr B\u00fcro, Team &amp; Arbeitskolleg:innen<\/li>\n<\/ul>\n<h2 data-section-id=\"17ey7so\" data-start=\"1692\" data-end=\"1719\">So funktioniert Ocardoo:<\/h2>\n<ol data-start=\"1720\" data-end=\"1974\">\n<li data-section-id=\"1g27h43\" data-start=\"1720\" data-end=\"1760\">Digitale Gruppengru\u00dfkarte ausw\u00e4hlen<\/li>\n<li data-section-id=\"v5hy12\" data-start=\"1761\" data-end=\"1835\">Den Einladungslink mit Kolleg:innen, Freund:innen oder Familie teilen<\/li>\n<li data-section-id=\"1acmjac\" data-start=\"1836\" data-end=\"1906\">Alle unterschreiben gemeinsam online mit pers\u00f6nlichen Nachrichten<\/li>\n<li data-section-id=\"kh370p\" data-start=\"1907\" data-end=\"1974\">Die fertige Karte digital versenden oder als PDF herunterladen<\/li>\n<\/ol>\n<p data-start=\"1976\" data-end=\"2052\" data-is-last-node=\"\" data-is-only-node=\"\"><strong data-start=\"1976\" data-end=\"2049\">Ocardoo \u2013 die digitale Gruppengru\u00dfkarte zum gemeinsam unterschreiben.<\/strong> \ud83d\udc9a<\/p>","protected":false},"excerpt":{"rendered":"<p>\ud83d\ude04\ud83c\udf3f \u201eNeue Kollegen? Viel Gl\u00fcck!\u201c Diese humorvolle digitale Abschiedskarte bringt garantiert alle zum Schmunzeln. Perfekt f\u00fcr Kolleg:innen, Lieblingsmenschen im B\u00fcro oder Teammitglieder, die ein neues Kapitel beginnen. Mit einem Augenzwinkern [&hellip;]<\/p>","protected":false},"author":20,"featured_media":20325,"comment_status":"open","ping_status":"closed","template":"","meta":{"_acf_changed":false,"inline_featured_image":false,"footnotes":""},"product_cat":[85,84],"product_tag":[544,279,395,554,235,545,542,354,540,543,541],"class_list":["post-21065","product","type-product","status-publish","has-post-thumbnail","hentry","product_cat-abschied-verlaesst-unternehmen","product_cat-anlaesse","product_tag-abenteuer","product_tag-abschied","product_tag-abschiedskarte","product_tag-besten","product_tag-danke","product_tag-danke-fuer-alles","product_tag-jobwechsel","product_tag-kollege","product_tag-kuendigung","product_tag-neustart","product_tag-team","pa_variante-basic","pa_variante-premium"],"acf":[],"_links":{"self":[{"href":"https:\/\/ocardoo.com\/en\/wp-json\/wp\/v2\/product\/21065","targetHints":{"allow":["GET"]}}],"collection":[{"href":"https:\/\/ocardoo.com\/en\/wp-json\/wp\/v2\/product"}],"about":[{"href":"https:\/\/ocardoo.com\/en\/wp-json\/wp\/v2\/types\/product"}],"author":[{"embeddable":true,"href":"https:\/\/ocardoo.com\/en\/wp-json\/wp\/v2\/users\/20"}],"replies":[{"embeddable":true,"href":"https:\/\/ocardoo.com\/en\/wp-json\/wp\/v2\/comments?post=21065"}],"version-history":[{"count":2,"href":"https:\/\/ocardoo.com\/en\/wp-json\/wp\/v2\/product\/21065\/revisions"}],"predecessor-version":[{"id":21069,"href":"https:\/\/ocardoo.com\/en\/wp-json\/wp\/v2\/product\/21065\/revisions\/21069"}],"wp:featuredmedia":[{"embeddable":true,"href":"https:\/\/ocardoo.com\/en\/wp-json\/wp\/v2\/media\/20325"}],"wp:attachment":[{"href":"https:\/\/ocardoo.com\/en\/wp-json\/wp\/v2\/media?parent=21065"}],"wp:term":[{"taxonomy":"product_cat","embeddable":true,"href":"https:\/\/ocardoo.com\/en\/wp-json\/wp\/v2\/product_cat?post=21065"},{"taxonomy":"product_tag","embeddable":true,"href":"https:\/\/ocardoo.com\/en\/wp-json\/wp\/v2\/product_tag?post=21065"}],"curies":[{"name":"wp","href":"https:\/\/api.w.org\/{rel}","templated":true}]}}