{"id":21070,"date":"2026-05-06T15:01:08","date_gmt":"2026-05-06T13:01:08","guid":{"rendered":"https:\/\/ocardoo.com\/?post_type=product&#038;p=21070"},"modified":"2026-05-06T15:11:13","modified_gmt":"2026-05-06T13:11:13","slug":"31176","status":"publish","type":"product","link":"https:\/\/ocardoo.com\/en\/product\/31176\/","title":{"rendered":"Du setzt die Messlatte verdammt hoch \u2013 Lustige digitale Abschiedskarte &#038; Gruppengru\u00dfkarte online unterschreiben"},"content":{"rendered":"<p data-start=\"158\" data-end=\"208\">\ud83d\udc99\ud83d\udc51 <strong data-start=\"163\" data-end=\"206\">\u201eDu setzt die Messlatte verdammt hoch.\u201c<\/strong><\/p>\n<p data-start=\"210\" data-end=\"479\">Diese humorvolle und gleichzeitig wertsch\u00e4tzende digitale Gruppengru\u00dfkarte ist perfekt f\u00fcr echte Team-Legenden. Ob Kolleg:in, Chef:in, Freund:in oder Lieblingsmensch im B\u00fcro \u2013 manche Menschen hinterlassen einfach gro\u00dfe Fu\u00dfstapfen. Genau daf\u00fcr ist diese Karte gemacht.<\/p>\n<p data-start=\"481\" data-end=\"629\">Mit witzigen Details, liebevollen Illustrationen und einer extra Portion Anerkennung zeigt ihr gemeinsam: <em data-start=\"587\" data-end=\"627\">So jemanden ersetzt man nicht einfach!<\/em><\/p>\n<p data-start=\"631\" data-end=\"894\">Die Karte eignet sich ideal f\u00fcr Abschiede im B\u00fcro, Jobwechsel, Teamwechsel oder neue berufliche Herausforderungen. Mit Ocardoo k\u00f6nnen alle Kolleg:innen, Freund:innen oder Familienmitglieder gemeinsam online unterschreiben und pers\u00f6nliche Nachrichten hinzuf\u00fcgen.<\/p>\n<p data-start=\"896\" data-end=\"1012\">\ud83d\udc8c So entsteht eine einzigartige digitale Abschiedskarte voller Erinnerungen, Insider und ehrlicher Wertsch\u00e4tzung.<\/p>\n<h3 data-section-id=\"1v1v1zt\" data-start=\"1014\" data-end=\"1039\">Perfekt geeignet f\u00fcr:<\/h3>\n<ul data-start=\"1040\" data-end=\"1238\">\n<li data-section-id=\"10xqu9e\" data-start=\"1040\" data-end=\"1069\">Abschied von Kolleg:innen<\/li>\n<li data-section-id=\"l40nws\" data-start=\"1070\" data-end=\"1084\">Jobwechsel<\/li>\n<li data-section-id=\"14ziy03\" data-start=\"1085\" data-end=\"1102\">Teamabschiede<\/li>\n<li data-section-id=\"1l4uh5n\" data-start=\"1103\" data-end=\"1134\">Chef:innen &amp; F\u00fchrungskr\u00e4fte<\/li>\n<li data-section-id=\"180uaw9\" data-start=\"1135\" data-end=\"1165\">B\u00fcro &amp; Arbeitskolleg:innen<\/li>\n<li data-section-id=\"5tcoym\" data-start=\"1166\" data-end=\"1196\">humorvolle Abschiedskarten<\/li>\n<li data-section-id=\"1s94gzb\" data-start=\"1197\" data-end=\"1238\">Team-Legenden &amp; Lieblingskolleg:innen<\/li>\n<\/ul>\n<h3 data-section-id=\"6pkrzb\" data-start=\"1240\" data-end=\"1254\">Ideal als:<\/h3>\n<p data-start=\"1255\" data-end=\"1448\">\u2714 digitale Abschiedskarte<br data-start=\"1280\" data-end=\"1283\" \/>\u2714 lustige Gruppengru\u00dfkarte<br data-start=\"1309\" data-end=\"1312\" \/>\u2714 digitale Teamkarte<br data-start=\"1332\" data-end=\"1335\" \/>\u2714 Gruppengru\u00dfkarte online unterschreiben<br data-start=\"1375\" data-end=\"1378\" \/>\u2714 gemeinsame Gru\u00dfkarte f\u00fcr Kolleg:innen<br data-start=\"1417\" data-end=\"1420\" \/>\u2714 Abschiedskarte f\u00fcrs B\u00fcro<\/p>\n<h3 data-section-id=\"17luodp\" data-start=\"1450\" data-end=\"1484\">Das macht die Karte besonders:<\/h3>\n<ul data-start=\"1485\" data-end=\"1738\">\n<li data-section-id=\"1wy84vl\" data-start=\"1485\" data-end=\"1524\">humorvolles &amp; modernes Comic-Design<\/li>\n<li data-section-id=\"5p261y\" data-start=\"1525\" data-end=\"1563\">perfekt f\u00fcr besondere Kolleg:innen<\/li>\n<li data-section-id=\"ur8l9e\" data-start=\"1564\" data-end=\"1599\">gemeinsam online unterschreiben<\/li>\n<li data-section-id=\"ty773g\" data-start=\"1600\" data-end=\"1645\">pers\u00f6nliche Nachrichten von allen sammeln<\/li>\n<li data-section-id=\"1ao155d\" data-start=\"1646\" data-end=\"1694\">digital versenden oder als PDF herunterladen<\/li>\n<li data-section-id=\"xmo7uy\" data-start=\"1695\" data-end=\"1738\">ideal f\u00fcr Teams, B\u00fcros &amp; Freundeskreise<\/li>\n<\/ul>\n<h2 data-section-id=\"17ey7so\" data-start=\"1740\" data-end=\"1767\">So funktioniert Ocardoo:<\/h2>\n<ol data-start=\"1768\" data-end=\"2022\">\n<li data-section-id=\"1g27h43\" data-start=\"1768\" data-end=\"1808\">Digitale Gruppengru\u00dfkarte ausw\u00e4hlen<\/li>\n<li data-section-id=\"v5hy12\" data-start=\"1809\" data-end=\"1883\">Den Einladungslink mit Kolleg:innen, Freund:innen oder Familie teilen<\/li>\n<li data-section-id=\"1acmjac\" data-start=\"1884\" data-end=\"1954\">Alle unterschreiben gemeinsam online mit pers\u00f6nlichen Nachrichten<\/li>\n<li data-section-id=\"kh370p\" data-start=\"1955\" data-end=\"2022\">Die fertige Karte digital versenden oder als PDF herunterladen<\/li>\n<\/ol>\n<p data-start=\"2024\" data-end=\"2100\" data-is-last-node=\"\" data-is-only-node=\"\"><strong data-start=\"2024\" data-end=\"2097\">Ocardoo \u2013 die digitale Gruppengru\u00dfkarte zum gemeinsam unterschreiben.<\/strong> \ud83d\udc99<\/p>","protected":false},"excerpt":{"rendered":"<p>\ud83d\udc99\ud83d\udc51 \u201eDu setzt die Messlatte verdammt hoch.\u201c Diese humorvolle und gleichzeitig wertsch\u00e4tzende digitale Gruppengru\u00dfkarte ist perfekt f\u00fcr echte Team-Legenden. Ob Kolleg:in, Chef:in, Freund:in oder Lieblingsmensch im B\u00fcro \u2013 manche Menschen [&hellip;]<\/p>","protected":false},"author":20,"featured_media":20326,"comment_status":"open","ping_status":"closed","template":"","meta":{"_acf_changed":false,"inline_featured_image":false,"footnotes":""},"product_cat":[85,84],"product_tag":[544,279,395,235,545,542,354,540,555,543,541],"class_list":["post-21070","product","type-product","status-publish","has-post-thumbnail","hentry","product_cat-abschied-verlaesst-unternehmen","product_cat-anlaesse","product_tag-abenteuer","product_tag-abschied","product_tag-abschiedskarte","product_tag-danke","product_tag-danke-fuer-alles","product_tag-jobwechsel","product_tag-kollege","product_tag-kuendigung","product_tag-messlatte","product_tag-neustart","product_tag-team","pa_variante-basic","pa_variante-premium"],"acf":[],"_links":{"self":[{"href":"https:\/\/ocardoo.com\/en\/wp-json\/wp\/v2\/product\/21070","targetHints":{"allow":["GET"]}}],"collection":[{"href":"https:\/\/ocardoo.com\/en\/wp-json\/wp\/v2\/product"}],"about":[{"href":"https:\/\/ocardoo.com\/en\/wp-json\/wp\/v2\/types\/product"}],"author":[{"embeddable":true,"href":"https:\/\/ocardoo.com\/en\/wp-json\/wp\/v2\/users\/20"}],"replies":[{"embeddable":true,"href":"https:\/\/ocardoo.com\/en\/wp-json\/wp\/v2\/comments?post=21070"}],"version-history":[{"count":2,"href":"https:\/\/ocardoo.com\/en\/wp-json\/wp\/v2\/product\/21070\/revisions"}],"predecessor-version":[{"id":21074,"href":"https:\/\/ocardoo.com\/en\/wp-json\/wp\/v2\/product\/21070\/revisions\/21074"}],"wp:featuredmedia":[{"embeddable":true,"href":"https:\/\/ocardoo.com\/en\/wp-json\/wp\/v2\/media\/20326"}],"wp:attachment":[{"href":"https:\/\/ocardoo.com\/en\/wp-json\/wp\/v2\/media?parent=21070"}],"wp:term":[{"taxonomy":"product_cat","embeddable":true,"href":"https:\/\/ocardoo.com\/en\/wp-json\/wp\/v2\/product_cat?post=21070"},{"taxonomy":"product_tag","embeddable":true,"href":"https:\/\/ocardoo.com\/en\/wp-json\/wp\/v2\/product_tag?post=21070"}],"curies":[{"name":"wp","href":"https:\/\/api.w.org\/{rel}","templated":true}]}}