{"id":21075,"date":"2026-05-06T15:11:58","date_gmt":"2026-05-06T13:11:58","guid":{"rendered":"https:\/\/ocardoo.com\/?post_type=product&#038;p=21075"},"modified":"2026-05-06T15:13:45","modified_gmt":"2026-05-06T13:13:45","slug":"31177","status":"publish","type":"product","link":"https:\/\/ocardoo.com\/en\/product\/31177\/","title":{"rendered":"Wir sind dein Ma\u00dfstab \u2013 Lustige digitale Abschiedskarte &#038; Gruppengru\u00dfkarte online unterschreiben"},"content":{"rendered":"<p data-start=\"143\" data-end=\"186\">\ud83d\udc9a\ud83d\udccf <strong data-start=\"148\" data-end=\"184\">\u201eWir sind dein Ma\u00dfstab. Nur so.\u201c<\/strong><\/p>\n<p data-start=\"188\" data-end=\"427\">Diese moderne und humorvolle digitale Gruppengru\u00dfkarte ist perfekt f\u00fcr Kolleg:innen, Freund:innen oder Teammitglieder, die einfach unvergleichlich sind. Mit einem charmanten Augenzwinkern zeigt ihr gemeinsam: <em data-start=\"397\" data-end=\"425\">Nach uns wird\u2019s schwierig!<\/em><\/p>\n<p data-start=\"429\" data-end=\"610\">Das kreative Design mit Lineal und Krone steht f\u00fcr Teamgeist, Wertsch\u00e4tzung und gemeinsame Erfolge. Ideal f\u00fcr Abschiede im B\u00fcro, Jobwechsel oder neue berufliche Herausforderungen.<\/p>\n<p data-start=\"612\" data-end=\"778\">Mit Ocardoo k\u00f6nnt ihr die Karte gemeinsam online unterschreiben und pers\u00f6nliche Nachrichten, Insider und liebe Worte sammeln \u2013 ganz einfach digital und von \u00fcberall.<\/p>\n<p data-start=\"780\" data-end=\"895\">\ud83d\udc8c So entsteht eine einzigartige digitale Abschiedskarte voller Humor, Erinnerungen und pers\u00f6nlicher Botschaften.<\/p>\n<h3 data-section-id=\"1v1v1zt\" data-start=\"897\" data-end=\"922\">Perfekt geeignet f\u00fcr:<\/h3>\n<ul data-start=\"923\" data-end=\"1111\">\n<li data-section-id=\"10xqu9e\" data-start=\"923\" data-end=\"952\">Abschied von Kolleg:innen<\/li>\n<li data-section-id=\"13xp4fo\" data-start=\"953\" data-end=\"981\">Jobwechsel &amp; Teamwechsel<\/li>\n<li data-section-id=\"180uaw9\" data-start=\"982\" data-end=\"1012\">B\u00fcro &amp; Arbeitskolleg:innen<\/li>\n<li data-section-id=\"5tcoym\" data-start=\"1013\" data-end=\"1043\">humorvolle Abschiedskarten<\/li>\n<li data-section-id=\"fqgchd\" data-start=\"1044\" data-end=\"1073\">Teamkarten &amp; Freundschaft<\/li>\n<li data-section-id=\"xj7dtl\" data-start=\"1074\" data-end=\"1111\">neue berufliche Herausforderungen<\/li>\n<\/ul>\n<h3 data-section-id=\"6pkrzb\" data-start=\"1113\" data-end=\"1127\">Ideal als:<\/h3>\n<p data-start=\"1128\" data-end=\"1321\">\u2714 digitale Abschiedskarte<br data-start=\"1153\" data-end=\"1156\" \/>\u2714 lustige Gruppengru\u00dfkarte<br data-start=\"1182\" data-end=\"1185\" \/>\u2714 digitale Teamkarte<br data-start=\"1205\" data-end=\"1208\" \/>\u2714 Gruppengru\u00dfkarte online unterschreiben<br data-start=\"1248\" data-end=\"1251\" \/>\u2714 gemeinsame Gru\u00dfkarte f\u00fcr Kolleg:innen<br data-start=\"1290\" data-end=\"1293\" \/>\u2714 Abschiedskarte f\u00fcrs B\u00fcro<\/p>\n<h3 data-section-id=\"17luodp\" data-start=\"1323\" data-end=\"1357\">Das macht die Karte besonders:<\/h3>\n<ul data-start=\"1358\" data-end=\"1610\">\n<li data-section-id=\"8y98m1\" data-start=\"1358\" data-end=\"1394\">modernes minimalistisches Design<\/li>\n<li data-section-id=\"16suigg\" data-start=\"1395\" data-end=\"1433\">humorvoll &amp; wertsch\u00e4tzend zugleich<\/li>\n<li data-section-id=\"ur8l9e\" data-start=\"1434\" data-end=\"1469\">gemeinsam online unterschreiben<\/li>\n<li data-section-id=\"ty773g\" data-start=\"1470\" data-end=\"1515\">pers\u00f6nliche Nachrichten von allen sammeln<\/li>\n<li data-section-id=\"1ao155d\" data-start=\"1516\" data-end=\"1564\">digital versenden oder als PDF herunterladen<\/li>\n<li data-section-id=\"njtn90\" data-start=\"1565\" data-end=\"1610\">perfekt f\u00fcr Teams, B\u00fcros &amp; Freundeskreise<\/li>\n<\/ul>\n<h2 data-section-id=\"17ey7so\" data-start=\"1612\" data-end=\"1639\">So funktioniert Ocardoo:<\/h2>\n<ol data-start=\"1640\" data-end=\"1894\">\n<li data-section-id=\"1g27h43\" data-start=\"1640\" data-end=\"1680\">Digitale Gruppengru\u00dfkarte ausw\u00e4hlen<\/li>\n<li data-section-id=\"v5hy12\" data-start=\"1681\" data-end=\"1755\">Den Einladungslink mit Kolleg:innen, Freund:innen oder Familie teilen<\/li>\n<li data-section-id=\"1acmjac\" data-start=\"1756\" data-end=\"1826\">Alle unterschreiben gemeinsam online mit pers\u00f6nlichen Nachrichten<\/li>\n<li data-section-id=\"kh370p\" data-start=\"1827\" data-end=\"1894\">Die fertige Karte digital versenden oder als PDF herunterladen<\/li>\n<\/ol>\n<p data-start=\"1896\" data-end=\"1972\" data-is-last-node=\"\" data-is-only-node=\"\"><strong data-start=\"1896\" data-end=\"1969\">Ocardoo \u2013 die digitale Gruppengru\u00dfkarte zum gemeinsam unterschreiben.<\/strong> \ud83d\udc9a<\/p>","protected":false},"excerpt":{"rendered":"<p>\ud83d\udc9a\ud83d\udccf \u201eWir sind dein Ma\u00dfstab. Nur so.\u201c Diese moderne und humorvolle digitale Gruppengru\u00dfkarte ist perfekt f\u00fcr Kolleg:innen, Freund:innen oder Teammitglieder, die einfach unvergleichlich sind. Mit einem charmanten Augenzwinkern zeigt ihr [&hellip;]<\/p>","protected":false},"author":20,"featured_media":20327,"comment_status":"open","ping_status":"closed","template":"","meta":{"_acf_changed":false,"inline_featured_image":false,"footnotes":""},"product_cat":[85,84],"product_tag":[544,279,395,235,545,542,354,540,555,543,541],"class_list":["post-21075","product","type-product","status-publish","has-post-thumbnail","hentry","product_cat-abschied-verlaesst-unternehmen","product_cat-anlaesse","product_tag-abenteuer","product_tag-abschied","product_tag-abschiedskarte","product_tag-danke","product_tag-danke-fuer-alles","product_tag-jobwechsel","product_tag-kollege","product_tag-kuendigung","product_tag-messlatte","product_tag-neustart","product_tag-team","pa_variante-basic","pa_variante-premium"],"acf":[],"_links":{"self":[{"href":"https:\/\/ocardoo.com\/en\/wp-json\/wp\/v2\/product\/21075","targetHints":{"allow":["GET"]}}],"collection":[{"href":"https:\/\/ocardoo.com\/en\/wp-json\/wp\/v2\/product"}],"about":[{"href":"https:\/\/ocardoo.com\/en\/wp-json\/wp\/v2\/types\/product"}],"author":[{"embeddable":true,"href":"https:\/\/ocardoo.com\/en\/wp-json\/wp\/v2\/users\/20"}],"replies":[{"embeddable":true,"href":"https:\/\/ocardoo.com\/en\/wp-json\/wp\/v2\/comments?post=21075"}],"version-history":[{"count":2,"href":"https:\/\/ocardoo.com\/en\/wp-json\/wp\/v2\/product\/21075\/revisions"}],"predecessor-version":[{"id":21079,"href":"https:\/\/ocardoo.com\/en\/wp-json\/wp\/v2\/product\/21075\/revisions\/21079"}],"wp:featuredmedia":[{"embeddable":true,"href":"https:\/\/ocardoo.com\/en\/wp-json\/wp\/v2\/media\/20327"}],"wp:attachment":[{"href":"https:\/\/ocardoo.com\/en\/wp-json\/wp\/v2\/media?parent=21075"}],"wp:term":[{"taxonomy":"product_cat","embeddable":true,"href":"https:\/\/ocardoo.com\/en\/wp-json\/wp\/v2\/product_cat?post=21075"},{"taxonomy":"product_tag","embeddable":true,"href":"https:\/\/ocardoo.com\/en\/wp-json\/wp\/v2\/product_tag?post=21075"}],"curies":[{"name":"wp","href":"https:\/\/api.w.org\/{rel}","templated":true}]}}