{"id":21080,"date":"2026-05-06T15:14:00","date_gmt":"2026-05-06T13:14:00","guid":{"rendered":"https:\/\/ocardoo.com\/?post_type=product&#038;p=21080"},"modified":"2026-05-06T15:15:44","modified_gmt":"2026-05-06T13:15:44","slug":"31178","status":"publish","type":"product","link":"https:\/\/ocardoo.com\/en\/product\/31178\/","title":{"rendered":"Wir sind dein Ma\u00dfstab \u2013 Moderne digitale Abschiedskarte &#038; Gruppengru\u00dfkarte online unterschreiben"},"content":{"rendered":"<p data-start=\"143\" data-end=\"186\">\ud83d\udda4\ud83d\udc51 <strong data-start=\"148\" data-end=\"184\">\u201eWir sind dein Ma\u00dfstab. Nur so.\u201c<\/strong><\/p>\n<p data-start=\"188\" data-end=\"456\">Diese stylische digitale Gruppengru\u00dfkarte ist perfekt f\u00fcr Kolleg:innen, Teammitglieder oder Freund:innen, die einfach einzigartig sind. Mit einer Mischung aus Humor, Selbstbewusstsein und echter Wertsch\u00e4tzung verabschiedet ihr euch auf moderne und pers\u00f6nliche Weise.<\/p>\n<p data-start=\"458\" data-end=\"652\">Das minimalistische Design mit Lineal und Krone steht symbolisch f\u00fcr hohe Standards, Teamgeist und gemeinsame Erfolge. Perfekt f\u00fcr Abschiede im B\u00fcro, Jobwechsel oder neue berufliche Abenteuer.<\/p>\n<p data-start=\"654\" data-end=\"825\">Mit Ocardoo k\u00f6nnt ihr die Karte gemeinsam online unterschreiben und pers\u00f6nliche Nachrichten, Insider und liebe W\u00fcnsche sammeln \u2013 ganz einfach digital und ortsunabh\u00e4ngig.<\/p>\n<p data-start=\"827\" data-end=\"947\">\ud83d\udc8c So entsteht eine einzigartige digitale Abschiedskarte voller Erinnerungen, Teamgef\u00fchl und pers\u00f6nlicher Botschaften.<\/p>\n<h3 data-section-id=\"1v1v1zt\" data-start=\"949\" data-end=\"974\">Perfekt geeignet f\u00fcr:<\/h3>\n<ul data-start=\"975\" data-end=\"1188\">\n<li data-section-id=\"10xqu9e\" data-start=\"975\" data-end=\"1004\">Abschied von Kolleg:innen<\/li>\n<li data-section-id=\"13xp4fo\" data-start=\"1005\" data-end=\"1033\">Jobwechsel &amp; Teamwechsel<\/li>\n<li data-section-id=\"180uaw9\" data-start=\"1034\" data-end=\"1064\">B\u00fcro &amp; Arbeitskolleg:innen<\/li>\n<li data-section-id=\"1d143cl\" data-start=\"1065\" data-end=\"1092\">moderne Abschiedskarten<\/li>\n<li data-section-id=\"5tboir\" data-start=\"1093\" data-end=\"1118\">humorvolle Teamkarten<\/li>\n<li data-section-id=\"k490gc\" data-start=\"1119\" data-end=\"1150\">Freundschaft &amp; Zusammenhalt<\/li>\n<li data-section-id=\"xj7dtl\" data-start=\"1151\" data-end=\"1188\">neue berufliche Herausforderungen<\/li>\n<\/ul>\n<h3 data-section-id=\"6pkrzb\" data-start=\"1190\" data-end=\"1204\">Ideal als:<\/h3>\n<p data-start=\"1205\" data-end=\"1394\">\u2714 digitale Abschiedskarte<br data-start=\"1230\" data-end=\"1233\" \/>\u2714 digitale Teamkarte<br data-start=\"1253\" data-end=\"1256\" \/>\u2714 Gruppengru\u00dfkarte online unterschreiben<br data-start=\"1296\" data-end=\"1299\" \/>\u2714 gemeinsame Gru\u00dfkarte f\u00fcr Kolleg:innen<br data-start=\"1338\" data-end=\"1341\" \/>\u2714 moderne B\u00fcro-Abschiedskarte<br data-start=\"1370\" data-end=\"1373\" \/>\u2714 lustige Teamkarte<\/p>\n<h3 data-section-id=\"17luodp\" data-start=\"1396\" data-end=\"1430\">Das macht die Karte besonders:<\/h3>\n<ul data-start=\"1431\" data-end=\"1695\">\n<li data-section-id=\"1ck32ik\" data-start=\"1431\" data-end=\"1479\">modernes schwarzes Design mit Statement-Look<\/li>\n<li data-section-id=\"16suigg\" data-start=\"1480\" data-end=\"1518\">humorvoll &amp; wertsch\u00e4tzend zugleich<\/li>\n<li data-section-id=\"ur8l9e\" data-start=\"1519\" data-end=\"1554\">gemeinsam online unterschreiben<\/li>\n<li data-section-id=\"ty773g\" data-start=\"1555\" data-end=\"1600\">pers\u00f6nliche Nachrichten von allen sammeln<\/li>\n<li data-section-id=\"1ao155d\" data-start=\"1601\" data-end=\"1649\">digital versenden oder als PDF herunterladen<\/li>\n<li data-section-id=\"njtn90\" data-start=\"1650\" data-end=\"1695\">perfekt f\u00fcr Teams, B\u00fcros &amp; Freundeskreise<\/li>\n<\/ul>\n<h2 data-section-id=\"17ey7so\" data-start=\"1697\" data-end=\"1724\">So funktioniert Ocardoo:<\/h2>\n<ol data-start=\"1725\" data-end=\"1979\">\n<li data-section-id=\"1g27h43\" data-start=\"1725\" data-end=\"1765\">Digitale Gruppengru\u00dfkarte ausw\u00e4hlen<\/li>\n<li data-section-id=\"v5hy12\" data-start=\"1766\" data-end=\"1840\">Den Einladungslink mit Kolleg:innen, Freund:innen oder Familie teilen<\/li>\n<li data-section-id=\"1acmjac\" data-start=\"1841\" data-end=\"1911\">Alle unterschreiben gemeinsam online mit pers\u00f6nlichen Nachrichten<\/li>\n<li data-section-id=\"kh370p\" data-start=\"1912\" data-end=\"1979\">Die fertige Karte digital versenden oder als PDF herunterladen<\/li>\n<\/ol>\n<p data-start=\"1981\" data-end=\"2057\" data-is-last-node=\"\" data-is-only-node=\"\"><strong data-start=\"1981\" data-end=\"2054\">Ocardoo \u2013 die digitale Gruppengru\u00dfkarte zum gemeinsam unterschreiben.<\/strong> \ud83d\udda4<\/p>","protected":false},"excerpt":{"rendered":"<p>\ud83d\udda4\ud83d\udc51 \u201eWir sind dein Ma\u00dfstab. Nur so.\u201c Diese stylische digitale Gruppengru\u00dfkarte ist perfekt f\u00fcr Kolleg:innen, Teammitglieder oder Freund:innen, die einfach einzigartig sind. Mit einer Mischung aus Humor, Selbstbewusstsein und echter [&hellip;]<\/p>","protected":false},"author":20,"featured_media":20328,"comment_status":"open","ping_status":"closed","template":"","meta":{"_acf_changed":false,"inline_featured_image":false,"footnotes":""},"product_cat":[85,84],"product_tag":[279,395,235,545,542,354,540,555,543,541],"class_list":["post-21080","product","type-product","status-publish","has-post-thumbnail","hentry","product_cat-abschied-verlaesst-unternehmen","product_cat-anlaesse","product_tag-abschied","product_tag-abschiedskarte","product_tag-danke","product_tag-danke-fuer-alles","product_tag-jobwechsel","product_tag-kollege","product_tag-kuendigung","product_tag-messlatte","product_tag-neustart","product_tag-team","pa_variante-basic","pa_variante-premium"],"acf":[],"_links":{"self":[{"href":"https:\/\/ocardoo.com\/en\/wp-json\/wp\/v2\/product\/21080","targetHints":{"allow":["GET"]}}],"collection":[{"href":"https:\/\/ocardoo.com\/en\/wp-json\/wp\/v2\/product"}],"about":[{"href":"https:\/\/ocardoo.com\/en\/wp-json\/wp\/v2\/types\/product"}],"author":[{"embeddable":true,"href":"https:\/\/ocardoo.com\/en\/wp-json\/wp\/v2\/users\/20"}],"replies":[{"embeddable":true,"href":"https:\/\/ocardoo.com\/en\/wp-json\/wp\/v2\/comments?post=21080"}],"version-history":[{"count":3,"href":"https:\/\/ocardoo.com\/en\/wp-json\/wp\/v2\/product\/21080\/revisions"}],"predecessor-version":[{"id":21085,"href":"https:\/\/ocardoo.com\/en\/wp-json\/wp\/v2\/product\/21080\/revisions\/21085"}],"wp:featuredmedia":[{"embeddable":true,"href":"https:\/\/ocardoo.com\/en\/wp-json\/wp\/v2\/media\/20328"}],"wp:attachment":[{"href":"https:\/\/ocardoo.com\/en\/wp-json\/wp\/v2\/media?parent=21080"}],"wp:term":[{"taxonomy":"product_cat","embeddable":true,"href":"https:\/\/ocardoo.com\/en\/wp-json\/wp\/v2\/product_cat?post=21080"},{"taxonomy":"product_tag","embeddable":true,"href":"https:\/\/ocardoo.com\/en\/wp-json\/wp\/v2\/product_tag?post=21080"}],"curies":[{"name":"wp","href":"https:\/\/api.w.org\/{rel}","templated":true}]}}