{"id":21086,"date":"2026-05-06T15:15:59","date_gmt":"2026-05-06T13:15:59","guid":{"rendered":"https:\/\/ocardoo.com\/?post_type=product&#038;p=21086"},"modified":"2026-05-06T15:17:40","modified_gmt":"2026-05-06T13:17:40","slug":"31179","status":"publish","type":"product","link":"https:\/\/ocardoo.com\/en\/product\/31179\/","title":{"rendered":"Du setzt die Messlatte verdammt hoch \u2013 Moderne digitale Abschiedskarte f\u00fcr Kolleg:innen &#038; Gruppengru\u00dfkarte online unterschreiben"},"content":{"rendered":"<p data-start=\"175\" data-end=\"225\">\ud83d\udc9a\ud83d\udccf <strong data-start=\"180\" data-end=\"223\">\u201eDu setzt die Messlatte verdammt hoch.\u201c<\/strong><\/p>\n<p data-start=\"227\" data-end=\"471\">Manche Kolleg:innen sind einfach nicht zu ersetzen \u2013 und genau daf\u00fcr ist diese digitale Gruppengru\u00dfkarte gemacht. Humorvoll, modern und voller Wertsch\u00e4tzung verabschiedet ihr gemeinsam echte Team-Legenden, die den Alltag besser gemacht haben.<\/p>\n<p data-start=\"473\" data-end=\"637\">Das kreative Comic-Design mit Messlatte, Krone und witzigen Kommentaren bringt genau auf den Punkt, was alle denken: <em data-start=\"590\" data-end=\"635\">Wie soll das jetzt ohne dich funktionieren?<\/em><\/p>\n<p data-start=\"639\" data-end=\"873\">Perfekt geeignet f\u00fcr Abschiede im B\u00fcro, Jobwechsel, Teamwechsel oder neue berufliche Abenteuer. Mit Ocardoo k\u00f6nnen Kolleg:innen, Freund:innen oder ganze Teams gemeinsam online unterschreiben und pers\u00f6nliche Nachrichten hinterlassen.<\/p>\n<p data-start=\"875\" data-end=\"989\">\ud83d\udc8c So entsteht eine einzigartige digitale Abschiedskarte voller Insider, Erinnerungen und ehrlicher Anerkennung.<\/p>\n<h3 data-section-id=\"1v1v1zt\" data-start=\"991\" data-end=\"1016\">Perfekt geeignet f\u00fcr:<\/h3>\n<ul data-start=\"1017\" data-end=\"1216\">\n<li data-section-id=\"10xqu9e\" data-start=\"1017\" data-end=\"1046\">Abschied von Kolleg:innen<\/li>\n<li data-section-id=\"13xp4fo\" data-start=\"1047\" data-end=\"1075\">Jobwechsel &amp; Teamwechsel<\/li>\n<li data-section-id=\"180uaw9\" data-start=\"1076\" data-end=\"1106\">B\u00fcro &amp; Arbeitskolleg:innen<\/li>\n<li data-section-id=\"5tcoym\" data-start=\"1107\" data-end=\"1137\">humorvolle Abschiedskarten<\/li>\n<li data-section-id=\"1jb9eaa\" data-start=\"1138\" data-end=\"1155\">Team-Legenden<\/li>\n<li data-section-id=\"xj7dtl\" data-start=\"1156\" data-end=\"1193\">neue berufliche Herausforderungen<\/li>\n<li data-section-id=\"ng7uy0\" data-start=\"1194\" data-end=\"1216\">moderne Teamkarten<\/li>\n<\/ul>\n<h3 data-section-id=\"6pkrzb\" data-start=\"1218\" data-end=\"1232\">Ideal als:<\/h3>\n<p data-start=\"1233\" data-end=\"1421\">\u2714 digitale Abschiedskarte<br data-start=\"1258\" data-end=\"1261\" \/>\u2714 lustige Gruppengru\u00dfkarte<br data-start=\"1287\" data-end=\"1290\" \/>\u2714 digitale Teamkarte<br data-start=\"1310\" data-end=\"1313\" \/>\u2714 Gruppengru\u00dfkarte online unterschreiben<br data-start=\"1353\" data-end=\"1356\" \/>\u2714 gemeinsame Gru\u00dfkarte f\u00fcr Kolleg:innen<br data-start=\"1395\" data-end=\"1398\" \/>\u2714 B\u00fcro-Abschiedskarte<\/p>\n<h3 data-section-id=\"17luodp\" data-start=\"1423\" data-end=\"1457\">Das macht die Karte besonders:<\/h3>\n<ul data-start=\"1458\" data-end=\"1691\">\n<li data-section-id=\"y40b9a\" data-start=\"1458\" data-end=\"1486\">humorvolles Comic-Design<\/li>\n<li data-section-id=\"xe5w5g\" data-start=\"1487\" data-end=\"1518\">modern &amp; emotional zugleich<\/li>\n<li data-section-id=\"ur8l9e\" data-start=\"1519\" data-end=\"1554\">gemeinsam online unterschreiben<\/li>\n<li data-section-id=\"ty773g\" data-start=\"1555\" data-end=\"1600\">pers\u00f6nliche Nachrichten von allen sammeln<\/li>\n<li data-section-id=\"1ao155d\" data-start=\"1601\" data-end=\"1649\">digital versenden oder als PDF herunterladen<\/li>\n<li data-section-id=\"dxftb\" data-start=\"1650\" data-end=\"1691\">ideal f\u00fcr Teams, B\u00fcros &amp; Kolleg:innen<\/li>\n<\/ul>\n<h2 data-section-id=\"17ey7so\" data-start=\"1693\" data-end=\"1720\">So funktioniert Ocardoo:<\/h2>\n<ol data-start=\"1721\" data-end=\"1975\">\n<li data-section-id=\"1g27h43\" data-start=\"1721\" data-end=\"1761\">Digitale Gruppengru\u00dfkarte ausw\u00e4hlen<\/li>\n<li data-section-id=\"v5hy12\" data-start=\"1762\" data-end=\"1836\">Den Einladungslink mit Kolleg:innen, Freund:innen oder Familie teilen<\/li>\n<li data-section-id=\"1acmjac\" data-start=\"1837\" data-end=\"1907\">Alle unterschreiben gemeinsam online mit pers\u00f6nlichen Nachrichten<\/li>\n<li data-section-id=\"kh370p\" data-start=\"1908\" data-end=\"1975\">Die fertige Karte digital versenden oder als PDF herunterladen<\/li>\n<\/ol>\n<p data-start=\"1977\" data-end=\"2053\" data-is-last-node=\"\" data-is-only-node=\"\"><strong data-start=\"1977\" data-end=\"2050\">Ocardoo \u2013 die digitale Gruppengru\u00dfkarte zum gemeinsam unterschreiben.<\/strong> \ud83d\udc9a<\/p>","protected":false},"excerpt":{"rendered":"<p>\ud83d\udc9a\ud83d\udccf \u201eDu setzt die Messlatte verdammt hoch.\u201c Manche Kolleg:innen sind einfach nicht zu ersetzen \u2013 und genau daf\u00fcr ist diese digitale Gruppengru\u00dfkarte gemacht. Humorvoll, modern und voller Wertsch\u00e4tzung verabschiedet ihr [&hellip;]<\/p>","protected":false},"author":20,"featured_media":20329,"comment_status":"open","ping_status":"closed","template":"","meta":{"_acf_changed":false,"inline_featured_image":false,"footnotes":""},"product_cat":[85,84],"product_tag":[544,279,395,235,545,542,354,540,555,543,541],"class_list":["post-21086","product","type-product","status-publish","has-post-thumbnail","hentry","product_cat-abschied-verlaesst-unternehmen","product_cat-anlaesse","product_tag-abenteuer","product_tag-abschied","product_tag-abschiedskarte","product_tag-danke","product_tag-danke-fuer-alles","product_tag-jobwechsel","product_tag-kollege","product_tag-kuendigung","product_tag-messlatte","product_tag-neustart","product_tag-team","pa_variante-basic","pa_variante-premium"],"acf":[],"_links":{"self":[{"href":"https:\/\/ocardoo.com\/en\/wp-json\/wp\/v2\/product\/21086","targetHints":{"allow":["GET"]}}],"collection":[{"href":"https:\/\/ocardoo.com\/en\/wp-json\/wp\/v2\/product"}],"about":[{"href":"https:\/\/ocardoo.com\/en\/wp-json\/wp\/v2\/types\/product"}],"author":[{"embeddable":true,"href":"https:\/\/ocardoo.com\/en\/wp-json\/wp\/v2\/users\/20"}],"replies":[{"embeddable":true,"href":"https:\/\/ocardoo.com\/en\/wp-json\/wp\/v2\/comments?post=21086"}],"version-history":[{"count":3,"href":"https:\/\/ocardoo.com\/en\/wp-json\/wp\/v2\/product\/21086\/revisions"}],"predecessor-version":[{"id":21091,"href":"https:\/\/ocardoo.com\/en\/wp-json\/wp\/v2\/product\/21086\/revisions\/21091"}],"wp:featuredmedia":[{"embeddable":true,"href":"https:\/\/ocardoo.com\/en\/wp-json\/wp\/v2\/media\/20329"}],"wp:attachment":[{"href":"https:\/\/ocardoo.com\/en\/wp-json\/wp\/v2\/media?parent=21086"}],"wp:term":[{"taxonomy":"product_cat","embeddable":true,"href":"https:\/\/ocardoo.com\/en\/wp-json\/wp\/v2\/product_cat?post=21086"},{"taxonomy":"product_tag","embeddable":true,"href":"https:\/\/ocardoo.com\/en\/wp-json\/wp\/v2\/product_tag?post=21086"}],"curies":[{"name":"wp","href":"https:\/\/api.w.org\/{rel}","templated":true}]}}