{"id":21104,"date":"2026-05-06T15:21:22","date_gmt":"2026-05-06T13:21:22","guid":{"rendered":"https:\/\/ocardoo.com\/?post_type=product&#038;p=21104"},"modified":"2026-05-06T15:23:01","modified_gmt":"2026-05-06T13:23:01","slug":"31182","status":"publish","type":"product","link":"https:\/\/ocardoo.com\/en\/product\/31182\/","title":{"rendered":"Wir sind dein Ma\u00dfstab \u2013 Lustige digitale Abschiedskarte f\u00fcr Kollegin, beste Freundin &#038; Teamkarte online unterschreiben"},"content":{"rendered":"<p data-start=\"165\" data-end=\"208\">\ud83d\udc96\ud83d\udc51 <strong data-start=\"170\" data-end=\"206\">\u201eWir sind dein Ma\u00dfstab. Nur so.\u201c<\/strong><\/p>\n<p data-start=\"210\" data-end=\"406\">Diese moderne digitale Gruppengru\u00dfkarte ist die perfekte Mischung aus Humor, Freundschaft und Wertsch\u00e4tzung. Ideal f\u00fcr Kolleginnen, Freundinnen oder Teammitglieder, die einfach unersetzbar sind.<\/p>\n<p data-start=\"408\" data-end=\"608\">Das liebevoll gestaltete Motiv mit Freundinnen, lockeren Spr\u00fcchen und humorvollen Details macht diese Karte zur perfekten Abschiedskarte f\u00fcr den Jobwechsel, Teamwechsel oder ein neues Lebenskapitel.<\/p>\n<p data-start=\"610\" data-end=\"805\">Mit Aussagen wie \u201eWer will sonst deine Witze leiden?\u201c oder \u201eViel Erfolg! Aber nicht zu gut werden ;)\u201c entsteht eine pers\u00f6nliche Teamkarte voller Insider, Emotionen und gemeinsamer Erinnerungen.<\/p>\n<p data-start=\"807\" data-end=\"1037\">Ob B\u00fcrofreundschaft, Lieblingskollegin oder echtes Dream-Team \u2013 mit Ocardoo k\u00f6nnt ihr gemeinsam online unterschreiben und pers\u00f6nliche Nachrichten sammeln. So wird aus einer einfachen Gru\u00dfkarte eine besondere digitale Erinnerung.<\/p>\n<p data-start=\"1039\" data-end=\"1097\">\ud83d\udc8c Perfekt f\u00fcr Menschen, die man nur ungern gehen l\u00e4sst.<\/p>\n<h3 data-section-id=\"iu67s7\" data-start=\"1099\" data-end=\"1122\">Ideal geeignet f\u00fcr:<\/h3>\n<ul data-start=\"1123\" data-end=\"1357\">\n<li data-section-id=\"o4e4so\" data-start=\"1123\" data-end=\"1151\">Abschied von Kolleginnen<\/li>\n<li data-section-id=\"13xp4fo\" data-start=\"1152\" data-end=\"1180\">Jobwechsel &amp; Teamwechsel<\/li>\n<li data-section-id=\"a7lhh9\" data-start=\"1181\" data-end=\"1213\">beste Freundin verabschieden<\/li>\n<li data-section-id=\"nfhw50\" data-start=\"1214\" data-end=\"1246\">lustige B\u00fcro-Abschiedskarten<\/li>\n<li data-section-id=\"12ygfus\" data-start=\"1247\" data-end=\"1278\">Teamkarten f\u00fcr Kolleg:innen<\/li>\n<li data-section-id=\"17od9t0\" data-start=\"1279\" data-end=\"1309\">digitale Gruppengru\u00dfkarten<\/li>\n<li data-section-id=\"kihesf\" data-start=\"1310\" data-end=\"1357\">gemeinsame Gru\u00dfkarten online unterschreiben<\/li>\n<\/ul>\n<h3 data-section-id=\"1qu8mft\" data-start=\"1359\" data-end=\"1375\">Perfekt als:<\/h3>\n<p data-start=\"1376\" data-end=\"1570\">\u2714 digitale Abschiedskarte<br data-start=\"1401\" data-end=\"1404\" \/>\u2714 lustige Gruppengru\u00dfkarte<br data-start=\"1430\" data-end=\"1433\" \/>\u2714 Teamkarte online unterschreiben<br data-start=\"1466\" data-end=\"1469\" \/>\u2714 moderne Karte f\u00fcr Kolleginnen<br data-start=\"1500\" data-end=\"1503\" \/>\u2714 gemeinsame Gru\u00dfkarte f\u00fcrs B\u00fcro<br data-start=\"1535\" data-end=\"1538\" \/>\u2714 digitale Karte zum neuen Job<\/p>\n<h3 data-section-id=\"17luodp\" data-start=\"1572\" data-end=\"1606\">Das macht die Karte besonders:<\/h3>\n<ul data-start=\"1607\" data-end=\"1912\">\n<li data-section-id=\"en25f8\" data-start=\"1607\" data-end=\"1652\">modernes &amp; emotionales Freundinnen-Design<\/li>\n<li data-section-id=\"1mnmnl1\" data-start=\"1653\" data-end=\"1696\">humorvolle Spr\u00fcche &amp; liebevolle Details<\/li>\n<li data-section-id=\"1mn5tgp\" data-start=\"1697\" data-end=\"1743\">ideal f\u00fcr Teams, Kolleginnen &amp; Freundinnen<\/li>\n<li data-section-id=\"ur8l9e\" data-start=\"1744\" data-end=\"1779\">gemeinsam online unterschreiben<\/li>\n<li data-section-id=\"ty773g\" data-start=\"1780\" data-end=\"1825\">pers\u00f6nliche Nachrichten von allen sammeln<\/li>\n<li data-section-id=\"1ao155d\" data-start=\"1826\" data-end=\"1874\">digital versenden oder als PDF herunterladen<\/li>\n<li data-section-id=\"knpknb\" data-start=\"1875\" data-end=\"1912\">schnell &amp; unkompliziert gestaltet<\/li>\n<\/ul>\n<h2 data-section-id=\"17ey7so\" data-start=\"1914\" data-end=\"1941\">So funktioniert Ocardoo:<\/h2>\n<ol data-start=\"1942\" data-end=\"2169\">\n<li data-section-id=\"1fbqmlk\" data-start=\"1942\" data-end=\"1962\">Motiv ausw\u00e4hlen<\/li>\n<li data-section-id=\"q2gm1u\" data-start=\"1963\" data-end=\"2035\">Link zur Gruppengru\u00dfkarte mit Kolleg:innen oder Freund:innen teilen<\/li>\n<li data-section-id=\"ti2tna\" data-start=\"2036\" data-end=\"2096\">Alle unterschreiben online mit pers\u00f6nlichen Nachrichten<\/li>\n<li data-section-id=\"26bfpv\" data-start=\"2097\" data-end=\"2169\">Die fertige digitale Gru\u00dfkarte versenden oder als PDF herunterladen<\/li>\n<\/ol>\n<p data-start=\"2171\" data-end=\"2258\" data-is-last-node=\"\" data-is-only-node=\"\"><strong data-start=\"2171\" data-end=\"2255\">Ocardoo \u2013 pers\u00f6nliche Gruppengru\u00dfkarten, die man gemeinsam online unterschreibt.<\/strong> \ud83d\udc9a<\/p>","protected":false},"excerpt":{"rendered":"<p>\ud83d\udc96\ud83d\udc51 \u201eWir sind dein Ma\u00dfstab. Nur so.\u201c Diese moderne digitale Gruppengru\u00dfkarte ist die perfekte Mischung aus Humor, Freundschaft und Wertsch\u00e4tzung. Ideal f\u00fcr Kolleginnen, Freundinnen oder Teammitglieder, die einfach unersetzbar sind. [&hellip;]<\/p>","protected":false},"author":20,"featured_media":20332,"comment_status":"open","ping_status":"closed","template":"","meta":{"_acf_changed":false,"inline_featured_image":false,"footnotes":""},"product_cat":[85,84],"product_tag":[279,395,235,545,542,354,540,555,543,541],"class_list":["post-21104","product","type-product","status-publish","has-post-thumbnail","hentry","product_cat-abschied-verlaesst-unternehmen","product_cat-anlaesse","product_tag-abschied","product_tag-abschiedskarte","product_tag-danke","product_tag-danke-fuer-alles","product_tag-jobwechsel","product_tag-kollege","product_tag-kuendigung","product_tag-messlatte","product_tag-neustart","product_tag-team","pa_variante-basic","pa_variante-premium"],"acf":[],"_links":{"self":[{"href":"https:\/\/ocardoo.com\/en\/wp-json\/wp\/v2\/product\/21104","targetHints":{"allow":["GET"]}}],"collection":[{"href":"https:\/\/ocardoo.com\/en\/wp-json\/wp\/v2\/product"}],"about":[{"href":"https:\/\/ocardoo.com\/en\/wp-json\/wp\/v2\/types\/product"}],"author":[{"embeddable":true,"href":"https:\/\/ocardoo.com\/en\/wp-json\/wp\/v2\/users\/20"}],"replies":[{"embeddable":true,"href":"https:\/\/ocardoo.com\/en\/wp-json\/wp\/v2\/comments?post=21104"}],"version-history":[{"count":2,"href":"https:\/\/ocardoo.com\/en\/wp-json\/wp\/v2\/product\/21104\/revisions"}],"predecessor-version":[{"id":21108,"href":"https:\/\/ocardoo.com\/en\/wp-json\/wp\/v2\/product\/21104\/revisions\/21108"}],"wp:featuredmedia":[{"embeddable":true,"href":"https:\/\/ocardoo.com\/en\/wp-json\/wp\/v2\/media\/20332"}],"wp:attachment":[{"href":"https:\/\/ocardoo.com\/en\/wp-json\/wp\/v2\/media?parent=21104"}],"wp:term":[{"taxonomy":"product_cat","embeddable":true,"href":"https:\/\/ocardoo.com\/en\/wp-json\/wp\/v2\/product_cat?post=21104"},{"taxonomy":"product_tag","embeddable":true,"href":"https:\/\/ocardoo.com\/en\/wp-json\/wp\/v2\/product_tag?post=21104"}],"curies":[{"name":"wp","href":"https:\/\/api.w.org\/{rel}","templated":true}]}}