{"id":21131,"date":"2026-05-06T15:34:35","date_gmt":"2026-05-06T13:34:35","guid":{"rendered":"https:\/\/ocardoo.com\/?post_type=product&#038;p=21131"},"modified":"2026-05-06T15:36:03","modified_gmt":"2026-05-06T13:36:03","slug":"31188","status":"publish","type":"product","link":"https:\/\/ocardoo.com\/en\/product\/31188\/","title":{"rendered":"Du warst nicht irgendwer. Du warst WIR. \u2013 Emotionale digitale Abschiedskarte f\u00fcr Kolleginnen &#038; Teamkarte gemeinsam unterschreiben"},"content":{"rendered":"<p data-start=\"176\" data-end=\"226\">\ud83d\udc95 <strong data-start=\"179\" data-end=\"224\">\u201eDu warst nicht irgendwer. Du warst WIR.\u201c<\/strong><\/p>\n<p data-start=\"228\" data-end=\"429\">Manche Kolleginnen oder Freundinnen hinterlassen nicht einfach nur eine L\u00fccke \u2013 sie waren ein wichtiger Teil vom ganzen Teamgef\u00fchl. Genau daf\u00fcr ist diese emotionale digitale Gruppengru\u00dfkarte gemacht.<\/p>\n<p data-start=\"431\" data-end=\"631\">Mit liebevollen Illustrationen, humorvollen Spr\u00fcchen und einer emotionalen Botschaft eignet sich diese Karte perfekt f\u00fcr Abschiede im B\u00fcro, Teamwechsel oder den Start in einen neuen Lebensabschnitt.<\/p>\n<p data-start=\"633\" data-end=\"799\">Die Aussagen wie \u201eEin Team. Ein Chaos. Eine Legende.\u201c oder \u201eWer soll jetzt die guten Ideen haben?\u201c machen die Karte pers\u00f6nlich, herzlich und gleichzeitig humorvoll.<\/p>\n<p data-start=\"801\" data-end=\"1035\">Diese digitale Abschiedskarte ist ideal, um gemeinsam Erinnerungen, liebe Worte und pers\u00f6nliche Nachrichten zu sammeln. Kolleg:innen, Freund:innen oder das gesamte Team k\u00f6nnen die Karte online unterschreiben \u2013 ganz einfach per Link.<\/p>\n<p data-start=\"1037\" data-end=\"1140\">So entsteht eine einzigartige Teamkarte voller Wertsch\u00e4tzung, Emotionen und gemeinsamer Erinnerungen.<\/p>\n<p data-start=\"1142\" data-end=\"1197\">\ud83d\udc8c F\u00fcr Menschen, die mehr waren als nur Kolleg:innen.<\/p>\n<h3 data-section-id=\"iu67s7\" data-start=\"1199\" data-end=\"1222\">Ideal geeignet f\u00fcr:<\/h3>\n<ul data-start=\"1223\" data-end=\"1437\">\n<li data-section-id=\"o4e4so\" data-start=\"1223\" data-end=\"1251\">Abschied von Kolleginnen<\/li>\n<li data-section-id=\"1jswgxg\" data-start=\"1252\" data-end=\"1280\">Teamwechsel &amp; Jobwechsel<\/li>\n<li data-section-id=\"ig2rz9\" data-start=\"1281\" data-end=\"1303\">B\u00fcrofreundschaften<\/li>\n<li data-section-id=\"fib13h\" data-start=\"1304\" data-end=\"1339\">Lieblingskollegin verabschieden<\/li>\n<li data-section-id=\"17od9t0\" data-start=\"1340\" data-end=\"1370\">digitale Gruppengru\u00dfkarten<\/li>\n<li data-section-id=\"1gzgt1g\" data-start=\"1371\" data-end=\"1406\">Teamkarte online unterschreiben<\/li>\n<li data-section-id=\"zmq3lo\" data-start=\"1407\" data-end=\"1437\">emotionale Abschiedskarten<\/li>\n<\/ul>\n<h3 data-section-id=\"1qu8mft\" data-start=\"1439\" data-end=\"1455\">Perfekt als:<\/h3>\n<p data-start=\"1456\" data-end=\"1643\">\u2714 digitale Abschiedskarte<br data-start=\"1481\" data-end=\"1484\" \/>\u2714 emotionale Teamkarte<br data-start=\"1506\" data-end=\"1509\" \/>\u2714 moderne Gruppengru\u00dfkarte<br data-start=\"1535\" data-end=\"1538\" \/>\u2714 gemeinsame Gru\u00dfkarte f\u00fcrs B\u00fcro<br data-start=\"1570\" data-end=\"1573\" \/>\u2714 digitale Karte zum neuen Job<br data-start=\"1603\" data-end=\"1606\" \/>\u2714 Freundschafts- &amp; Kolleginnenkarte<\/p>\n<h3 data-section-id=\"17luodp\" data-start=\"1645\" data-end=\"1679\">Das macht die Karte besonders:<\/h3>\n<ul data-start=\"1680\" data-end=\"1944\">\n<li data-section-id=\"7keckv\" data-start=\"1680\" data-end=\"1711\">emotionales Design mit Herz<\/li>\n<li data-section-id=\"1u21fej\" data-start=\"1712\" data-end=\"1748\">humorvolle &amp; pers\u00f6nliche Spr\u00fcche<\/li>\n<li data-section-id=\"ur8l9e\" data-start=\"1749\" data-end=\"1784\">gemeinsam online unterschreiben<\/li>\n<li data-section-id=\"103l6fn\" data-start=\"1785\" data-end=\"1819\">ideal f\u00fcr Teams &amp; Kolleg:innen<\/li>\n<li data-section-id=\"14xqqnl\" data-start=\"1820\" data-end=\"1861\">digitale Zustellung oder PDF-Download<\/li>\n<li data-section-id=\"625hu3\" data-start=\"1862\" data-end=\"1898\">schnell &amp; unkompliziert erstellt<\/li>\n<li data-section-id=\"1c86wl9\" data-start=\"1899\" data-end=\"1944\">moderne Abschiedskarte mit echter Emotion<\/li>\n<\/ul>\n<h2 data-section-id=\"17ey7so\" data-start=\"1946\" data-end=\"1973\">So funktioniert Ocardoo:<\/h2>\n<ol data-start=\"1974\" data-end=\"2195\">\n<li data-section-id=\"1fbqmlk\" data-start=\"1974\" data-end=\"1994\">Motiv ausw\u00e4hlen<\/li>\n<li data-section-id=\"106ls4i\" data-start=\"1995\" data-end=\"2046\">Link mit Kolleg:innen oder Freund:innen teilen<\/li>\n<li data-section-id=\"zelp07\" data-start=\"2047\" data-end=\"2122\">Gemeinsam online unterschreiben und pers\u00f6nliche Nachrichten hinzuf\u00fcgen<\/li>\n<li data-section-id=\"26bfpv\" data-start=\"2123\" data-end=\"2195\">Die fertige digitale Gru\u00dfkarte versenden oder als PDF herunterladen<\/li>\n<\/ol>\n<p data-start=\"2197\" data-end=\"2284\" data-is-last-node=\"\" data-is-only-node=\"\"><strong data-start=\"2197\" data-end=\"2281\">Ocardoo \u2013 digitale Gruppengru\u00dfkarten, die gemeinsam von Herzen gestaltet werden.<\/strong> \ud83d\udc9a<\/p>","protected":false},"excerpt":{"rendered":"<p>\ud83d\udc95 \u201eDu warst nicht irgendwer. Du warst WIR.\u201c Manche Kolleginnen oder Freundinnen hinterlassen nicht einfach nur eine L\u00fccke \u2013 sie waren ein wichtiger Teil vom ganzen Teamgef\u00fchl. Genau daf\u00fcr ist [&hellip;]<\/p>","protected":false},"author":20,"featured_media":20338,"comment_status":"open","ping_status":"closed","template":"","meta":{"_acf_changed":false,"inline_featured_image":false,"footnotes":""},"product_cat":[85,84],"product_tag":[279,395,235,545,542,354,540,543,541],"class_list":["post-21131","product","type-product","status-publish","has-post-thumbnail","hentry","product_cat-abschied-verlaesst-unternehmen","product_cat-anlaesse","product_tag-abschied","product_tag-abschiedskarte","product_tag-danke","product_tag-danke-fuer-alles","product_tag-jobwechsel","product_tag-kollege","product_tag-kuendigung","product_tag-neustart","product_tag-team","pa_variante-basic","pa_variante-premium"],"acf":[],"_links":{"self":[{"href":"https:\/\/ocardoo.com\/en\/wp-json\/wp\/v2\/product\/21131","targetHints":{"allow":["GET"]}}],"collection":[{"href":"https:\/\/ocardoo.com\/en\/wp-json\/wp\/v2\/product"}],"about":[{"href":"https:\/\/ocardoo.com\/en\/wp-json\/wp\/v2\/types\/product"}],"author":[{"embeddable":true,"href":"https:\/\/ocardoo.com\/en\/wp-json\/wp\/v2\/users\/20"}],"replies":[{"embeddable":true,"href":"https:\/\/ocardoo.com\/en\/wp-json\/wp\/v2\/comments?post=21131"}],"version-history":[{"count":3,"href":"https:\/\/ocardoo.com\/en\/wp-json\/wp\/v2\/product\/21131\/revisions"}],"predecessor-version":[{"id":21136,"href":"https:\/\/ocardoo.com\/en\/wp-json\/wp\/v2\/product\/21131\/revisions\/21136"}],"wp:featuredmedia":[{"embeddable":true,"href":"https:\/\/ocardoo.com\/en\/wp-json\/wp\/v2\/media\/20338"}],"wp:attachment":[{"href":"https:\/\/ocardoo.com\/en\/wp-json\/wp\/v2\/media?parent=21131"}],"wp:term":[{"taxonomy":"product_cat","embeddable":true,"href":"https:\/\/ocardoo.com\/en\/wp-json\/wp\/v2\/product_cat?post=21131"},{"taxonomy":"product_tag","embeddable":true,"href":"https:\/\/ocardoo.com\/en\/wp-json\/wp\/v2\/product_tag?post=21131"}],"curies":[{"name":"wp","href":"https:\/\/api.w.org\/{rel}","templated":true}]}}