{"id":21186,"date":"2026-05-06T16:00:52","date_gmt":"2026-05-06T14:00:52","guid":{"rendered":"https:\/\/ocardoo.com\/?post_type=product&#038;p=21186"},"modified":"2026-05-06T16:02:36","modified_gmt":"2026-05-06T14:02:36","slug":"31198","status":"publish","type":"product","link":"https:\/\/ocardoo.com\/en\/product\/31198\/","title":{"rendered":"Wir finden deine Entscheidung trotzdem doof \u2013 Lustige digitale Abschiedskarte f\u00fcr Kolleg:innen"},"content":{"rendered":"<p data-start=\"141\" data-end=\"206\">\ud83d\udc9b <strong data-start=\"144\" data-end=\"204\">\u201eWir finden deine Entscheidung \u2026 trotzdem doof f\u00fcr uns.\u201c<\/strong><\/p>\n<p data-start=\"208\" data-end=\"322\">Eine humorvolle und gleichzeitig herzliche digitale Abschiedskarte f\u00fcr Menschen, die man nur ungern gehen l\u00e4sst.<\/p>\n<p data-start=\"324\" data-end=\"565\">Ob Jobwechsel, neuer Lebensabschnitt oder Abschied aus dem Team \u2013 diese moderne Gruppengru\u00dfkarte verbindet ehrliche Emotionen mit charmantem Humor. Perfekt f\u00fcr Kolleg:innen, Freund:innen oder Lieblingsmenschen, die definitiv fehlen werden.<\/p>\n<p data-start=\"567\" data-end=\"775\">Mit Ocardoo kann die Karte gemeinsam online unterschrieben werden. Kolleg:innen, Freunde oder das ganze Team k\u00f6nnen pers\u00f6nliche Nachrichten hinzuf\u00fcgen und so eine einzigartige digitale Erinnerung gestalten.<\/p>\n<p data-start=\"777\" data-end=\"807\">\u2728 Locker. Modern. Emotional.<\/p>\n<h3 data-section-id=\"iu67s7\" data-start=\"809\" data-end=\"832\">Ideal geeignet f\u00fcr:<\/h3>\n<ul data-start=\"833\" data-end=\"1025\">\n<li data-section-id=\"10xqu9e\" data-start=\"833\" data-end=\"862\">Abschied von Kolleg:innen<\/li>\n<li data-section-id=\"5ztbd0\" data-start=\"863\" data-end=\"889\">neuer Job &amp; Jobwechsel<\/li>\n<li data-section-id=\"1narywx\" data-start=\"890\" data-end=\"914\">Teamabschied im B\u00fcro<\/li>\n<li data-section-id=\"1ywdpve\" data-start=\"915\" data-end=\"942\">lustige Abschiedskarten<\/li>\n<li data-section-id=\"17od9t0\" data-start=\"943\" data-end=\"973\">digitale Gruppengru\u00dfkarten<\/li>\n<li data-section-id=\"1a7q0n9\" data-start=\"974\" data-end=\"999\">gemeinsame Teamkarten<\/li>\n<li data-section-id=\"1jfd4yp\" data-start=\"1000\" data-end=\"1025\">humorvolle Gru\u00dfkarten<\/li>\n<\/ul>\n<h3 data-section-id=\"1qu8mft\" data-start=\"1027\" data-end=\"1043\">Perfekt als:<\/h3>\n<p data-start=\"1044\" data-end=\"1222\">\u2714 digitale Abschiedskarte<br data-start=\"1069\" data-end=\"1072\" \/>\u2714 lustige Kollegenkarte<br data-start=\"1095\" data-end=\"1098\" \/>\u2714 Teamkarte zum Abschied<br data-start=\"1122\" data-end=\"1125\" \/>\u2714 gemeinsame Gru\u00dfkarte<br data-start=\"1147\" data-end=\"1150\" \/>\u2714 digitale Karte gemeinsam unterschreiben<br data-start=\"1191\" data-end=\"1194\" \/>\u2714 moderne Gruppengru\u00dfkarte<\/p>\n<h3 data-section-id=\"brkapw\" data-start=\"1224\" data-end=\"1256\">Besonderheiten dieser Karte:<\/h3>\n<ul data-start=\"1257\" data-end=\"1507\">\n<li data-section-id=\"1nexcpx\" data-start=\"1257\" data-end=\"1286\">moderner Checklisten-Look<\/li>\n<li data-section-id=\"nqafes\" data-start=\"1287\" data-end=\"1318\">humorvoller Abschiedsspruch<\/li>\n<li data-section-id=\"1j8tvqu\" data-start=\"1319\" data-end=\"1357\">liebevolle Farben &amp; Illustrationen<\/li>\n<li data-section-id=\"1uakm5p\" data-start=\"1358\" data-end=\"1394\">perfekt f\u00fcr Teams &amp; Kolleg:innen<\/li>\n<li data-section-id=\"1b1h6jm\" data-start=\"1395\" data-end=\"1430\">online gemeinsam unterschreiben<\/li>\n<li data-section-id=\"14xqqnl\" data-start=\"1431\" data-end=\"1472\">digitale Zustellung oder PDF-Download<\/li>\n<li data-section-id=\"1bgazux\" data-start=\"1473\" data-end=\"1507\">pers\u00f6nlich, modern &amp; emotional<\/li>\n<\/ul>\n<h2 data-section-id=\"17ey7so\" data-start=\"1509\" data-end=\"1536\">So funktioniert Ocardoo:<\/h2>\n<ol data-start=\"1537\" data-end=\"1763\">\n<li data-section-id=\"1fbqmlk\" data-start=\"1537\" data-end=\"1557\">Motiv ausw\u00e4hlen<\/li>\n<li data-section-id=\"a709vx\" data-start=\"1558\" data-end=\"1618\">Link mit Kolleg:innen, Freund:innen oder Familie teilen<\/li>\n<li data-section-id=\"zelp07\" data-start=\"1619\" data-end=\"1694\">Gemeinsam online unterschreiben und pers\u00f6nliche Nachrichten hinzuf\u00fcgen<\/li>\n<li data-section-id=\"c4v8aj\" data-start=\"1695\" data-end=\"1763\">Fertige digitale Gru\u00dfkarte versenden oder als PDF herunterladen<\/li>\n<\/ol>\n<p data-start=\"1765\" data-end=\"1844\" data-is-last-node=\"\" data-is-only-node=\"\"><strong data-start=\"1765\" data-end=\"1841\">Ocardoo \u2013 pers\u00f6nliche digitale Gruppengru\u00dfkarten f\u00fcr besondere Menschen.<\/strong> \ud83d\udc9a<\/p>","protected":false},"excerpt":{"rendered":"<p>\ud83d\udc9b \u201eWir finden deine Entscheidung \u2026 trotzdem doof f\u00fcr uns.\u201c Eine humorvolle und gleichzeitig herzliche digitale Abschiedskarte f\u00fcr Menschen, die man nur ungern gehen l\u00e4sst. Ob Jobwechsel, neuer Lebensabschnitt oder [&hellip;]<\/p>","protected":false},"author":20,"featured_media":20348,"comment_status":"open","ping_status":"closed","template":"","meta":{"_acf_changed":false,"inline_featured_image":false,"footnotes":""},"product_cat":[85,84],"product_tag":[544,279,395,235,545,542,354,540,543,541],"class_list":["post-21186","product","type-product","status-publish","has-post-thumbnail","hentry","product_cat-abschied-verlaesst-unternehmen","product_cat-anlaesse","product_tag-abenteuer","product_tag-abschied","product_tag-abschiedskarte","product_tag-danke","product_tag-danke-fuer-alles","product_tag-jobwechsel","product_tag-kollege","product_tag-kuendigung","product_tag-neustart","product_tag-team","pa_variante-basic","pa_variante-premium"],"acf":[],"_links":{"self":[{"href":"https:\/\/ocardoo.com\/en\/wp-json\/wp\/v2\/product\/21186","targetHints":{"allow":["GET"]}}],"collection":[{"href":"https:\/\/ocardoo.com\/en\/wp-json\/wp\/v2\/product"}],"about":[{"href":"https:\/\/ocardoo.com\/en\/wp-json\/wp\/v2\/types\/product"}],"author":[{"embeddable":true,"href":"https:\/\/ocardoo.com\/en\/wp-json\/wp\/v2\/users\/20"}],"replies":[{"embeddable":true,"href":"https:\/\/ocardoo.com\/en\/wp-json\/wp\/v2\/comments?post=21186"}],"version-history":[{"count":2,"href":"https:\/\/ocardoo.com\/en\/wp-json\/wp\/v2\/product\/21186\/revisions"}],"predecessor-version":[{"id":21190,"href":"https:\/\/ocardoo.com\/en\/wp-json\/wp\/v2\/product\/21186\/revisions\/21190"}],"wp:featuredmedia":[{"embeddable":true,"href":"https:\/\/ocardoo.com\/en\/wp-json\/wp\/v2\/media\/20348"}],"wp:attachment":[{"href":"https:\/\/ocardoo.com\/en\/wp-json\/wp\/v2\/media?parent=21186"}],"wp:term":[{"taxonomy":"product_cat","embeddable":true,"href":"https:\/\/ocardoo.com\/en\/wp-json\/wp\/v2\/product_cat?post=21186"},{"taxonomy":"product_tag","embeddable":true,"href":"https:\/\/ocardoo.com\/en\/wp-json\/wp\/v2\/product_tag?post=21186"}],"curies":[{"name":"wp","href":"https:\/\/api.w.org\/{rel}","templated":true}]}}