{"id":21196,"date":"2026-05-06T16:08:28","date_gmt":"2026-05-06T14:08:28","guid":{"rendered":"https:\/\/ocardoo.com\/?post_type=product&#038;p=21196"},"modified":"2026-05-06T16:09:42","modified_gmt":"2026-05-06T14:09:42","slug":"31200","status":"publish","type":"product","link":"https:\/\/ocardoo.com\/en\/product\/31200\/","title":{"rendered":"Ein Abschied ist immer auch ein Anfang \u2013 Emotionale digitale Abschiedskarte f\u00fcr Kolleg:innen"},"content":{"rendered":"<p data-start=\"139\" data-end=\"189\">\ud83d\udc99 <strong data-start=\"142\" data-end=\"187\">\u201eEin Abschied ist immer auch ein Anfang.\u201c<\/strong><\/p>\n<p data-start=\"191\" data-end=\"428\">Manche Abschiede tun weh, auch wenn man sich f\u00fcr den anderen freut.<br data-start=\"258\" data-end=\"261\" \/>Diese emotionale digitale Gruppengru\u00dfkarte verbindet Wertsch\u00e4tzung, Dankbarkeit und Hoffnung auf einen neuen Lebensabschnitt in einem modernen und stilvollen Design.<\/p>\n<p data-start=\"430\" data-end=\"571\">Perfekt f\u00fcr Kolleg:innen, Freund:innen oder Teammitglieder, die einen neuen Weg einschlagen und eine besondere Erinnerung mitnehmen sollen.<\/p>\n<p data-start=\"573\" data-end=\"801\">Mit Ocardoo kann die Karte gemeinsam online unterschrieben werden. Kolleg:innen, Freund:innen oder Familienmitglieder k\u00f6nnen pers\u00f6nliche Nachrichten hinzuf\u00fcgen und gemeinsam eine einzigartige digitale Abschiedskarte gestalten.<\/p>\n<p data-start=\"803\" data-end=\"839\">\u2728 Emotional. Stilvoll. Pers\u00f6nlich.<\/p>\n<h3 data-section-id=\"iu67s7\" data-start=\"841\" data-end=\"864\">Ideal geeignet f\u00fcr:<\/h3>\n<ul data-start=\"865\" data-end=\"1061\">\n<li data-section-id=\"10xqu9e\" data-start=\"865\" data-end=\"894\">Abschied von Kolleg:innen<\/li>\n<li data-section-id=\"5ztbd0\" data-start=\"895\" data-end=\"921\">neuer Job &amp; Jobwechsel<\/li>\n<li data-section-id=\"1narywx\" data-start=\"922\" data-end=\"946\">Teamabschied im B\u00fcro<\/li>\n<li data-section-id=\"17od9t0\" data-start=\"947\" data-end=\"977\">digitale Gruppengru\u00dfkarten<\/li>\n<li data-section-id=\"zmq3lo\" data-start=\"978\" data-end=\"1008\">emotionale Abschiedskarten<\/li>\n<li data-section-id=\"gdxll3\" data-start=\"1009\" data-end=\"1034\">gemeinsame Gru\u00dfkarten<\/li>\n<li data-section-id=\"akv8r8\" data-start=\"1035\" data-end=\"1061\">Neuanfang &amp; Dankesch\u00f6n<\/li>\n<\/ul>\n<h3 data-section-id=\"1qu8mft\" data-start=\"1063\" data-end=\"1079\">Perfekt als:<\/h3>\n<p data-start=\"1080\" data-end=\"1262\">\u2714 digitale Abschiedskarte<br data-start=\"1105\" data-end=\"1108\" \/>\u2714 moderne Kollegenkarte<br data-start=\"1131\" data-end=\"1134\" \/>\u2714 Teamkarte zum Abschied<br data-start=\"1158\" data-end=\"1161\" \/>\u2714 gemeinsame Gru\u00dfkarte<br data-start=\"1183\" data-end=\"1186\" \/>\u2714 digitale Karte gemeinsam unterschreiben<br data-start=\"1227\" data-end=\"1230\" \/>\u2714 pers\u00f6nliche Gruppengru\u00dfkarte<\/p>\n<h3 data-section-id=\"brkapw\" data-start=\"1264\" data-end=\"1296\">Besonderheiten dieser Karte:<\/h3>\n<ul data-start=\"1297\" data-end=\"1569\">\n<li data-section-id=\"1uqblk9\" data-start=\"1297\" data-end=\"1331\">moderner minimalistischer Stil<\/li>\n<li data-section-id=\"1x9seee\" data-start=\"1332\" data-end=\"1363\">emotionaler Abschiedsspruch<\/li>\n<li data-section-id=\"n0eotf\" data-start=\"1364\" data-end=\"1405\">stilvolle handschriftliche Typografie<\/li>\n<li data-section-id=\"1pw0ztv\" data-start=\"1406\" data-end=\"1451\">harmonische Farbgestaltung in Blau &amp; Wei\u00df<\/li>\n<li data-section-id=\"1b1h6jm\" data-start=\"1452\" data-end=\"1487\">online gemeinsam unterschreiben<\/li>\n<li data-section-id=\"14xqqnl\" data-start=\"1488\" data-end=\"1529\">digitale Zustellung oder PDF-Download<\/li>\n<li data-section-id=\"pxnqmz\" data-start=\"1530\" data-end=\"1569\">perfekt f\u00fcr Teams &amp; Herzensmenschen<\/li>\n<\/ul>\n<h2 data-section-id=\"17ey7so\" data-start=\"1571\" data-end=\"1598\">So funktioniert Ocardoo:<\/h2>\n<ol data-start=\"1599\" data-end=\"1825\">\n<li data-section-id=\"1fbqmlk\" data-start=\"1599\" data-end=\"1619\">Motiv ausw\u00e4hlen<\/li>\n<li data-section-id=\"a709vx\" data-start=\"1620\" data-end=\"1680\">Link mit Kolleg:innen, Freund:innen oder Familie teilen<\/li>\n<li data-section-id=\"zelp07\" data-start=\"1681\" data-end=\"1756\">Gemeinsam online unterschreiben und pers\u00f6nliche Nachrichten hinzuf\u00fcgen<\/li>\n<li data-section-id=\"c4v8aj\" data-start=\"1757\" data-end=\"1825\">Fertige digitale Gru\u00dfkarte versenden oder als PDF herunterladen<\/li>\n<\/ol>\n<p data-start=\"1827\" data-end=\"1907\" data-is-last-node=\"\" data-is-only-node=\"\"><strong data-start=\"1827\" data-end=\"1904\">Ocardoo \u2013 pers\u00f6nliche digitale Gruppengru\u00dfkarten f\u00fcr besondere Abschiede.<\/strong> \ud83d\udc9a<\/p>","protected":false},"excerpt":{"rendered":"<p>\ud83d\udc99 \u201eEin Abschied ist immer auch ein Anfang.\u201c Manche Abschiede tun weh, auch wenn man sich f\u00fcr den anderen freut.Diese emotionale digitale Gruppengru\u00dfkarte verbindet Wertsch\u00e4tzung, Dankbarkeit und Hoffnung auf einen [&hellip;]<\/p>","protected":false},"author":20,"featured_media":20350,"comment_status":"open","ping_status":"closed","template":"","meta":{"_acf_changed":false,"inline_featured_image":false,"footnotes":""},"product_cat":[85,84],"product_tag":[279,395,542,354,540,543,541],"class_list":["post-21196","product","type-product","status-publish","has-post-thumbnail","hentry","product_cat-abschied-verlaesst-unternehmen","product_cat-anlaesse","product_tag-abschied","product_tag-abschiedskarte","product_tag-jobwechsel","product_tag-kollege","product_tag-kuendigung","product_tag-neustart","product_tag-team","pa_variante-basic","pa_variante-premium"],"acf":[],"_links":{"self":[{"href":"https:\/\/ocardoo.com\/en\/wp-json\/wp\/v2\/product\/21196","targetHints":{"allow":["GET"]}}],"collection":[{"href":"https:\/\/ocardoo.com\/en\/wp-json\/wp\/v2\/product"}],"about":[{"href":"https:\/\/ocardoo.com\/en\/wp-json\/wp\/v2\/types\/product"}],"author":[{"embeddable":true,"href":"https:\/\/ocardoo.com\/en\/wp-json\/wp\/v2\/users\/20"}],"replies":[{"embeddable":true,"href":"https:\/\/ocardoo.com\/en\/wp-json\/wp\/v2\/comments?post=21196"}],"version-history":[{"count":2,"href":"https:\/\/ocardoo.com\/en\/wp-json\/wp\/v2\/product\/21196\/revisions"}],"predecessor-version":[{"id":21200,"href":"https:\/\/ocardoo.com\/en\/wp-json\/wp\/v2\/product\/21196\/revisions\/21200"}],"wp:featuredmedia":[{"embeddable":true,"href":"https:\/\/ocardoo.com\/en\/wp-json\/wp\/v2\/media\/20350"}],"wp:attachment":[{"href":"https:\/\/ocardoo.com\/en\/wp-json\/wp\/v2\/media?parent=21196"}],"wp:term":[{"taxonomy":"product_cat","embeddable":true,"href":"https:\/\/ocardoo.com\/en\/wp-json\/wp\/v2\/product_cat?post=21196"},{"taxonomy":"product_tag","embeddable":true,"href":"https:\/\/ocardoo.com\/en\/wp-json\/wp\/v2\/product_tag?post=21196"}],"curies":[{"name":"wp","href":"https:\/\/api.w.org\/{rel}","templated":true}]}}