{"id":21201,"date":"2026-05-06T16:10:21","date_gmt":"2026-05-06T14:10:21","guid":{"rendered":"https:\/\/ocardoo.com\/?post_type=product&#038;p=21201"},"modified":"2026-05-06T16:12:12","modified_gmt":"2026-05-06T14:12:12","slug":"31201","status":"publish","type":"product","link":"https:\/\/ocardoo.com\/en\/product\/31201\/","title":{"rendered":"Wir beobachten dich \u2013 Lustige digitale Abschiedskarte f\u00fcr Kolleg:innen mit Humor"},"content":{"rendered":"<p data-start=\"127\" data-end=\"158\">\ud83d\udc40 <strong data-start=\"130\" data-end=\"156\">\u201eWir beobachten dich.\u201c<\/strong><\/p>\n<p data-start=\"160\" data-end=\"438\">Eine witzige digitale Abschiedskarte f\u00fcr Kolleg:innen, die man einfach nicht vergessen m\u00f6chte.<br data-start=\"254\" data-end=\"257\" \/>Das humorvolle Design mit den neugierigen Augen hinter der Wand sorgt garantiert f\u00fcr Schmunzeln und macht diese Karte zu einer originellen Erinnerung an gemeinsame Zeiten im Team.<\/p>\n<p data-start=\"440\" data-end=\"596\">Perfekt f\u00fcr Kolleg:innen, Freund:innen oder Mitarbeitende, die einen neuen Weg einschlagen \u2013 aber trotzdem irgendwie immer \u201eunter Beobachtung\u201c bleiben. \ud83d\ude09<\/p>\n<p data-start=\"598\" data-end=\"818\">Mit Ocardoo kann die Karte gemeinsam online unterschrieben werden. Das ganze Team kann pers\u00f6nliche Nachrichten, Insider oder liebe Abschiedsworte hinzuf\u00fcgen und so eine einzigartige digitale Gruppengru\u00dfkarte gestalten.<\/p>\n<p data-start=\"820\" data-end=\"858\">\ud83d\udc9a Humorvoll. Modern. Unvergesslich.<\/p>\n<h3 data-section-id=\"iu67s7\" data-start=\"860\" data-end=\"883\">Ideal geeignet f\u00fcr:<\/h3>\n<ul data-start=\"884\" data-end=\"1085\">\n<li data-section-id=\"10xqu9e\" data-start=\"884\" data-end=\"913\">Abschied von Kolleg:innen<\/li>\n<li data-section-id=\"7jnayy\" data-start=\"914\" data-end=\"949\">Jobwechsel &amp; neuer Arbeitsplatz<\/li>\n<li data-section-id=\"1hpd8g7\" data-start=\"950\" data-end=\"972\">lustige Teamkarten<\/li>\n<li data-section-id=\"17od9t0\" data-start=\"973\" data-end=\"1003\">digitale Gruppengru\u00dfkarten<\/li>\n<li data-section-id=\"5tcoym\" data-start=\"1004\" data-end=\"1034\">humorvolle Abschiedskarten<\/li>\n<li data-section-id=\"gdxll3\" data-start=\"1035\" data-end=\"1060\">gemeinsame Gru\u00dfkarten<\/li>\n<li data-section-id=\"1sx2h0m\" data-start=\"1061\" data-end=\"1085\">B\u00fcro &amp; Teamabschiede<\/li>\n<\/ul>\n<h3 data-section-id=\"1qu8mft\" data-start=\"1087\" data-end=\"1103\">Perfekt als:<\/h3>\n<p data-start=\"1104\" data-end=\"1292\">\u2714 digitale Abschiedskarte<br data-start=\"1129\" data-end=\"1132\" \/>\u2714 lustige Kollegenkarte<br data-start=\"1155\" data-end=\"1158\" \/>\u2714 Teamkarte zum neuen Job<br data-start=\"1183\" data-end=\"1186\" \/>\u2714 digitale Karte gemeinsam unterschreiben<br data-start=\"1227\" data-end=\"1230\" \/>\u2714 moderne Gruppengru\u00dfkarte<br data-start=\"1256\" data-end=\"1259\" \/>\u2714 humorvolle Abschiedsgru\u00dfkarte<\/p>\n<h3 data-section-id=\"brkapw\" data-start=\"1294\" data-end=\"1326\">Besonderheiten dieser Karte:<\/h3>\n<ul data-start=\"1327\" data-end=\"1585\">\n<li data-section-id=\"1492x2z\" data-start=\"1327\" data-end=\"1355\">originelles Comic-Design<\/li>\n<li data-section-id=\"nqafes\" data-start=\"1356\" data-end=\"1387\">humorvoller Abschiedsspruch<\/li>\n<li data-section-id=\"1eypifa\" data-start=\"1388\" data-end=\"1433\">moderne Illustrationen mit B\u00fcro-Elementen<\/li>\n<li data-section-id=\"1uakm5p\" data-start=\"1434\" data-end=\"1470\">perfekt f\u00fcr Teams &amp; Kolleg:innen<\/li>\n<li data-section-id=\"1b1h6jm\" data-start=\"1471\" data-end=\"1506\">online gemeinsam unterschreiben<\/li>\n<li data-section-id=\"14xqqnl\" data-start=\"1507\" data-end=\"1548\">digitale Zustellung oder PDF-Download<\/li>\n<li data-section-id=\"1ly37j0\" data-start=\"1549\" data-end=\"1585\">pers\u00f6nlich &amp; mit Humor gestaltet<\/li>\n<\/ul>\n<h2 data-section-id=\"17ey7so\" data-start=\"1587\" data-end=\"1614\">So funktioniert Ocardoo:<\/h2>\n<ol data-start=\"1615\" data-end=\"1841\">\n<li data-section-id=\"1fbqmlk\" data-start=\"1615\" data-end=\"1635\">Motiv ausw\u00e4hlen<\/li>\n<li data-section-id=\"a709vx\" data-start=\"1636\" data-end=\"1696\">Link mit Kolleg:innen, Freund:innen oder Familie teilen<\/li>\n<li data-section-id=\"zelp07\" data-start=\"1697\" data-end=\"1772\">Gemeinsam online unterschreiben und pers\u00f6nliche Nachrichten hinzuf\u00fcgen<\/li>\n<li data-section-id=\"c4v8aj\" data-start=\"1773\" data-end=\"1841\">Fertige digitale Gru\u00dfkarte versenden oder als PDF herunterladen<\/li>\n<\/ol>\n<p data-start=\"1843\" data-end=\"1916\" data-is-last-node=\"\" data-is-only-node=\"\"><strong data-start=\"1843\" data-end=\"1913\">Ocardoo \u2013 pers\u00f6nliche digitale Gruppengru\u00dfkarten mit Herz &amp; Humor.<\/strong> \ud83d\udc9a<\/p>","protected":false},"excerpt":{"rendered":"<p>\ud83d\udc40 \u201eWir beobachten dich.\u201c Eine witzige digitale Abschiedskarte f\u00fcr Kolleg:innen, die man einfach nicht vergessen m\u00f6chte.Das humorvolle Design mit den neugierigen Augen hinter der Wand sorgt garantiert f\u00fcr Schmunzeln und [&hellip;]<\/p>","protected":false},"author":20,"featured_media":20351,"comment_status":"open","ping_status":"closed","template":"","meta":{"_acf_changed":false,"inline_featured_image":false,"footnotes":""},"product_cat":[85,84],"product_tag":[558,542,354,540,543,541],"class_list":["post-21201","product","type-product","status-publish","has-post-thumbnail","hentry","product_cat-abschied-verlaesst-unternehmen","product_cat-anlaesse","product_tag-augen","product_tag-jobwechsel","product_tag-kollege","product_tag-kuendigung","product_tag-neustart","product_tag-team","pa_variante-basic","pa_variante-premium"],"acf":[],"_links":{"self":[{"href":"https:\/\/ocardoo.com\/en\/wp-json\/wp\/v2\/product\/21201","targetHints":{"allow":["GET"]}}],"collection":[{"href":"https:\/\/ocardoo.com\/en\/wp-json\/wp\/v2\/product"}],"about":[{"href":"https:\/\/ocardoo.com\/en\/wp-json\/wp\/v2\/types\/product"}],"author":[{"embeddable":true,"href":"https:\/\/ocardoo.com\/en\/wp-json\/wp\/v2\/users\/20"}],"replies":[{"embeddable":true,"href":"https:\/\/ocardoo.com\/en\/wp-json\/wp\/v2\/comments?post=21201"}],"version-history":[{"count":3,"href":"https:\/\/ocardoo.com\/en\/wp-json\/wp\/v2\/product\/21201\/revisions"}],"predecessor-version":[{"id":21206,"href":"https:\/\/ocardoo.com\/en\/wp-json\/wp\/v2\/product\/21201\/revisions\/21206"}],"wp:featuredmedia":[{"embeddable":true,"href":"https:\/\/ocardoo.com\/en\/wp-json\/wp\/v2\/media\/20351"}],"wp:attachment":[{"href":"https:\/\/ocardoo.com\/en\/wp-json\/wp\/v2\/media?parent=21201"}],"wp:term":[{"taxonomy":"product_cat","embeddable":true,"href":"https:\/\/ocardoo.com\/en\/wp-json\/wp\/v2\/product_cat?post=21201"},{"taxonomy":"product_tag","embeddable":true,"href":"https:\/\/ocardoo.com\/en\/wp-json\/wp\/v2\/product_tag?post=21201"}],"curies":[{"name":"wp","href":"https:\/\/api.w.org\/{rel}","templated":true}]}}