{"id":21207,"date":"2026-05-06T16:12:41","date_gmt":"2026-05-06T14:12:41","guid":{"rendered":"https:\/\/ocardoo.com\/?post_type=product&#038;p=21207"},"modified":"2026-05-06T16:14:03","modified_gmt":"2026-05-06T14:14:03","slug":"31202","status":"publish","type":"product","link":"https:\/\/ocardoo.com\/en\/product\/31202\/","title":{"rendered":"T\u00fcr bleibt offen \u2013 Herzliche digitale Abschiedskarte f\u00fcr Kolleg:innen &#038; Freund:innen"},"content":{"rendered":"<p data-start=\"131\" data-end=\"168\">\ud83d\udeaa\ud83d\udc9b <strong data-start=\"136\" data-end=\"166\">\u201eT\u00fcr bleibt offen. Immer.\u201c<\/strong><\/p>\n<p data-start=\"170\" data-end=\"384\">Eine emotionale digitale Abschiedskarte f\u00fcr Menschen, die jederzeit willkommen bleiben.<br data-start=\"257\" data-end=\"260\" \/>Das warme Design mit der ge\u00f6ffneten T\u00fcr symbolisiert Verbundenheit, Dankbarkeit und die Gewissheit: Man sieht sich wieder.<\/p>\n<p data-start=\"386\" data-end=\"533\">Ideal f\u00fcr Kolleg:innen, Mitarbeitende, Freund:innen oder Herzensmenschen, die einen neuen Weg gehen \u2013 aber trotzdem immer Teil des Teams bleiben.<\/p>\n<p data-start=\"535\" data-end=\"783\">Mit Ocardoo kann die Karte gemeinsam online unterschrieben werden. Kolleg:innen, Freund:innen oder Familie k\u00f6nnen pers\u00f6nliche Nachrichten, Erinnerungen und liebe W\u00fcnsche hinzuf\u00fcgen und gemeinsam eine besondere digitale Gruppengru\u00dfkarte gestalten.<\/p>\n<p data-start=\"785\" data-end=\"826\">\u2728 Emotional. Wertsch\u00e4tzend. Pers\u00f6nlich.<\/p>\n<h3 data-section-id=\"iu67s7\" data-start=\"828\" data-end=\"851\">Ideal geeignet f\u00fcr:<\/h3>\n<ul data-start=\"852\" data-end=\"1066\">\n<li data-section-id=\"10xqu9e\" data-start=\"852\" data-end=\"881\">Abschied von Kolleg:innen<\/li>\n<li data-section-id=\"1j7o3u4\" data-start=\"882\" data-end=\"920\">Jobwechsel &amp; neuer Lebensabschnitt<\/li>\n<li data-section-id=\"14ziy03\" data-start=\"921\" data-end=\"938\">Teamabschiede<\/li>\n<li data-section-id=\"17od9t0\" data-start=\"939\" data-end=\"969\">digitale Gruppengru\u00dfkarten<\/li>\n<li data-section-id=\"ko5zj5\" data-start=\"970\" data-end=\"999\">herzliche Abschiedskarten<\/li>\n<li data-section-id=\"115fz0e\" data-start=\"1000\" data-end=\"1028\">pers\u00f6nliche Dankeskarten<\/li>\n<li data-section-id=\"1mfikxp\" data-start=\"1029\" data-end=\"1066\">Abschied im B\u00fcro oder Unternehmen<\/li>\n<\/ul>\n<h3 data-section-id=\"1qu8mft\" data-start=\"1068\" data-end=\"1084\">Perfekt als:<\/h3>\n<p data-start=\"1085\" data-end=\"1290\">\u2714 digitale Abschiedskarte<br data-start=\"1110\" data-end=\"1113\" \/>\u2714 Teamkarte f\u00fcr Kolleg:innen<br data-start=\"1141\" data-end=\"1144\" \/>\u2714 gemeinsame Gru\u00dfkarte online unterschreiben<br data-start=\"1188\" data-end=\"1191\" \/>\u2714 moderne Abschiedsgru\u00dfkarte<br data-start=\"1219\" data-end=\"1222\" \/>\u2714 digitale Karte f\u00fcr Mitarbeitende<br data-start=\"1256\" data-end=\"1259\" \/>\u2714 emotionale Gruppengru\u00dfkarte<\/p>\n<h3 data-section-id=\"brkapw\" data-start=\"1292\" data-end=\"1324\">Besonderheiten dieser Karte:<\/h3>\n<ul data-start=\"1325\" data-end=\"1581\">\n<li data-section-id=\"fam2y2\" data-start=\"1325\" data-end=\"1353\">warmes &amp; modernes Design<\/li>\n<li data-section-id=\"yknkry\" data-start=\"1354\" data-end=\"1385\">liebevoller Abschiedsspruch<\/li>\n<li data-section-id=\"y7zcmc\" data-start=\"1386\" data-end=\"1429\">offene T\u00fcr als Symbol f\u00fcr Verbundenheit<\/li>\n<li data-section-id=\"1uakm5p\" data-start=\"1430\" data-end=\"1466\">perfekt f\u00fcr Teams &amp; Kolleg:innen<\/li>\n<li data-section-id=\"1b1h6jm\" data-start=\"1467\" data-end=\"1502\">online gemeinsam unterschreiben<\/li>\n<li data-section-id=\"14xqqnl\" data-start=\"1503\" data-end=\"1544\">digitale Zustellung oder PDF-Download<\/li>\n<li data-section-id=\"d5oj5j\" data-start=\"1545\" data-end=\"1581\">pers\u00f6nlich &amp; emotional gestaltet<\/li>\n<\/ul>\n<h2 data-section-id=\"17ey7so\" data-start=\"1583\" data-end=\"1610\">So funktioniert Ocardoo:<\/h2>\n<ol data-start=\"1611\" data-end=\"1837\">\n<li data-section-id=\"1fbqmlk\" data-start=\"1611\" data-end=\"1631\">Motiv ausw\u00e4hlen<\/li>\n<li data-section-id=\"a709vx\" data-start=\"1632\" data-end=\"1692\">Link mit Kolleg:innen, Freund:innen oder Familie teilen<\/li>\n<li data-section-id=\"zelp07\" data-start=\"1693\" data-end=\"1768\">Gemeinsam online unterschreiben und pers\u00f6nliche Nachrichten hinzuf\u00fcgen<\/li>\n<li data-section-id=\"c4v8aj\" data-start=\"1769\" data-end=\"1837\">Fertige digitale Gru\u00dfkarte versenden oder als PDF herunterladen<\/li>\n<\/ol>\n<p data-start=\"1839\" data-end=\"1904\" data-is-last-node=\"\" data-is-only-node=\"\"><strong data-start=\"1839\" data-end=\"1901\">Ocardoo \u2013 pers\u00f6nliche digitale Gruppengru\u00dfkarten mit Herz.<\/strong> \ud83d\udc9a<\/p>","protected":false},"excerpt":{"rendered":"<p>\ud83d\udeaa\ud83d\udc9b \u201eT\u00fcr bleibt offen. Immer.\u201c Eine emotionale digitale Abschiedskarte f\u00fcr Menschen, die jederzeit willkommen bleiben.Das warme Design mit der ge\u00f6ffneten T\u00fcr symbolisiert Verbundenheit, Dankbarkeit und die Gewissheit: Man sieht sich [&hellip;]<\/p>","protected":false},"author":20,"featured_media":20352,"comment_status":"open","ping_status":"closed","template":"","meta":{"_acf_changed":false,"inline_featured_image":false,"footnotes":""},"product_cat":[85,84],"product_tag":[279,395,542,354,540,543,541],"class_list":["post-21207","product","type-product","status-publish","has-post-thumbnail","hentry","product_cat-abschied-verlaesst-unternehmen","product_cat-anlaesse","product_tag-abschied","product_tag-abschiedskarte","product_tag-jobwechsel","product_tag-kollege","product_tag-kuendigung","product_tag-neustart","product_tag-team","pa_variante-basic","pa_variante-premium"],"acf":[],"_links":{"self":[{"href":"https:\/\/ocardoo.com\/en\/wp-json\/wp\/v2\/product\/21207","targetHints":{"allow":["GET"]}}],"collection":[{"href":"https:\/\/ocardoo.com\/en\/wp-json\/wp\/v2\/product"}],"about":[{"href":"https:\/\/ocardoo.com\/en\/wp-json\/wp\/v2\/types\/product"}],"author":[{"embeddable":true,"href":"https:\/\/ocardoo.com\/en\/wp-json\/wp\/v2\/users\/20"}],"replies":[{"embeddable":true,"href":"https:\/\/ocardoo.com\/en\/wp-json\/wp\/v2\/comments?post=21207"}],"version-history":[{"count":2,"href":"https:\/\/ocardoo.com\/en\/wp-json\/wp\/v2\/product\/21207\/revisions"}],"predecessor-version":[{"id":21211,"href":"https:\/\/ocardoo.com\/en\/wp-json\/wp\/v2\/product\/21207\/revisions\/21211"}],"wp:featuredmedia":[{"embeddable":true,"href":"https:\/\/ocardoo.com\/en\/wp-json\/wp\/v2\/media\/20352"}],"wp:attachment":[{"href":"https:\/\/ocardoo.com\/en\/wp-json\/wp\/v2\/media?parent=21207"}],"wp:term":[{"taxonomy":"product_cat","embeddable":true,"href":"https:\/\/ocardoo.com\/en\/wp-json\/wp\/v2\/product_cat?post=21207"},{"taxonomy":"product_tag","embeddable":true,"href":"https:\/\/ocardoo.com\/en\/wp-json\/wp\/v2\/product_tag?post=21207"}],"curies":[{"name":"wp","href":"https:\/\/api.w.org\/{rel}","templated":true}]}}