{"id":21223,"date":"2026-05-06T16:18:32","date_gmt":"2026-05-06T14:18:32","guid":{"rendered":"https:\/\/ocardoo.com\/?post_type=product&#038;p=21223"},"modified":"2026-05-06T16:20:44","modified_gmt":"2026-05-06T14:20:44","slug":"31205","status":"publish","type":"product","link":"https:\/\/ocardoo.com\/en\/product\/31205\/","title":{"rendered":"Du kommst zur\u00fcck \u2013 Lustige digitale Abschiedskarte f\u00fcr Kolleg:innen &#038; Teams"},"content":{"rendered":"<p data-start=\"122\" data-end=\"167\">\ud83d\udd2e\ud83d\udc99 <strong data-start=\"127\" data-end=\"165\">\u201eDu kommst zur\u00fcck. Wir wissen es.\u201c<\/strong><\/p>\n<p data-start=\"169\" data-end=\"413\">Manche Abschiede f\u00fchlen sich einfach nicht endg\u00fcltig an.<br data-start=\"225\" data-end=\"228\" \/>Diese humorvolle und zugleich emotionale digitale Abschiedskarte bringt genau dieses Gef\u00fchl auf den Punkt \u2013 mit einer magischen Glaskugel, liebevollen Details und einem Augenzwinkern.<\/p>\n<p data-start=\"415\" data-end=\"536\">Perfekt f\u00fcr Kolleg:innen, Mitarbeitende oder Freund:innen, die das Team verlassen, aber garantiert unvergessen bleiben.<\/p>\n<p data-start=\"538\" data-end=\"767\">Mit Ocardoo kann die Karte ganz einfach gemeinsam online unterschrieben werden. Kolleg:innen, Freund:innen oder Familie k\u00f6nnen pers\u00f6nliche Nachrichten hinzuf\u00fcgen und gemeinsam eine besondere digitale Gruppengru\u00dfkarte gestalten.<\/p>\n<p data-start=\"769\" data-end=\"810\">\u2728 Humorvoll. Pers\u00f6nlich. Unvergesslich.<\/p>\n<h3 data-section-id=\"iu67s7\" data-start=\"812\" data-end=\"835\">Ideal geeignet f\u00fcr:<\/h3>\n<ul data-start=\"836\" data-end=\"1018\">\n<li data-section-id=\"10xqu9e\" data-start=\"836\" data-end=\"865\">Abschied von Kolleg:innen<\/li>\n<li data-section-id=\"rvouo5\" data-start=\"866\" data-end=\"892\">Jobwechsel &amp; K\u00fcndigung<\/li>\n<li data-section-id=\"14ziy03\" data-start=\"893\" data-end=\"910\">Teamabschiede<\/li>\n<li data-section-id=\"5tcoym\" data-start=\"911\" data-end=\"941\">humorvolle Abschiedskarten<\/li>\n<li data-section-id=\"17od9t0\" data-start=\"942\" data-end=\"972\">digitale Gruppengru\u00dfkarten<\/li>\n<li data-section-id=\"iriakc\" data-start=\"973\" data-end=\"993\">Abschied im B\u00fcro<\/li>\n<li data-section-id=\"1lah6a8\" data-start=\"994\" data-end=\"1018\">Mitarbeiterabschiede<\/li>\n<\/ul>\n<h3 data-section-id=\"1q76ysb\" data-start=\"1020\" data-end=\"1056\">Das macht diese Karte besonders:<\/h3>\n<p data-start=\"1057\" data-end=\"1303\">\u2714 kreatives Glaskugel-Design<br data-start=\"1085\" data-end=\"1088\" \/>\u2714 lustiger Abschiedsspruch<br data-start=\"1114\" data-end=\"1117\" \/>\u2714 gemeinsam online unterschreiben<br data-start=\"1150\" data-end=\"1153\" \/>\u2714 perfekt f\u00fcr Teams &amp; Kolleg:innen<br data-start=\"1187\" data-end=\"1190\" \/>\u2714 pers\u00f6nliche Nachrichten hinzuf\u00fcgen<br data-start=\"1226\" data-end=\"1229\" \/>\u2714 digitale Zustellung oder PDF-Download<br data-start=\"1268\" data-end=\"1271\" \/>\u2714 modern &amp; emotional gestaltet<\/p>\n<h3 data-section-id=\"dcjemz\" data-start=\"1305\" data-end=\"1331\">Beliebte Suchbegriffe:<\/h3>\n<p data-start=\"1332\" data-end=\"1581\">digitale Abschiedskarte, lustige Abschiedskarte Kollegin, Abschied Kollege, Teamkarte online unterschreiben, Gruppengru\u00dfkarte, virtuelle Abschiedskarte, Mitarbeiter Abschied, Danke f\u00fcr die gemeinsame Zeit, Ocardoo Abschiedskarte, lustige Teamkarte<\/p>\n<h2 data-section-id=\"1s50r8p\" data-start=\"1583\" data-end=\"1604\">So funktioniert\u2019s:<\/h2>\n<ol data-start=\"1605\" data-end=\"1819\">\n<li data-section-id=\"5vuuvc\" data-start=\"1605\" data-end=\"1625\">Karte ausw\u00e4hlen<\/li>\n<li data-section-id=\"a709vx\" data-start=\"1626\" data-end=\"1686\">Link mit Kolleg:innen, Freund:innen oder Familie teilen<\/li>\n<li data-section-id=\"1dhgoo4\" data-start=\"1687\" data-end=\"1758\">Gemeinsam online unterschreiben und pers\u00f6nliche W\u00fcnsche hinzuf\u00fcgen<\/li>\n<li data-section-id=\"o3iqon\" data-start=\"1759\" data-end=\"1819\">Fertige digitale Gru\u00dfkarte versenden oder herunterladen<\/li>\n<\/ol>\n<p data-start=\"1821\" data-end=\"1886\" data-is-last-node=\"\" data-is-only-node=\"\">\ud83d\udc9a <strong data-start=\"1824\" data-end=\"1886\" data-is-last-node=\"\">Ocardoo \u2013 pers\u00f6nliche digitale Gruppengru\u00dfkarten mit Herz.<\/strong><\/p>","protected":false},"excerpt":{"rendered":"<p>\ud83d\udd2e\ud83d\udc99 \u201eDu kommst zur\u00fcck. Wir wissen es.\u201c Manche Abschiede f\u00fchlen sich einfach nicht endg\u00fcltig an.Diese humorvolle und zugleich emotionale digitale Abschiedskarte bringt genau dieses Gef\u00fchl auf den Punkt \u2013 mit [&hellip;]<\/p>","protected":false},"author":20,"featured_media":20355,"comment_status":"open","ping_status":"closed","template":"","meta":{"_acf_changed":false,"inline_featured_image":false,"footnotes":""},"product_cat":[85,84],"product_tag":[279,395,559,542,354,540,543,541],"class_list":["post-21223","product","type-product","status-publish","has-post-thumbnail","hentry","product_cat-abschied-verlaesst-unternehmen","product_cat-anlaesse","product_tag-abschied","product_tag-abschiedskarte","product_tag-glaskugel","product_tag-jobwechsel","product_tag-kollege","product_tag-kuendigung","product_tag-neustart","product_tag-team","pa_variante-basic","pa_variante-premium"],"acf":[],"_links":{"self":[{"href":"https:\/\/ocardoo.com\/en\/wp-json\/wp\/v2\/product\/21223","targetHints":{"allow":["GET"]}}],"collection":[{"href":"https:\/\/ocardoo.com\/en\/wp-json\/wp\/v2\/product"}],"about":[{"href":"https:\/\/ocardoo.com\/en\/wp-json\/wp\/v2\/types\/product"}],"author":[{"embeddable":true,"href":"https:\/\/ocardoo.com\/en\/wp-json\/wp\/v2\/users\/20"}],"replies":[{"embeddable":true,"href":"https:\/\/ocardoo.com\/en\/wp-json\/wp\/v2\/comments?post=21223"}],"version-history":[{"count":2,"href":"https:\/\/ocardoo.com\/en\/wp-json\/wp\/v2\/product\/21223\/revisions"}],"predecessor-version":[{"id":21227,"href":"https:\/\/ocardoo.com\/en\/wp-json\/wp\/v2\/product\/21223\/revisions\/21227"}],"wp:featuredmedia":[{"embeddable":true,"href":"https:\/\/ocardoo.com\/en\/wp-json\/wp\/v2\/media\/20355"}],"wp:attachment":[{"href":"https:\/\/ocardoo.com\/en\/wp-json\/wp\/v2\/media?parent=21223"}],"wp:term":[{"taxonomy":"product_cat","embeddable":true,"href":"https:\/\/ocardoo.com\/en\/wp-json\/wp\/v2\/product_cat?post=21223"},{"taxonomy":"product_tag","embeddable":true,"href":"https:\/\/ocardoo.com\/en\/wp-json\/wp\/v2\/product_tag?post=21223"}],"curies":[{"name":"wp","href":"https:\/\/api.w.org\/{rel}","templated":true}]}}