{"id":21260,"date":"2026-05-06T19:24:16","date_gmt":"2026-05-06T17:24:16","guid":{"rendered":"https:\/\/ocardoo.com\/?post_type=product&#038;p=21260"},"modified":"2026-05-06T19:25:40","modified_gmt":"2026-05-06T17:25:40","slug":"31211","status":"publish","type":"product","link":"https:\/\/ocardoo.com\/en\/product\/31211\/","title":{"rendered":"Du warst nicht irgendwer \u2013 Coole digitale Abschiedskarte f\u00fcr Kolleg:innen &#038; Teams"},"content":{"rendered":"<div class=\"flex max-w-full flex-col gap-4 grow\">\n<div class=\"min-h-8 text-message relative flex w-full flex-col items-end gap-2 text-start break-words whitespace-normal outline-none keyboard-focused:focus-ring [.text-message+&amp;]:mt-1\" dir=\"auto\" tabindex=\"0\" data-message-author-role=\"assistant\" data-message-id=\"cbc6562e-20b0-45bc-a003-9d0599f7aeba\" data-message-model-slug=\"gpt-5-5\" data-turn-start-message=\"true\">\n<div class=\"flex w-full flex-col gap-1 empty:hidden\">\n<div class=\"markdown prose dark:prose-invert w-full wrap-break-word light markdown-new-styling\">\n<p data-start=\"128\" data-end=\"173\">\ud83d\udc99\u26a1 \u201eDu warst nicht irgendwer. Du warst wir.\u201c<\/p>\n<p data-start=\"175\" data-end=\"391\">Eine moderne und emotionale digitale Abschiedskarte mit coolem Typografie-Design und ehrlicher Botschaft.<br \/>\nPerfekt f\u00fcr Kolleg:innen, Mitarbeitende oder Freund:innen, die das Team verlassen und definitiv fehlen werden.<\/p>\n<p data-start=\"393\" data-end=\"580\">Das stylische Design mit kr\u00e4ftigen Farben, handgezeichneten Elementen und urbanem Look verbindet Wertsch\u00e4tzung, Emotion und Pers\u00f6nlichkeit \u2013 ideal f\u00fcr einen unvergesslichen Abschiedsgru\u00df.<\/p>\n<p data-start=\"582\" data-end=\"729\">Mit Ocardoo k\u00f6nnen mehrere Personen gemeinsam online unterschreiben und pers\u00f6nliche Nachrichten hinzuf\u00fcgen \u2013 einfach per Link und komplett digital.<\/p>\n<p data-start=\"731\" data-end=\"763\">\u2728 Modern. Emotional. Pers\u00f6nlich.<\/p>\n<p data-start=\"765\" data-end=\"950\">Ideal geeignet f\u00fcr:<br \/>\nAbschied von Kolleg:innen<br data-start=\"810\" data-end=\"813\" \/>Jobwechsel &amp; K\u00fcndigung<br data-start=\"835\" data-end=\"838\" \/>Teamabschiede<br data-start=\"851\" data-end=\"854\" \/>digitale Gruppengru\u00dfkarten<br data-start=\"880\" data-end=\"883\" \/>coole Abschiedskarten<br data-start=\"904\" data-end=\"907\" \/>Abschied im B\u00fcro<br data-start=\"923\" data-end=\"926\" \/>pers\u00f6nliche Teamkarten<\/p>\n<p data-start=\"952\" data-end=\"986\"><strong data-start=\"952\" data-end=\"984\">Besonderheiten dieser Karte:<\/strong><\/p>\n<p data-start=\"988\" data-end=\"1205\">\u2714 modernes urbanes Design<br data-start=\"1013\" data-end=\"1016\" \/>\u2714 emotionale &amp; ehrliche Botschaft<br data-start=\"1049\" data-end=\"1052\" \/>\u2714 gemeinsam online unterschreiben<br data-start=\"1085\" data-end=\"1088\" \/>\u2714 pers\u00f6nliche Nachrichten hinzuf\u00fcgen<br data-start=\"1124\" data-end=\"1127\" \/>\u2714 digitale Zustellung oder PDF-Download<br data-start=\"1166\" data-end=\"1169\" \/>\u2714 perfekt f\u00fcr Teams &amp; Kolleg:innen<\/p>\n<p data-start=\"1207\" data-end=\"1235\"><strong data-start=\"1207\" data-end=\"1233\">Beliebte Suchbegriffe:<\/strong><\/p>\n<p data-start=\"1237\" data-end=\"1499\">digitale Abschiedskarte, Abschied Kollegin, Abschied Kollege, Teamkarte online unterschreiben, Gruppengru\u00dfkarte, virtuelle Abschiedskarte, Mitarbeiter Abschied, moderne Abschiedskarte, coole Abschiedskarte B\u00fcro, Danke f\u00fcr die gemeinsame Zeit, Ocardoo Gru\u00dfkarte<\/p>\n<p data-start=\"1501\" data-end=\"1730\"><strong data-start=\"1501\" data-end=\"1523\">So funktioniert\u2019s:<\/strong><br data-start=\"1523\" data-end=\"1526\" \/>Karte ausw\u00e4hlen<br data-start=\"1541\" data-end=\"1544\" \/>Link mit Kolleg:innen, Freund:innen oder Familie teilen<br data-start=\"1599\" data-end=\"1602\" \/>Gemeinsam online unterschreiben und pers\u00f6nliche W\u00fcnsche hinterlassen<br data-start=\"1670\" data-end=\"1673\" \/>Fertige digitale Gru\u00dfkarte versenden oder herunterladen<\/p>\n<p data-start=\"1732\" data-end=\"1793\" data-is-last-node=\"\" data-is-only-node=\"\">\ud83d\udc99 Ocardoo \u2013 pers\u00f6nliche digitale Gruppengru\u00dfkarten mit Herz.<\/p>\n<\/div>\n<\/div>\n<\/div>\n<\/div>","protected":false},"excerpt":{"rendered":"<p>\ud83d\udc99\u26a1 \u201eDu warst nicht irgendwer. Du warst wir.\u201c Eine moderne und emotionale digitale Abschiedskarte mit coolem Typografie-Design und ehrlicher Botschaft. Perfekt f\u00fcr Kolleg:innen, Mitarbeitende oder Freund:innen, die das Team verlassen [&hellip;]<\/p>","protected":false},"author":20,"featured_media":20361,"comment_status":"open","ping_status":"closed","template":"","meta":{"_acf_changed":false,"inline_featured_image":false,"footnotes":""},"product_cat":[85,84],"product_tag":[279,395,542,354,540,543,541],"class_list":["post-21260","product","type-product","status-publish","has-post-thumbnail","hentry","product_cat-abschied-verlaesst-unternehmen","product_cat-anlaesse","product_tag-abschied","product_tag-abschiedskarte","product_tag-jobwechsel","product_tag-kollege","product_tag-kuendigung","product_tag-neustart","product_tag-team","pa_variante-basic","pa_variante-premium"],"acf":[],"_links":{"self":[{"href":"https:\/\/ocardoo.com\/en\/wp-json\/wp\/v2\/product\/21260","targetHints":{"allow":["GET"]}}],"collection":[{"href":"https:\/\/ocardoo.com\/en\/wp-json\/wp\/v2\/product"}],"about":[{"href":"https:\/\/ocardoo.com\/en\/wp-json\/wp\/v2\/types\/product"}],"author":[{"embeddable":true,"href":"https:\/\/ocardoo.com\/en\/wp-json\/wp\/v2\/users\/20"}],"replies":[{"embeddable":true,"href":"https:\/\/ocardoo.com\/en\/wp-json\/wp\/v2\/comments?post=21260"}],"version-history":[{"count":3,"href":"https:\/\/ocardoo.com\/en\/wp-json\/wp\/v2\/product\/21260\/revisions"}],"predecessor-version":[{"id":21265,"href":"https:\/\/ocardoo.com\/en\/wp-json\/wp\/v2\/product\/21260\/revisions\/21265"}],"wp:featuredmedia":[{"embeddable":true,"href":"https:\/\/ocardoo.com\/en\/wp-json\/wp\/v2\/media\/20361"}],"wp:attachment":[{"href":"https:\/\/ocardoo.com\/en\/wp-json\/wp\/v2\/media?parent=21260"}],"wp:term":[{"taxonomy":"product_cat","embeddable":true,"href":"https:\/\/ocardoo.com\/en\/wp-json\/wp\/v2\/product_cat?post=21260"},{"taxonomy":"product_tag","embeddable":true,"href":"https:\/\/ocardoo.com\/en\/wp-json\/wp\/v2\/product_tag?post=21260"}],"curies":[{"name":"wp","href":"https:\/\/api.w.org\/{rel}","templated":true}]}}