{"id":21266,"date":"2026-05-06T19:27:12","date_gmt":"2026-05-06T17:27:12","guid":{"rendered":"https:\/\/ocardoo.com\/?post_type=product&#038;p=21266"},"modified":"2026-05-06T19:28:59","modified_gmt":"2026-05-06T17:28:59","slug":"31213","status":"publish","type":"product","link":"https:\/\/ocardoo.com\/en\/product\/31213\/","title":{"rendered":"Neuer Job, neues Gl\u00fcck \u2013 Lustige digitale Abschiedskarte f\u00fcr Kolleg:innen"},"content":{"rendered":"<div class=\"flex max-w-full flex-col gap-4 grow\">\n<div class=\"min-h-8 text-message relative flex w-full flex-col items-end gap-2 text-start break-words whitespace-normal outline-none keyboard-focused:focus-ring [.text-message+&amp;]:mt-1\" dir=\"auto\" tabindex=\"0\" data-message-author-role=\"assistant\" data-message-id=\"cbc6562e-20b0-45bc-a003-9d0599f7aeba\" data-message-model-slug=\"gpt-5-5\" data-turn-start-message=\"true\">\n<div class=\"flex w-full flex-col gap-1 empty:hidden\">\n<div class=\"markdown prose dark:prose-invert w-full wrap-break-word light markdown-new-styling\">\n<div class=\"flex max-w-full flex-col gap-4 grow\">\n<div class=\"min-h-8 text-message relative flex w-full flex-col items-end gap-2 text-start break-words whitespace-normal outline-none keyboard-focused:focus-ring [.text-message+&amp;]:mt-1\" dir=\"auto\" tabindex=\"0\" data-message-author-role=\"assistant\" data-message-id=\"68565144-d94e-4537-a703-6ee4de77d182\" data-message-model-slug=\"gpt-5-5\" data-turn-start-message=\"true\">\n<div class=\"flex w-full flex-col gap-1 empty:hidden\">\n<div class=\"markdown prose dark:prose-invert w-full wrap-break-word light markdown-new-styling\">\n<p data-start=\"120\" data-end=\"175\">\ud83d\udc9a\u2728 \u201eNeuer Job. Neues Gl\u00fcck. F\u00fcr dich. F\u00fcr uns? L\u00fccke.\u201c<\/p>\n<p data-start=\"177\" data-end=\"340\">Eine humorvolle und gleichzeitig emotionale digitale Abschiedskarte f\u00fcr Kolleg:innen, Mitarbeitende oder Freund:innen, die einen neuen beruflichen Weg einschlagen.<\/p>\n<p data-start=\"342\" data-end=\"607\">Das moderne handgezeichnete Design kombiniert Witz, Wertsch\u00e4tzung und pers\u00f6nliche Emotionen \u2013 perfekt f\u00fcr einen liebevollen Abschiedsgru\u00df mit Augenzwinkern.<br \/>\nIdeal f\u00fcr Teams, die gemeinsam Tsch\u00fcss sagen m\u00f6chten, ohne dabei auf Pers\u00f6nlichkeit und Humor zu verzichten.<\/p>\n<p data-start=\"609\" data-end=\"756\">Mit Ocardoo k\u00f6nnen mehrere Personen gemeinsam online unterschreiben und pers\u00f6nliche Nachrichten hinzuf\u00fcgen \u2013 einfach per Link und komplett digital.<\/p>\n<p data-start=\"758\" data-end=\"826\">\u2728 Modern. Emotional. Pers\u00f6nlich.<br data-start=\"790\" data-end=\"793\" \/><strong data-start=\"793\" data-end=\"826\">PERS\u00d6NLICH GEHT AUCH DIGITAL.<\/strong><\/p>\n<p data-start=\"828\" data-end=\"1015\">Ideal geeignet f\u00fcr:<br \/>\nAbschied von Kolleg:innen<br data-start=\"873\" data-end=\"876\" \/>Jobwechsel &amp; K\u00fcndigung<br data-start=\"898\" data-end=\"901\" \/>Teamabschiede<br data-start=\"914\" data-end=\"917\" \/>digitale Gruppengru\u00dfkarten<br data-start=\"943\" data-end=\"946\" \/>lustige Abschiedskarten<br data-start=\"969\" data-end=\"972\" \/>Abschied im B\u00fcro<br data-start=\"988\" data-end=\"991\" \/>pers\u00f6nliche Teamkarten<\/p>\n<p data-start=\"1017\" data-end=\"1051\"><strong data-start=\"1017\" data-end=\"1049\">Besonderheiten dieser Karte:<\/strong><\/p>\n<p data-start=\"1053\" data-end=\"1281\">\u2714 modernes handgezeichnetes Design<br data-start=\"1087\" data-end=\"1090\" \/>\u2714 humorvolle &amp; emotionale Botschaft<br data-start=\"1125\" data-end=\"1128\" \/>\u2714 gemeinsam online unterschreiben<br data-start=\"1161\" data-end=\"1164\" \/>\u2714 pers\u00f6nliche Nachrichten hinzuf\u00fcgen<br data-start=\"1200\" data-end=\"1203\" \/>\u2714 digitale Zustellung oder PDF-Download<br data-start=\"1242\" data-end=\"1245\" \/>\u2714 perfekt f\u00fcr Teams &amp; Kolleg:innen<\/p>\n<p data-start=\"1283\" data-end=\"1311\"><strong data-start=\"1283\" data-end=\"1309\">Beliebte Suchbegriffe:<\/strong><\/p>\n<p data-start=\"1313\" data-end=\"1570\">digitale Abschiedskarte, Abschied Kollegin, Abschied Kollege, neuer Job Karte, Teamkarte online unterschreiben, Gruppengru\u00dfkarte, virtuelle Abschiedskarte, Mitarbeiter Abschied, lustige Abschiedskarte B\u00fcro, Danke f\u00fcr die gemeinsame Zeit, Ocardoo Gru\u00dfkarte<\/p>\n<p data-start=\"1572\" data-end=\"1801\"><strong data-start=\"1572\" data-end=\"1594\">So funktioniert\u2019s:<\/strong><br data-start=\"1594\" data-end=\"1597\" \/>Karte ausw\u00e4hlen<br data-start=\"1612\" data-end=\"1615\" \/>Link mit Kolleg:innen, Freund:innen oder Familie teilen<br data-start=\"1670\" data-end=\"1673\" \/>Gemeinsam online unterschreiben und pers\u00f6nliche W\u00fcnsche hinterlassen<br data-start=\"1741\" data-end=\"1744\" \/>Fertige digitale Gru\u00dfkarte versenden oder herunterladen<\/p>\n<p data-start=\"1803\" data-end=\"1864\" data-is-last-node=\"\" data-is-only-node=\"\">\ud83d\udc9a Ocardoo \u2013 pers\u00f6nliche digitale Gruppengru\u00dfkarten mit Herz.<\/p>\n<\/div>\n<\/div>\n<\/div>\n<\/div>\n<\/div>\n<\/div>\n<\/div>\n<\/div>","protected":false},"excerpt":{"rendered":"<p>\ud83d\udc9a\u2728 \u201eNeuer Job. Neues Gl\u00fcck. F\u00fcr dich. F\u00fcr uns? L\u00fccke.\u201c Eine humorvolle und gleichzeitig emotionale digitale Abschiedskarte f\u00fcr Kolleg:innen, Mitarbeitende oder Freund:innen, die einen neuen beruflichen Weg einschlagen. Das moderne [&hellip;]<\/p>","protected":false},"author":20,"featured_media":20363,"comment_status":"open","ping_status":"closed","template":"","meta":{"_acf_changed":false,"inline_featured_image":false,"footnotes":""},"product_cat":[85,84],"product_tag":[279,395,256,542,354,540,543,541],"class_list":["post-21266","product","type-product","status-publish","has-post-thumbnail","hentry","product_cat-abschied-verlaesst-unternehmen","product_cat-anlaesse","product_tag-abschied","product_tag-abschiedskarte","product_tag-glueck","product_tag-jobwechsel","product_tag-kollege","product_tag-kuendigung","product_tag-neustart","product_tag-team","pa_variante-basic","pa_variante-premium"],"acf":[],"_links":{"self":[{"href":"https:\/\/ocardoo.com\/en\/wp-json\/wp\/v2\/product\/21266","targetHints":{"allow":["GET"]}}],"collection":[{"href":"https:\/\/ocardoo.com\/en\/wp-json\/wp\/v2\/product"}],"about":[{"href":"https:\/\/ocardoo.com\/en\/wp-json\/wp\/v2\/types\/product"}],"author":[{"embeddable":true,"href":"https:\/\/ocardoo.com\/en\/wp-json\/wp\/v2\/users\/20"}],"replies":[{"embeddable":true,"href":"https:\/\/ocardoo.com\/en\/wp-json\/wp\/v2\/comments?post=21266"}],"version-history":[{"count":3,"href":"https:\/\/ocardoo.com\/en\/wp-json\/wp\/v2\/product\/21266\/revisions"}],"predecessor-version":[{"id":21271,"href":"https:\/\/ocardoo.com\/en\/wp-json\/wp\/v2\/product\/21266\/revisions\/21271"}],"wp:featuredmedia":[{"embeddable":true,"href":"https:\/\/ocardoo.com\/en\/wp-json\/wp\/v2\/media\/20363"}],"wp:attachment":[{"href":"https:\/\/ocardoo.com\/en\/wp-json\/wp\/v2\/media?parent=21266"}],"wp:term":[{"taxonomy":"product_cat","embeddable":true,"href":"https:\/\/ocardoo.com\/en\/wp-json\/wp\/v2\/product_cat?post=21266"},{"taxonomy":"product_tag","embeddable":true,"href":"https:\/\/ocardoo.com\/en\/wp-json\/wp\/v2\/product_tag?post=21266"}],"curies":[{"name":"wp","href":"https:\/\/api.w.org\/{rel}","templated":true}]}}