{"id":21277,"date":"2026-05-06T20:30:38","date_gmt":"2026-05-06T18:30:38","guid":{"rendered":"https:\/\/ocardoo.com\/?post_type=product&#038;p=21277"},"modified":"2026-05-06T20:41:15","modified_gmt":"2026-05-06T18:41:15","slug":"31217","status":"publish","type":"product","link":"https:\/\/ocardoo.com\/en\/product\/31217\/","title":{"rendered":"Wir verlieren: Einen tollen Kollegen \u2013 Emotionale digitale Abschiedskarte f\u00fcrs Team"},"content":{"rendered":"<div class=\"flex max-w-full flex-col gap-4 grow\">\n<div class=\"min-h-8 text-message relative flex w-full flex-col items-end gap-2 text-start break-words whitespace-normal outline-none keyboard-focused:focus-ring [.text-message+&amp;]:mt-1\" dir=\"auto\" tabindex=\"0\" data-message-author-role=\"assistant\" data-message-id=\"cbc6562e-20b0-45bc-a003-9d0599f7aeba\" data-message-model-slug=\"gpt-5-5\" data-turn-start-message=\"true\">\n<div class=\"flex w-full flex-col gap-1 empty:hidden\">\n<div class=\"markdown prose dark:prose-invert w-full wrap-break-word light markdown-new-styling\">\n<p data-start=\"130\" data-end=\"219\">\ud83d\udc9a\u2728 \u201eWir verlieren: einen tollen Kollegen, Motivationsbooster, Kaffeepartner und Freund.\u201c<\/p>\n<p data-start=\"221\" data-end=\"381\">Eine moderne und emotionale digitale Abschiedskarte f\u00fcr Kolleg:innen, Mitarbeitende oder Freund:innen, die das Team verlassen und eine echte L\u00fccke hinterlassen.<\/p>\n<p data-start=\"383\" data-end=\"606\">Das stilvolle Design kombiniert Wertsch\u00e4tzung, Dankbarkeit und Humor \u2013 perfekt f\u00fcr einen pers\u00f6nlichen Teamabschied mit Herz.<br data-start=\"507\" data-end=\"510\" \/>Ideal, um gemeinsam als Gruppe Danke zu sagen und die gemeinsame Zeit in Erinnerung zu behalten.<\/p>\n<p data-start=\"608\" data-end=\"760\">Mit Ocardoo k\u00f6nnen mehrere Personen gemeinsam online unterschreiben und pers\u00f6nliche Nachrichten hinzuf\u00fcgen \u2013 ganz einfach per Link und komplett digital.<\/p>\n<p data-start=\"762\" data-end=\"829\">\u2728 Pers\u00f6nlich. Emotional. Modern.<br data-start=\"794\" data-end=\"797\" \/>\ud83d\udc9a PERS\u00d6NLICH GEHT AUCH DIGITAL.<\/p>\n<p data-start=\"831\" data-end=\"850\">Ideal geeignet f\u00fcr:<\/p>\n<ul data-start=\"851\" data-end=\"1056\">\n<li data-section-id=\"g9wl6a\" data-start=\"851\" data-end=\"878\">Abschied von Kolleg:innen<\/li>\n<li data-section-id=\"pvoh50\" data-start=\"879\" data-end=\"903\">Jobwechsel &amp; neuer Job<\/li>\n<li data-section-id=\"geqh0j\" data-start=\"904\" data-end=\"919\">Teamabschiede<\/li>\n<li data-section-id=\"1gm1alg\" data-start=\"920\" data-end=\"948\">digitale Gruppengru\u00dfkarten<\/li>\n<li data-section-id=\"e516s5\" data-start=\"949\" data-end=\"971\">Mitarbeiter Abschied<\/li>\n<li data-section-id=\"18ctrq0\" data-start=\"972\" data-end=\"1003\">Danke f\u00fcr die gemeinsame Zeit<\/li>\n<li data-section-id=\"himu88\" data-start=\"1004\" data-end=\"1033\">pers\u00f6nliche Abschiedskarten<\/li>\n<li data-section-id=\"1tfvfge\" data-start=\"1034\" data-end=\"1056\">virtuelle Teamkarten<\/li>\n<\/ul>\n<p data-start=\"1058\" data-end=\"1092\"><strong data-start=\"1058\" data-end=\"1090\">Besonderheiten dieser Karte:<\/strong><\/p>\n<p data-start=\"1094\" data-end=\"1333\">\u2714 modernes minimalistisches Design<br data-start=\"1128\" data-end=\"1131\" \/>\u2714 emotionale &amp; wertsch\u00e4tzende Botschaft<br data-start=\"1170\" data-end=\"1173\" \/>\u2714 gemeinsam online unterschreiben<br data-start=\"1206\" data-end=\"1209\" \/>\u2714 pers\u00f6nliche Nachrichten hinzuf\u00fcgen<br data-start=\"1245\" data-end=\"1248\" \/>\u2714 digitale Zustellung oder PDF-Download<br data-start=\"1287\" data-end=\"1290\" \/>\u2714 perfekt f\u00fcr Teams, B\u00fcros &amp; Kolleg:innen<\/p>\n<p data-start=\"1335\" data-end=\"1363\"><strong data-start=\"1335\" data-end=\"1361\">Beliebte Suchbegriffe:<\/strong><\/p>\n<p data-start=\"1365\" data-end=\"1601\">digitale Abschiedskarte, Abschied Kollege, Abschied Kollegin, Teamkarte online unterschreiben, Gruppengru\u00dfkarte, virtuelle Abschiedskarte, Mitarbeiter Abschied, Abschied Team, Danke Kollege, neue Herausforderung Karte, Ocardoo Gru\u00dfkarte<\/p>\n<p data-start=\"1603\" data-end=\"1627\"><strong data-start=\"1603\" data-end=\"1625\">So funktioniert\u2019s:<\/strong><\/p>\n<ol data-start=\"1628\" data-end=\"1844\">\n<li data-section-id=\"5vuuvc\" data-start=\"1628\" data-end=\"1648\">Karte ausw\u00e4hlen<\/li>\n<li data-section-id=\"a709vx\" data-start=\"1649\" data-end=\"1709\">Link mit Kolleg:innen, Freund:innen oder Familie teilen<\/li>\n<li data-section-id=\"afulzs\" data-start=\"1710\" data-end=\"1783\">Gemeinsam online unterschreiben und pers\u00f6nliche W\u00fcnsche hinterlassen<\/li>\n<li data-section-id=\"o3iqon\" data-start=\"1784\" data-end=\"1844\">Fertige digitale Gru\u00dfkarte versenden oder herunterladen<\/li>\n<\/ol>\n<p data-start=\"1846\" data-end=\"1907\" data-is-last-node=\"\" data-is-only-node=\"\">\ud83d\udc9a Ocardoo \u2013 pers\u00f6nliche digitale Gruppengru\u00dfkarten mit Herz.<\/p>\n<\/div>\n<\/div>\n<\/div>\n<\/div>","protected":false},"excerpt":{"rendered":"<p>\ud83d\udc9a\u2728 \u201eWir verlieren: einen tollen Kollegen, Motivationsbooster, Kaffeepartner und Freund.\u201c Eine moderne und emotionale digitale Abschiedskarte f\u00fcr Kolleg:innen, Mitarbeitende oder Freund:innen, die das Team verlassen und eine echte L\u00fccke hinterlassen. [&hellip;]<\/p>","protected":false},"author":20,"featured_media":20367,"comment_status":"open","ping_status":"closed","template":"","meta":{"_acf_changed":false,"inline_featured_image":false,"footnotes":""},"product_cat":[85,84],"product_tag":[279,395,542,354,540,543,541],"class_list":["post-21277","product","type-product","status-publish","has-post-thumbnail","hentry","product_cat-abschied-verlaesst-unternehmen","product_cat-anlaesse","product_tag-abschied","product_tag-abschiedskarte","product_tag-jobwechsel","product_tag-kollege","product_tag-kuendigung","product_tag-neustart","product_tag-team","pa_variante-basic","pa_variante-premium"],"acf":[],"_links":{"self":[{"href":"https:\/\/ocardoo.com\/en\/wp-json\/wp\/v2\/product\/21277","targetHints":{"allow":["GET"]}}],"collection":[{"href":"https:\/\/ocardoo.com\/en\/wp-json\/wp\/v2\/product"}],"about":[{"href":"https:\/\/ocardoo.com\/en\/wp-json\/wp\/v2\/types\/product"}],"author":[{"embeddable":true,"href":"https:\/\/ocardoo.com\/en\/wp-json\/wp\/v2\/users\/20"}],"replies":[{"embeddable":true,"href":"https:\/\/ocardoo.com\/en\/wp-json\/wp\/v2\/comments?post=21277"}],"version-history":[{"count":2,"href":"https:\/\/ocardoo.com\/en\/wp-json\/wp\/v2\/product\/21277\/revisions"}],"predecessor-version":[{"id":21292,"href":"https:\/\/ocardoo.com\/en\/wp-json\/wp\/v2\/product\/21277\/revisions\/21292"}],"wp:featuredmedia":[{"embeddable":true,"href":"https:\/\/ocardoo.com\/en\/wp-json\/wp\/v2\/media\/20367"}],"wp:attachment":[{"href":"https:\/\/ocardoo.com\/en\/wp-json\/wp\/v2\/media?parent=21277"}],"wp:term":[{"taxonomy":"product_cat","embeddable":true,"href":"https:\/\/ocardoo.com\/en\/wp-json\/wp\/v2\/product_cat?post=21277"},{"taxonomy":"product_tag","embeddable":true,"href":"https:\/\/ocardoo.com\/en\/wp-json\/wp\/v2\/product_tag?post=21277"}],"curies":[{"name":"wp","href":"https:\/\/api.w.org\/{rel}","templated":true}]}}